{"id":1649,"date":"2021-12-20T14:20:15","date_gmt":"2021-12-20T13:20:15","guid":{"rendered":"https:\/\/www.pasflights.com\/?page_id=1649"},"modified":"2025-06-30T16:24:24","modified_gmt":"2025-06-30T14:24:24","slug":"branding-options","status":"publish","type":"page","link":"https:\/\/www.pasflights.com\/de\/service\/branding-options\/","title":{"rendered":"Branding Optionen"},"content":{"rendered":"\t\t<div data-elementor-type=\"wp-page\" data-elementor-id=\"1649\" class=\"elementor elementor-1649\" data-elementor-post-type=\"page\">\n\t\t\t\t\t\t<section class=\"elementor-section elementor-top-section elementor-element elementor-element-2e41df7d elementor-section-boxed elementor-section-height-default elementor-section-height-default\" data-id=\"2e41df7d\" data-element_type=\"section\" data-e-type=\"section\">\n\t\t\t\t\t\t<div class=\"elementor-container elementor-column-gap-default\">\n\t\t\t\t\t<div class=\"elementor-column elementor-col-100 elementor-top-column elementor-element elementor-element-4ed58fd9\" data-id=\"4ed58fd9\" data-element_type=\"column\" data-e-type=\"column\">\n\t\t\t<div class=\"elementor-widget-wrap elementor-element-populated\">\n\t\t\t\t\t\t<div class=\"elementor-element elementor-element-41f702d6 elementor-widget elementor-widget-heading\" data-id=\"41f702d6\" data-element_type=\"widget\" data-e-type=\"widget\" data-widget_type=\"heading.default\">\n\t\t\t\t<div class=\"elementor-widget-container\">\n\t\t\t\t\t<h1 class=\"elementor-heading-title elementor-size-default\">Branding Optionen<\/h1>\t\t\t\t<\/div>\n\t\t\t\t<\/div>\n\t\t\t\t<div class=\"elementor-element elementor-element-5ceb6e24 elementor-widget elementor-widget-text-editor\" data-id=\"5ceb6e24\" data-element_type=\"widget\" data-e-type=\"widget\" data-widget_type=\"text-editor.default\">\n\t\t\t\t<div class=\"elementor-widget-container\">\n\t\t\t\t\t\t\t\t\tExklusive Reisen mit eigens gecharterten Flugzeugen dienen h\u00e4ufig dazu, Ihren Markenauftritt zu unterstreichen und eine Botschaft zu vermitteln. Durch individuelle Branding M\u00f6glichkeiten kann Ihr Logo, Ihr Reisemotto oder Ihr neues Produkt in den Fokus der Aufmerksamkeit ger\u00fcckt werden.\t\t\t\t\t\t\t\t<\/div>\n\t\t\t\t<\/div>\n\t\t\t\t\t<\/div>\n\t\t<\/div>\n\t\t\t\t\t<\/div>\n\t\t<\/section>\n\t\t\t\t<section class=\"elementor-section elementor-top-section elementor-element elementor-element-c6968e7 elementor-section-boxed elementor-section-height-default elementor-section-height-default\" data-id=\"c6968e7\" data-element_type=\"section\" data-e-type=\"section\">\n\t\t\t\t\t\t<div class=\"elementor-container elementor-column-gap-default\">\n\t\t\t\t\t<div class=\"elementor-column elementor-col-100 elementor-top-column elementor-element elementor-element-53ce352\" data-id=\"53ce352\" data-element_type=\"column\" data-e-type=\"column\">\n\t\t\t<div class=\"elementor-widget-wrap elementor-element-populated\">\n\t\t\t\t\t\t<div class=\"elementor-element elementor-element-0f5fc01 elementor-widget elementor-widget-pp-video\" data-id=\"0f5fc01\" data-element_type=\"widget\" data-e-type=\"widget\" data-widget_type=\"pp-video.default\">\n\t\t\t\t<div class=\"elementor-widget-container\">\n\t\t\t\t\t\t\t<div class=\"pp-video pp-video-type-youtube\" data-settings=\"{&quot;post_id&quot;:1649,&quot;widget_id&quot;:&quot;0f5fc01&quot;}\">\n\t\t\t\t\t<div class=\"pp-video-container\">\n\t\t\t<div class=\"pp-video-play\" data-autoplay=\"0\">\n\t\t\t\t<div class=\"pp-media-overlay pp-video-overlay\"><\/div>\t\t\t\t<div class=\"pp-video-player\" data-src=\"https:\/\/www.youtube.com\/embed\/R0In4Ewkka8?feature=oembed&amp;autoplay=1&amp;wmode=opaque&amp;start=2&amp;end=0&amp;loop=0&amp;controls=1&amp;mute=0&amp;rel=0&amp;cc_load_policy=0\">\n\t\t\t\t\t\t\t\t\t\t\t\t\t<img decoding=\"async\" class=\"pp-video-thumb\" src=\"https:\/\/i.ytimg.com\/vi\/R0In4Ewkka8\/maxresdefault.jpg\" alt=\"\">\n\t\t\t\t\t\t\t\t\t\t\t<span class=\"pp-video-play-icon pp-icon\">\n\t\t\t\t<i aria-hidden=\"true\" class=\"fas fa-play-circle\"><\/i>\t\t\t<\/span>\n\t\t\t\t\t\t\t<\/div>\n\t\t\t<\/div>\n\t\t<\/div>\n\t\t\t\t<\/div>\n\t\t\t\t\t\t<\/div>\n\t\t\t\t<\/div>\n\t\t\t\t<div class=\"elementor-element elementor-element-7312784 elementor-widget elementor-widget-spacer\" data-id=\"7312784\" data-element_type=\"widget\" data-e-type=\"widget\" data-widget_type=\"spacer.default\">\n\t\t\t\t<div class=\"elementor-widget-container\">\n\t\t\t\t\t\t\t<div class=\"elementor-spacer\">\n\t\t\t<div class=\"elementor-spacer-inner\"><\/div>\n\t\t<\/div>\n\t\t\t\t\t\t<\/div>\n\t\t\t\t<\/div>\n\t\t\t\t<div class=\"elementor-element elementor-element-a0466d5 elementor-widget elementor-widget-heading\" data-id=\"a0466d5\" data-element_type=\"widget\" data-e-type=\"widget\" data-widget_type=\"heading.default\">\n\t\t\t\t<div class=\"elementor-widget-container\">\n\t\t\t\t\t<h3 class=\"elementor-heading-title elementor-size-default\">Brandingbeispiele eines Gruppenfluges nach Finnland<\/h3>\t\t\t\t<\/div>\n\t\t\t\t<\/div>\n\t\t\t\t\t<\/div>\n\t\t<\/div>\n\t\t\t\t\t<\/div>\n\t\t<\/section>\n\t\t\t\t<section class=\"elementor-section elementor-top-section elementor-element elementor-element-52cd0545 elementor-section-boxed elementor-section-height-default elementor-section-height-default\" data-id=\"52cd0545\" data-element_type=\"section\" data-e-type=\"section\">\n\t\t\t\t\t\t<div class=\"elementor-container elementor-column-gap-default\">\n\t\t\t\t\t<div class=\"elementor-column elementor-col-100 elementor-top-column elementor-element elementor-element-6fbe4c9b\" data-id=\"6fbe4c9b\" data-element_type=\"column\" data-e-type=\"column\">\n\t\t\t<div class=\"elementor-widget-wrap elementor-element-populated\">\n\t\t\t\t\t\t<div class=\"elementor-element elementor-element-6789f570 elementor-widget elementor-widget-text-editor\" data-id=\"6789f570\" data-element_type=\"widget\" data-e-type=\"widget\" data-widget_type=\"text-editor.default\">\n\t\t\t\t<div class=\"elementor-widget-container\">\n\t\t\t\t\t\t\t\t\t<h4>Die M\u00f6glichkeiten f\u00fcr ein Branding sind zahlreich:<\/h4><ul><li>Am Flughafen: Check-In Schalter und Logoeinblendung im Bildschirm in Ihrem gew\u00fcnschten Design<\/li><li>Laufmatten mit Firmenlogo (Roter Teppich)<\/li><li>An Bord: bedruckte Kopfst\u00fctzenbez\u00fcge in Ihrem gew\u00fcnschten Design<\/li><li>Mit Logo versehene Servietten, Trinkbecher, Tablettunterlagen oder Speisekarten<\/li><li>Backwaren, Snacks oder Toilettenartikel mit Markennamen<\/li><li>Mit Veranstaltungsmotto versehene Wasserflaschen in den Sitztaschen<\/li><li>Veranstaltungsprogramm auf den Sitzen<\/li><li>Beachflags oder Aufsteller am Check-In<\/li><li>Crew und\/oder Betreuungspersonal in Firmenbekleidung, mit Kappe oder Tuch<\/li><li>Flugzeugbranding im individuellen Design \u2013 vom kleinen Sticker bis zur gro\u00dffl\u00e4chigen Lackierung<\/li><li>u.v.m<br \/><br \/><\/li><\/ul><p>Haben Sie noch Fragen oder w\u00fcnschen Sie eine ausf\u00fchrliche Beratung?<\/p><p>Die Service-Experten von <strong>PAS<\/strong>flights warten bereits auf Sie und stehen Ihnen f\u00fcr jede Frage gerne zur Verf\u00fcgung. Nehmen Sie unverbindlich <a href=\"\/de\/kontakt\">Kontakt<\/a> zu uns auf und nehmen Sie uns mit auf Ihre individuelle Reise.<\/p>\t\t\t\t\t\t\t\t<\/div>\n\t\t\t\t<\/div>\n\t\t\t\t\t<\/div>\n\t\t<\/div>\n\t\t\t\t\t<\/div>\n\t\t<\/section>\n\t\t\t\t<section class=\"elementor-section elementor-top-section elementor-element elementor-element-6699475e elementor-section-boxed elementor-section-height-default elementor-section-height-default\" data-id=\"6699475e\" data-element_type=\"section\" data-e-type=\"section\">\n\t\t\t\t\t\t<div class=\"elementor-container elementor-column-gap-default\">\n\t\t\t\t\t<div class=\"elementor-column elementor-col-100 elementor-top-column elementor-element elementor-element-1a16bf55\" data-id=\"1a16bf55\" data-element_type=\"column\" data-e-type=\"column\">\n\t\t\t<div class=\"elementor-widget-wrap elementor-element-populated\">\n\t\t\t\t\t\t<div class=\"elementor-element elementor-element-2aa28b93 elementor-widget elementor-widget-heading\" data-id=\"2aa28b93\" data-element_type=\"widget\" data-e-type=\"widget\" data-widget_type=\"heading.default\">\n\t\t\t\t<div class=\"elementor-widget-container\">\n\t\t\t\t\t<span class=\"elementor-heading-title elementor-size-default\">Kontakt<\/span>\t\t\t\t<\/div>\n\t\t\t\t<\/div>\n\t\t\t\t<div class=\"elementor-element elementor-element-121ee431 elementor-widget elementor-widget-heading\" data-id=\"121ee431\" data-element_type=\"widget\" data-e-type=\"widget\" data-widget_type=\"heading.default\">\n\t\t\t\t<div class=\"elementor-widget-container\">\n\t\t\t\t\t<h2 class=\"elementor-heading-title elementor-size-default\">Kontakt<\/h2>\t\t\t\t<\/div>\n\t\t\t\t<\/div>\n\t\t\t\t<section class=\"elementor-section elementor-inner-section elementor-element elementor-element-416d9b8a elementor-section-boxed elementor-section-height-default elementor-section-height-default\" data-id=\"416d9b8a\" data-element_type=\"section\" data-e-type=\"section\" data-settings=\"{&quot;background_background&quot;:&quot;classic&quot;}\">\n\t\t\t\t\t\t<div class=\"elementor-container elementor-column-gap-default\">\n\t\t\t\t\t<div class=\"elementor-column elementor-col-50 elementor-inner-column elementor-element elementor-element-1c98ae27\" data-id=\"1c98ae27\" data-element_type=\"column\" data-e-type=\"column\">\n\t\t\t<div class=\"elementor-widget-wrap\">\n\t\t\t\t\t\t\t<\/div>\n\t\t<\/div>\n\t\t\t\t<div class=\"elementor-column elementor-col-50 elementor-inner-column elementor-element elementor-element-2d4711c1\" data-id=\"2d4711c1\" data-element_type=\"column\" data-e-type=\"column\" data-settings=\"{&quot;background_background&quot;:&quot;classic&quot;}\">\n\t\t\t<div class=\"elementor-widget-wrap elementor-element-populated\">\n\t\t\t\t\t\t<div class=\"elementor-element elementor-element-3ee22de0 elementor-widget elementor-widget-heading\" data-id=\"3ee22de0\" data-element_type=\"widget\" data-e-type=\"widget\" data-widget_type=\"heading.default\">\n\t\t\t\t<div class=\"elementor-widget-container\">\n\t\t\t\t\t<h2 class=\"elementor-heading-title elementor-size-default\">SIE HABEN FRAGEN? WIR SIND F\u00dcR SIE DA \u2013 PER MAIL,<br \/> KONTAKTFORMULAR ODER PER TELEFON!<\/h2>\t\t\t\t<\/div>\n\t\t\t\t<\/div>\n\t\t\t\t<div class=\"elementor-element elementor-element-4f9adcce elementor-widget elementor-widget-heading\" data-id=\"4f9adcce\" data-element_type=\"widget\" data-e-type=\"widget\" data-widget_type=\"heading.default\">\n\t\t\t\t<div class=\"elementor-widget-container\">\n\t\t\t\t\t<span class=\"elementor-heading-title elementor-size-default\">24\/7 ist Ihr pers\u00f6nlicher Ansprechpartner f\u00fcr Sie da<\/span>\t\t\t\t<\/div>\n\t\t\t\t<\/div>\n\t\t\t\t<div class=\"elementor-element elementor-element-5e20a9c8 elementor-align-start elementor-widget__width-auto elementor-icon-list--layout-traditional elementor-list-item-link-full_width elementor-widget elementor-widget-icon-list\" data-id=\"5e20a9c8\" data-element_type=\"widget\" data-e-type=\"widget\" data-widget_type=\"icon-list.default\">\n\t\t\t\t<div class=\"elementor-widget-container\">\n\t\t\t\t\t\t\t<ul class=\"elementor-icon-list-items\">\n\t\t\t\t\t\t\t<li class=\"elementor-icon-list-item\">\n\t\t\t\t\t\t\t\t\t\t\t<a href=\"https:\/\/www.pasflights.com\/kontakt\/\">\n\n\t\t\t\t\t\t\t\t\t\t\t\t<span class=\"elementor-icon-list-icon\">\n\t\t\t\t\t\t\t<i aria-hidden=\"true\" class=\"fas fa-envelope\"><\/i>\t\t\t\t\t\t<\/span>\n\t\t\t\t\t\t\t\t\t\t<span class=\"elementor-icon-list-text\">info@pasflights.com<\/span>\n\t\t\t\t\t\t\t\t\t\t\t<\/a>\n\t\t\t\t\t\t\t\t\t<\/li>\n\t\t\t\t\t\t\t\t<li class=\"elementor-icon-list-item\">\n\t\t\t\t\t\t\t\t\t\t\t<a href=\"tel:+49%202204%2070606-0\">\n\n\t\t\t\t\t\t\t\t\t\t\t\t<span class=\"elementor-icon-list-icon\">\n\t\t\t\t\t\t\t<i aria-hidden=\"true\" class=\"fas fa-phone-alt\"><\/i>\t\t\t\t\t\t<\/span>\n\t\t\t\t\t\t\t\t\t\t<span class=\"elementor-icon-list-text\">+ 49 2204 70606-0<\/span>\n\t\t\t\t\t\t\t\t\t\t\t<\/a>\n\t\t\t\t\t\t\t\t\t<\/li>\n\t\t\t\t\t\t<\/ul>\n\t\t\t\t\t\t<\/div>\n\t\t\t\t<\/div>\n\t\t\t\t<div class=\"elementor-element elementor-element-fbe4cfe elementor-align-right pinkbuttonfull elementor-tablet-align-left elementor-mobile-align-justify elementor-widget elementor-widget-button\" data-id=\"fbe4cfe\" data-element_type=\"widget\" data-e-type=\"widget\" data-widget_type=\"button.default\">\n\t\t\t\t<div class=\"elementor-widget-container\">\n\t\t\t\t\t\t\t\t\t<div class=\"elementor-button-wrapper\">\n\t\t\t\t\t<a class=\"elementor-button elementor-button-link elementor-size-sm\" href=\"\/de\/kontakt\/\">\n\t\t\t\t\t\t<span class=\"elementor-button-content-wrapper\">\n\t\t\t\t\t\t\t\t\t<span class=\"elementor-button-text\">Jetzt Kontakt aufnehmen<\/span>\n\t\t\t\t\t<\/span>\n\t\t\t\t\t<\/a>\n\t\t\t\t<\/div>\n\t\t\t\t\t\t\t\t<\/div>\n\t\t\t\t<\/div>\n\t\t\t\t\t<\/div>\n\t\t<\/div>\n\t\t\t\t\t<\/div>\n\t\t<\/section>\n\t\t\t\t<div class=\"elementor-element elementor-element-26ae74e elementor-widget elementor-widget-image\" data-id=\"26ae74e\" data-element_type=\"widget\" data-e-type=\"widget\" data-widget_type=\"image.default\">\n\t\t\t\t<div class=\"elementor-widget-container\">\n\t\t\t\t\t\t\t\t\t\t\t\t\t\t\t<img decoding=\"async\" src=\"https:\/\/emtoqdv5thq.exactdn.com\/wp-content\/uploads\/elementor\/thumbs\/privatjet-buchen_kontakt-qxrhvdym9nqkermiuf0nwgmak9zveevs683zw1qemg.jpg?strip=all&w=800\" title=\"privatjet-buchen_kontakt\" alt=\"Eine Frau mit Kopfh\u00f6rern sitzt im Flugzeug, l\u00e4chelt entspannt und h\u00e4lt ein Glas, w\u00e4hrend sie aus dem Fenster schaut.\" loading=\"lazy\" \/>\t\t\t\t\t\t\t\t\t\t\t\t\t\t\t<\/div>\n\t\t\t\t<\/div>\n\t\t\t\t\t<\/div>\n\t\t<\/div>\n\t\t\t\t\t<\/div>\n\t\t<\/section>\n\t\t\t\t<\/div>\n\t\t","protected":false},"excerpt":{"rendered":"<p>Branding Optionen Exklusive Reisen mit eigens gecharterten Flugzeugen dienen h\u00e4ufig dazu, Ihren Markenauftritt zu unterstreichen und eine Botschaft zu vermitteln. Durch individuelle Branding M\u00f6glichkeiten kann Ihr Logo, Ihr Reisemotto oder Ihr neues Produkt in den Fokus der Aufmerksamkeit ger\u00fcckt werden.https:\/\/youtu.be\/R0In4Ewkka8 Brandingbeispiele eines Gruppenfluges nach Finnland Die M\u00f6glichkeiten f\u00fcr ein Branding sind zahlreich: Am Flughafen: Check-In [&hellip;]<\/p>\n","protected":false},"author":2,"featured_media":1650,"parent":1487,"menu_order":20,"comment_status":"closed","ping_status":"closed","template":"","meta":{"_acf_changed":false,"footnotes":""},"categories":[],"tags":[20],"class_list":["post-1649","page","type-page","status-publish","has-post-thumbnail","hentry","tag-service"],"acf":[],"yoast_head":"<!-- This site is optimized with the Yoast SEO plugin v27.3 - https:\/\/yoast.com\/product\/yoast-seo-wordpress\/ -->\n<title>Branding Optionen - Am Flughafen und im Flugzeug!<\/title>\n<meta name=\"description\" content=\"Wir von PASflights bieten Ihnen ausgiebige Beratung in allen Bereichen rund um Branding Options! \u2714 Weitere Informationen finden Sie hier | pasflights\" \/>\n<meta name=\"robots\" content=\"index, follow, max-snippet:-1, max-image-preview:large, max-video-preview:-1\" \/>\n<link rel=\"canonical\" href=\"https:\/\/www.pasflights.com\/de\/service\/branding-options\/\" \/>\n<meta property=\"og:locale\" content=\"de_DE\" \/>\n<meta property=\"og:type\" content=\"article\" \/>\n<meta property=\"og:title\" content=\"Branding Optionen - Am Flughafen und im Flugzeug!\" \/>\n<meta property=\"og:description\" content=\"Wir von PASflights bieten Ihnen ausgiebige Beratung in allen Bereichen rund um Branding Options! \u2714 Weitere Informationen finden Sie hier | pasflights\" \/>\n<meta property=\"og:url\" content=\"https:\/\/www.pasflights.com\/de\/service\/branding-options\/\" \/>\n<meta property=\"og:site_name\" content=\"Pasflights\" \/>\n<meta property=\"article:modified_time\" content=\"2025-06-30T14:24:24+00:00\" \/>\n<meta property=\"og:image\" content=\"https:\/\/www.pasflights.com\/wp-content\/uploads\/2021\/12\/branding-optionen-banner-scaled.jpg\" \/>\n\t<meta property=\"og:image:width\" content=\"2560\" \/>\n\t<meta property=\"og:image:height\" content=\"877\" \/>\n\t<meta property=\"og:image:type\" content=\"image\/jpeg\" \/>\n<meta name=\"twitter:card\" content=\"summary_large_image\" \/>\n<meta name=\"twitter:label1\" content=\"Gesch\u00e4tzte Lesezeit\" \/>\n\t<meta name=\"twitter:data1\" content=\"2\u00a0Minuten\" \/>\n<script type=\"application\/ld+json\" class=\"yoast-schema-graph\">{\"@context\":\"https:\\\/\\\/schema.org\",\"@graph\":[{\"@type\":\"WebPage\",\"@id\":\"https:\\\/\\\/www.pasflights.com\\\/de\\\/service\\\/branding-options\\\/\",\"url\":\"https:\\\/\\\/www.pasflights.com\\\/de\\\/service\\\/branding-options\\\/\",\"name\":\"Branding Optionen - Am Flughafen und im Flugzeug!\",\"isPartOf\":{\"@id\":\"https:\\\/\\\/www.pasflights.com\\\/de\\\/#website\"},\"primaryImageOfPage\":{\"@id\":\"https:\\\/\\\/www.pasflights.com\\\/de\\\/service\\\/branding-options\\\/#primaryimage\"},\"image\":{\"@id\":\"https:\\\/\\\/www.pasflights.com\\\/de\\\/service\\\/branding-options\\\/#primaryimage\"},\"thumbnailUrl\":\"https:\\\/\\\/emtoqdv5thq.exactdn.com\\\/wp-content\\\/uploads\\\/2021\\\/12\\\/branding-optionen-banner-scaled.jpg?strip=all\",\"datePublished\":\"2021-12-20T13:20:15+00:00\",\"dateModified\":\"2025-06-30T14:24:24+00:00\",\"description\":\"Wir von PASflights bieten Ihnen ausgiebige Beratung in allen Bereichen rund um Branding Options! \u2714 Weitere Informationen finden Sie hier | pasflights\",\"breadcrumb\":{\"@id\":\"https:\\\/\\\/www.pasflights.com\\\/de\\\/service\\\/branding-options\\\/#breadcrumb\"},\"inLanguage\":\"de\",\"potentialAction\":[{\"@type\":\"ReadAction\",\"target\":[\"https:\\\/\\\/www.pasflights.com\\\/de\\\/service\\\/branding-options\\\/\"]}]},{\"@type\":\"ImageObject\",\"inLanguage\":\"de\",\"@id\":\"https:\\\/\\\/www.pasflights.com\\\/de\\\/service\\\/branding-options\\\/#primaryimage\",\"url\":\"https:\\\/\\\/emtoqdv5thq.exactdn.com\\\/wp-content\\\/uploads\\\/2021\\\/12\\\/branding-optionen-banner-scaled.jpg?strip=all\",\"contentUrl\":\"https:\\\/\\\/emtoqdv5thq.exactdn.com\\\/wp-content\\\/uploads\\\/2021\\\/12\\\/branding-optionen-banner-scaled.jpg?strip=all\",\"width\":2560,\"height\":877,\"caption\":\"Ein elegant gedeckter Tisch mit Gl\u00e4sern, Besteck und Blumen in einem luxuri\u00f6sen Privatjet-Interieur mit beleuchtetem Fenster.\"},{\"@type\":\"BreadcrumbList\",\"@id\":\"https:\\\/\\\/www.pasflights.com\\\/de\\\/service\\\/branding-options\\\/#breadcrumb\",\"itemListElement\":[{\"@type\":\"ListItem\",\"position\":1,\"name\":\"Startseite\",\"item\":\"https:\\\/\\\/www.pasflights.com\\\/de\\\/\"},{\"@type\":\"ListItem\",\"position\":2,\"name\":\"Service\",\"item\":\"https:\\\/\\\/www.pasflights.com\\\/de\\\/service\\\/\"},{\"@type\":\"ListItem\",\"position\":3,\"name\":\"Branding Optionen\"}]},{\"@type\":\"WebSite\",\"@id\":\"https:\\\/\\\/www.pasflights.com\\\/de\\\/#website\",\"url\":\"https:\\\/\\\/www.pasflights.com\\\/de\\\/\",\"name\":\"Pasflights\",\"description\":\"Eine weitere WordPress-Website\",\"potentialAction\":[{\"@type\":\"SearchAction\",\"target\":{\"@type\":\"EntryPoint\",\"urlTemplate\":\"https:\\\/\\\/www.pasflights.com\\\/de\\\/?s={search_term_string}\"},\"query-input\":{\"@type\":\"PropertyValueSpecification\",\"valueRequired\":true,\"valueName\":\"search_term_string\"}}],\"inLanguage\":\"de\"}]}<\/script>\n<!-- \/ Yoast SEO plugin. -->","yoast_head_json":{"title":"Branding Optionen - Am Flughafen und im Flugzeug!","description":"Wir von PASflights bieten Ihnen ausgiebige Beratung in allen Bereichen rund um Branding Options! \u2714 Weitere Informationen finden Sie hier | pasflights","robots":{"index":"index","follow":"follow","max-snippet":"max-snippet:-1","max-image-preview":"max-image-preview:large","max-video-preview":"max-video-preview:-1"},"canonical":"https:\/\/www.pasflights.com\/de\/service\/branding-options\/","og_locale":"de_DE","og_type":"article","og_title":"Branding Optionen - Am Flughafen und im Flugzeug!","og_description":"Wir von PASflights bieten Ihnen ausgiebige Beratung in allen Bereichen rund um Branding Options! \u2714 Weitere Informationen finden Sie hier | pasflights","og_url":"https:\/\/www.pasflights.com\/de\/service\/branding-options\/","og_site_name":"Pasflights","article_modified_time":"2025-06-30T14:24:24+00:00","og_image":[{"width":2560,"height":877,"url":"https:\/\/www.pasflights.com\/wp-content\/uploads\/2021\/12\/branding-optionen-banner-scaled.jpg","type":"image\/jpeg"}],"twitter_card":"summary_large_image","twitter_misc":{"Gesch\u00e4tzte Lesezeit":"2\u00a0Minuten"},"schema":{"@context":"https:\/\/schema.org","@graph":[{"@type":"WebPage","@id":"https:\/\/www.pasflights.com\/de\/service\/branding-options\/","url":"https:\/\/www.pasflights.com\/de\/service\/branding-options\/","name":"Branding Optionen - Am Flughafen und im Flugzeug!","isPartOf":{"@id":"https:\/\/www.pasflights.com\/de\/#website"},"primaryImageOfPage":{"@id":"https:\/\/www.pasflights.com\/de\/service\/branding-options\/#primaryimage"},"image":{"@id":"https:\/\/www.pasflights.com\/de\/service\/branding-options\/#primaryimage"},"thumbnailUrl":"https:\/\/emtoqdv5thq.exactdn.com\/wp-content\/uploads\/2021\/12\/branding-optionen-banner-scaled.jpg?strip=all","datePublished":"2021-12-20T13:20:15+00:00","dateModified":"2025-06-30T14:24:24+00:00","description":"Wir von PASflights bieten Ihnen ausgiebige Beratung in allen Bereichen rund um Branding Options! \u2714 Weitere Informationen finden Sie hier | pasflights","breadcrumb":{"@id":"https:\/\/www.pasflights.com\/de\/service\/branding-options\/#breadcrumb"},"inLanguage":"de","potentialAction":[{"@type":"ReadAction","target":["https:\/\/www.pasflights.com\/de\/service\/branding-options\/"]}]},{"@type":"ImageObject","inLanguage":"de","@id":"https:\/\/www.pasflights.com\/de\/service\/branding-options\/#primaryimage","url":"https:\/\/emtoqdv5thq.exactdn.com\/wp-content\/uploads\/2021\/12\/branding-optionen-banner-scaled.jpg?strip=all","contentUrl":"https:\/\/emtoqdv5thq.exactdn.com\/wp-content\/uploads\/2021\/12\/branding-optionen-banner-scaled.jpg?strip=all","width":2560,"height":877,"caption":"Ein elegant gedeckter Tisch mit Gl\u00e4sern, Besteck und Blumen in einem luxuri\u00f6sen Privatjet-Interieur mit beleuchtetem Fenster."},{"@type":"BreadcrumbList","@id":"https:\/\/www.pasflights.com\/de\/service\/branding-options\/#breadcrumb","itemListElement":[{"@type":"ListItem","position":1,"name":"Startseite","item":"https:\/\/www.pasflights.com\/de\/"},{"@type":"ListItem","position":2,"name":"Service","item":"https:\/\/www.pasflights.com\/de\/service\/"},{"@type":"ListItem","position":3,"name":"Branding Optionen"}]},{"@type":"WebSite","@id":"https:\/\/www.pasflights.com\/de\/#website","url":"https:\/\/www.pasflights.com\/de\/","name":"Pasflights","description":"Eine weitere WordPress-Website","potentialAction":[{"@type":"SearchAction","target":{"@type":"EntryPoint","urlTemplate":"https:\/\/www.pasflights.com\/de\/?s={search_term_string}"},"query-input":{"@type":"PropertyValueSpecification","valueRequired":true,"valueName":"search_term_string"}}],"inLanguage":"de"}]}},"_links":{"self":[{"href":"https:\/\/www.pasflights.com\/de\/wp-json\/wp\/v2\/pages\/1649","targetHints":{"allow":["GET"]}}],"collection":[{"href":"https:\/\/www.pasflights.com\/de\/wp-json\/wp\/v2\/pages"}],"about":[{"href":"https:\/\/www.pasflights.com\/de\/wp-json\/wp\/v2\/types\/page"}],"author":[{"embeddable":true,"href":"https:\/\/www.pasflights.com\/de\/wp-json\/wp\/v2\/users\/2"}],"replies":[{"embeddable":true,"href":"https:\/\/www.pasflights.com\/de\/wp-json\/wp\/v2\/comments?post=1649"}],"version-history":[{"count":10,"href":"https:\/\/www.pasflights.com\/de\/wp-json\/wp\/v2\/pages\/1649\/revisions"}],"predecessor-version":[{"id":21148,"href":"https:\/\/www.pasflights.com\/de\/wp-json\/wp\/v2\/pages\/1649\/revisions\/21148"}],"up":[{"embeddable":true,"href":"https:\/\/www.pasflights.com\/de\/wp-json\/wp\/v2\/pages\/1487"}],"wp:featuredmedia":[{"embeddable":true,"href":"https:\/\/www.pasflights.com\/de\/wp-json\/wp\/v2\/media\/1650"}],"wp:attachment":[{"href":"https:\/\/www.pasflights.com\/de\/wp-json\/wp\/v2\/media?parent=1649"}],"wp:term":[{"taxonomy":"category","embeddable":true,"href":"https:\/\/www.pasflights.com\/de\/wp-json\/wp\/v2\/categories?post=1649"},{"taxonomy":"post_tag","embeddable":true,"href":"https:\/\/www.pasflights.com\/de\/wp-json\/wp\/v2\/tags?post=1649"}],"curies":[{"name":"wp","href":"https:\/\/api.w.org\/{rel}","templated":true}]}}