{"id":7240,"date":"2022-05-13T12:49:56","date_gmt":"2022-05-13T10:49:56","guid":{"rendered":"https:\/\/www.pasflights.com\/?page_id=7240"},"modified":"2026-02-11T09:49:09","modified_gmt":"2026-02-11T08:49:09","slug":"flugzeugcharter-automobilindustrie","status":"publish","type":"page","link":"https:\/\/www.pasflights.com\/de\/branche\/flugzeugcharter-automobilindustrie\/","title":{"rendered":"Flugzeugcharter Automobilindustrie"},"content":{"rendered":"\t\t<div data-elementor-type=\"wp-page\" data-elementor-id=\"7240\" class=\"elementor elementor-7240\" data-elementor-post-type=\"page\">\n\t\t\t\t\t\t<section class=\"elementor-section elementor-top-section elementor-element elementor-element-bbf7f9e elementor-section-boxed elementor-section-height-default elementor-section-height-default\" data-id=\"bbf7f9e\" data-element_type=\"section\" data-e-type=\"section\">\n\t\t\t\t\t\t<div class=\"elementor-container elementor-column-gap-default\">\n\t\t\t\t\t<div class=\"elementor-column elementor-col-100 elementor-top-column elementor-element elementor-element-769a22b\" data-id=\"769a22b\" data-element_type=\"column\" data-e-type=\"column\">\n\t\t\t<div class=\"elementor-widget-wrap elementor-element-populated\">\n\t\t\t\t\t\t<div class=\"elementor-element elementor-element-e8a9cf5 elementor-widget elementor-widget-heading\" data-id=\"e8a9cf5\" data-element_type=\"widget\" data-e-type=\"widget\" data-widget_type=\"heading.default\">\n\t\t\t\t<div class=\"elementor-widget-container\">\n\t\t\t\t\t<h1 class=\"elementor-heading-title elementor-size-default\">Flugzeugcharter Automobilindustrie<\/h1>\t\t\t\t<\/div>\n\t\t\t\t<\/div>\n\t\t\t\t\t<\/div>\n\t\t<\/div>\n\t\t\t\t\t<\/div>\n\t\t<\/section>\n\t\t\t\t<section class=\"elementor-section elementor-top-section elementor-element elementor-element-d658c0b elementor-section-boxed elementor-section-height-default elementor-section-height-default\" data-id=\"d658c0b\" data-element_type=\"section\" data-e-type=\"section\">\n\t\t\t\t\t\t<div class=\"elementor-container elementor-column-gap-default\">\n\t\t\t\t\t<div class=\"elementor-column elementor-col-100 elementor-top-column elementor-element elementor-element-f4982a4\" data-id=\"f4982a4\" data-element_type=\"column\" data-e-type=\"column\">\n\t\t\t<div class=\"elementor-widget-wrap elementor-element-populated\">\n\t\t\t\t\t\t<div class=\"elementor-element elementor-element-c27b484 elementor-widget elementor-widget-text-editor\" data-id=\"c27b484\" data-element_type=\"widget\" data-e-type=\"widget\" data-widget_type=\"text-editor.default\">\n\t\t\t\t<div class=\"elementor-widget-container\">\n\t\t\t\t\t\t\t\t\t<p>PASflights kennt die W\u00fcnsche und Anforderungen an Flugzeugcharter in der Automobilindustrie, wenn es um die weitere Logistik gro\u00dfer, kleiner oder weit entfernter Veranstaltungen geht. Wir wissen, dass Ihre Produktvorstellung bis ins kleinste Detail perfekt sein muss, um Ihre G\u00e4ste zufriedenzustellen und zu beeindrucken. PASflights ist bereits seit mehr als 15 Jahren im Bereich der Bef\u00f6rderung von Passagieren und Luftfracht erfolgreich f\u00fcr die Automobilbranche t\u00e4tig. Mit unserer langj\u00e4hrigen Expertise bez\u00fcglich Flugzeugcharter in der Automobilindustrie unterst\u00fctzen wir Sie und finden ma\u00dfgeschneiderte L\u00f6sungen.<\/p><p>Im Passagierbereich stehen Ihnen die Experten von PASflights zum einen mit Corporate Shuttles und zum anderen mit den passgenauesten L\u00f6sungen f\u00fcr Charterfl\u00fcge sowohl f\u00fcr Einzelpersonen als auch f\u00fcr kleine und gro\u00dfe Gruppen zur Seite. Unsere Flugzeugcharter f\u00fcr die Automobilindustrie sind dabei genau auf Ihre W\u00fcnsche und Bed\u00fcrfnisse zugeschnitten.<\/p><p>Im Bereich der <a href=\"https:\/\/www.pasflights.com\/luftfracht\/\">Luftfracht<\/a> bietet PASflights zusammen mit den Frachtspezialisten den Kunden aus dem Automobilsektor effiziente Transportl\u00f6sungen mit Flugzeugchartern speziell f\u00fcr die Automobilindustrie oder mit On-Board Kurieren (OBCs). Auch bei zeitkritischer Fracht k\u00f6nnen Sie auf uns vertrauen und erhalten innerhalb k\u00fcrzester Zeit das entsprechende Angebot.<\/p><p>PASflights erarbeitet die Angebote diskret und partnerschaftlich. Lassen Sie sich kompetent von unseren Flugexperten <a href=\"https:\/\/www.pasflights.com\/kontakt\/\">beraten<\/a>.<\/p><p>\u00a0<\/p>\t\t\t\t\t\t\t\t<\/div>\n\t\t\t\t<\/div>\n\t\t\t\t\t<\/div>\n\t\t<\/div>\n\t\t\t\t\t<\/div>\n\t\t<\/section>\n\t\t\t\t<section class=\"elementor-section elementor-top-section elementor-element elementor-element-2be5f7c elementor-section-boxed elementor-section-height-default elementor-section-height-default\" data-id=\"2be5f7c\" data-element_type=\"section\" data-e-type=\"section\">\n\t\t\t\t\t\t<div class=\"elementor-container elementor-column-gap-default\">\n\t\t\t\t\t<div class=\"elementor-column elementor-col-100 elementor-top-column elementor-element elementor-element-293a011\" data-id=\"293a011\" data-element_type=\"column\" data-e-type=\"column\">\n\t\t\t<div class=\"elementor-widget-wrap elementor-element-populated\">\n\t\t\t\t\t\t<div class=\"elementor-element elementor-element-98caa69 elementor-widget elementor-widget-shortcode\" data-id=\"98caa69\" data-element_type=\"widget\" data-e-type=\"widget\" data-widget_type=\"shortcode.default\">\n\t\t\t\t<div class=\"elementor-widget-container\">\n\t\t\t\t\t\t\t<div class=\"elementor-shortcode\">\t\t<div data-elementor-type=\"section\" data-elementor-id=\"1207\" class=\"elementor elementor-1207\" data-elementor-post-type=\"elementor_library\">\n\t\t\t\t\t<section class=\"elementor-section elementor-top-section elementor-element elementor-element-1a9bbed8 elementor-section-boxed elementor-section-height-default elementor-section-height-default\" data-id=\"1a9bbed8\" data-element_type=\"section\" data-e-type=\"section\">\n\t\t\t\t\t\t<div class=\"elementor-container elementor-column-gap-default\">\n\t\t\t\t\t<div class=\"elementor-column elementor-col-100 elementor-top-column elementor-element elementor-element-74ea37fb\" data-id=\"74ea37fb\" data-element_type=\"column\" data-e-type=\"column\">\n\t\t\t<div class=\"elementor-widget-wrap elementor-element-populated\">\n\t\t\t\t\t\t<div class=\"elementor-element elementor-element-46435d7a elementor-widget elementor-widget-heading\" data-id=\"46435d7a\" data-element_type=\"widget\" data-e-type=\"widget\" data-widget_type=\"heading.default\">\n\t\t\t\t<div class=\"elementor-widget-container\">\n\t\t\t\t\t<span class=\"elementor-heading-title elementor-size-default\">Anfrage &amp; Kontakt<\/span>\t\t\t\t<\/div>\n\t\t\t\t<\/div>\n\t\t\t\t<div class=\"elementor-element elementor-element-26e4099f elementor-widget elementor-widget-heading\" data-id=\"26e4099f\" data-element_type=\"widget\" data-e-type=\"widget\" data-widget_type=\"heading.default\">\n\t\t\t\t<div class=\"elementor-widget-container\">\n\t\t\t\t\t<h2 class=\"elementor-heading-title elementor-size-default\">Anfrage &amp; Kontakt<\/h2>\t\t\t\t<\/div>\n\t\t\t\t<\/div>\n\t\t\t\t<section class=\"elementor-section elementor-inner-section elementor-element elementor-element-3a7e5399 elementor-section-boxed elementor-section-height-default elementor-section-height-default\" data-id=\"3a7e5399\" data-element_type=\"section\" data-e-type=\"section\" data-settings=\"{&quot;background_background&quot;:&quot;classic&quot;}\">\n\t\t\t\t\t\t<div class=\"elementor-container elementor-column-gap-default\">\n\t\t\t\t\t<div class=\"elementor-column elementor-col-50 elementor-inner-column elementor-element elementor-element-1ca44ff9\" data-id=\"1ca44ff9\" data-element_type=\"column\" data-e-type=\"column\">\n\t\t\t<div class=\"elementor-widget-wrap\">\n\t\t\t\t\t\t\t<\/div>\n\t\t<\/div>\n\t\t\t\t<div class=\"elementor-column elementor-col-50 elementor-inner-column elementor-element elementor-element-30227c15\" data-id=\"30227c15\" data-element_type=\"column\" data-e-type=\"column\" data-settings=\"{&quot;background_background&quot;:&quot;classic&quot;}\">\n\t\t\t<div class=\"elementor-widget-wrap elementor-element-populated\">\n\t\t\t\t\t\t<div class=\"elementor-element elementor-element-4c6a8960 elementor-widget elementor-widget-heading\" data-id=\"4c6a8960\" data-element_type=\"widget\" data-e-type=\"widget\" data-widget_type=\"heading.default\">\n\t\t\t\t<div class=\"elementor-widget-container\">\n\t\t\t\t\t<h2 class=\"elementor-heading-title elementor-size-default\">SIE HABEN FRAGEN oder m\u00f6chten eine Anfrage f\u00fcr einen Flug stellen? <br>WIR SIND F\u00dcR SIE DA \u2013 PER MAIL, KONTAKTFORMULAR ODER PER TELEFON!<\/h2>\t\t\t\t<\/div>\n\t\t\t\t<\/div>\n\t\t\t\t<div class=\"elementor-element elementor-element-abe2a2d elementor-widget elementor-widget-heading\" data-id=\"abe2a2d\" data-element_type=\"widget\" data-e-type=\"widget\" data-widget_type=\"heading.default\">\n\t\t\t\t<div class=\"elementor-widget-container\">\n\t\t\t\t\t<span class=\"elementor-heading-title elementor-size-default\">24\/7 ist Ihr pers\u00f6nlicher Ansprechpartner f\u00fcr Sie da<\/span>\t\t\t\t<\/div>\n\t\t\t\t<\/div>\n\t\t\t\t<div class=\"elementor-element elementor-element-2ce577c elementor-align-start elementor-widget__width-auto elementor-icon-list--layout-traditional elementor-list-item-link-full_width elementor-widget elementor-widget-icon-list\" data-id=\"2ce577c\" data-element_type=\"widget\" data-e-type=\"widget\" data-widget_type=\"icon-list.default\">\n\t\t\t\t<div class=\"elementor-widget-container\">\n\t\t\t\t\t\t\t<ul class=\"elementor-icon-list-items\">\n\t\t\t\t\t\t\t<li class=\"elementor-icon-list-item\">\n\t\t\t\t\t\t\t\t\t\t\t<a href=\"https:\/\/www.pasflights.com\/kontakt\/\">\n\n\t\t\t\t\t\t\t\t\t\t\t\t<span class=\"elementor-icon-list-icon\">\n\t\t\t\t\t\t\t<i aria-hidden=\"true\" class=\"fas fa-envelope\"><\/i>\t\t\t\t\t\t<\/span>\n\t\t\t\t\t\t\t\t\t\t<span class=\"elementor-icon-list-text\">info@pasflights.com<\/span>\n\t\t\t\t\t\t\t\t\t\t\t<\/a>\n\t\t\t\t\t\t\t\t\t<\/li>\n\t\t\t\t\t\t\t\t<li class=\"elementor-icon-list-item\">\n\t\t\t\t\t\t\t\t\t\t\t<a href=\"tel:+49%202204%2070606-0\">\n\n\t\t\t\t\t\t\t\t\t\t\t\t<span class=\"elementor-icon-list-icon\">\n\t\t\t\t\t\t\t<i aria-hidden=\"true\" class=\"fas fa-phone-alt\"><\/i>\t\t\t\t\t\t<\/span>\n\t\t\t\t\t\t\t\t\t\t<span class=\"elementor-icon-list-text\">+ 49 2204 70606-0<\/span>\n\t\t\t\t\t\t\t\t\t\t\t<\/a>\n\t\t\t\t\t\t\t\t\t<\/li>\n\t\t\t\t\t\t<\/ul>\n\t\t\t\t\t\t<\/div>\n\t\t\t\t<\/div>\n\t\t\t\t<div class=\"elementor-element elementor-element-462f1838 elementor-align-right pinkbuttonfull elementor-tablet-align-left elementor-mobile-align-justify elementor-widget elementor-widget-button\" data-id=\"462f1838\" data-element_type=\"widget\" data-e-type=\"widget\" data-widget_type=\"button.default\">\n\t\t\t\t<div class=\"elementor-widget-container\">\n\t\t\t\t\t\t\t\t\t<div class=\"elementor-button-wrapper\">\n\t\t\t\t\t<a class=\"elementor-button elementor-button-link elementor-size-sm\" href=\"\/de\/kontakt\/\">\n\t\t\t\t\t\t<span class=\"elementor-button-content-wrapper\">\n\t\t\t\t\t\t\t\t\t<span class=\"elementor-button-text\">Jetzt anfragen oder Kontakt aufnehmen<\/span>\n\t\t\t\t\t<\/span>\n\t\t\t\t\t<\/a>\n\t\t\t\t<\/div>\n\t\t\t\t\t\t\t\t<\/div>\n\t\t\t\t<\/div>\n\t\t\t\t\t<\/div>\n\t\t<\/div>\n\t\t\t\t\t<\/div>\n\t\t<\/section>\n\t\t\t\t<div class=\"elementor-element elementor-element-60957350 elementor-widget elementor-widget-image\" data-id=\"60957350\" data-element_type=\"widget\" data-e-type=\"widget\" data-widget_type=\"image.default\">\n\t\t\t\t<div class=\"elementor-widget-container\">\n\t\t\t\t\t\t\t\t\t\t\t\t\t\t\t<img decoding=\"async\" src=\"https:\/\/emtoqdv5thq.exactdn.com\/wp-content\/uploads\/elementor\/thumbs\/privatjet-buchen_kontakt-qxrhvdym9nqkermiuf0nwgmak9zveevs683zw1qemg.jpg?strip=all&w=800\" title=\"privatjet-buchen_kontakt\" alt=\"Eine Frau mit Kopfh\u00f6rern sitzt im Flugzeug, l\u00e4chelt entspannt und h\u00e4lt ein Glas, w\u00e4hrend sie aus dem Fenster schaut.\" loading=\"lazy\" \/>\t\t\t\t\t\t\t\t\t\t\t\t\t\t\t<\/div>\n\t\t\t\t<\/div>\n\t\t\t\t\t<\/div>\n\t\t<\/div>\n\t\t\t\t\t<\/div>\n\t\t<\/section>\n\t\t\t\t<\/div>\n\t\t<\/div>\n\t\t\t\t\t\t<\/div>\n\t\t\t\t<\/div>\n\t\t\t\t\t<\/div>\n\t\t<\/div>\n\t\t\t\t\t<\/div>\n\t\t<\/section>\n\t\t\t\t<section class=\"elementor-section elementor-top-section elementor-element elementor-element-e14e7d5 elementor-section-boxed elementor-section-height-default elementor-section-height-default\" data-id=\"e14e7d5\" data-element_type=\"section\" data-e-type=\"section\">\n\t\t\t\t\t\t<div class=\"elementor-container elementor-column-gap-default\">\n\t\t\t\t\t<div class=\"elementor-column elementor-col-100 elementor-top-column elementor-element elementor-element-a597da5\" data-id=\"a597da5\" data-element_type=\"column\" data-e-type=\"column\">\n\t\t\t<div class=\"elementor-widget-wrap elementor-element-populated\">\n\t\t\t\t\t\t<div class=\"elementor-element elementor-element-714a409 elementor-widget elementor-widget-text-editor\" data-id=\"714a409\" data-element_type=\"widget\" data-e-type=\"widget\" data-widget_type=\"text-editor.default\">\n\t\t\t\t<div class=\"elementor-widget-container\">\n\t\t\t\t\t\t\t\t\t<p>Im Bereich der <a href=\"https:\/\/www.pasflights.com\/luftfracht\/\">Luftfacht<\/a> bietet PASflights zusammen mit den Frachtspezialisten den Kunden aus dem Automobilsektor effiziente Transportl\u00f6sungen mit Flugzeugchartern speziell f\u00fcr die Automobilindustrie oder mit On-Board Kurieren (OBCs). Auch bei zeitkritischer Fracht k\u00f6nnen Sie auf uns vertrauen und erhalten innerhalb k\u00fcrzester Zeit das entsprechende Angebot.<\/p><p>PASflights erarbeitet die Angebote diskret und partnerschaftlich. Lassen Sie sich kompetent von unseren Flugexperten <a href=\"https:\/\/www.pasflights.com\/kontakt\/\">beraten<\/a>.<\/p><p>\u00a0<\/p><p>\u00a0<\/p>\t\t\t\t\t\t\t\t<\/div>\n\t\t\t\t<\/div>\n\t\t\t\t\t<\/div>\n\t\t<\/div>\n\t\t\t\t\t<\/div>\n\t\t<\/section>\n\t\t\t\t<\/div>\n\t\t","protected":false},"excerpt":{"rendered":"<p>Flugzeugcharter Automobilindustrie PASflights kennt die W\u00fcnsche und Anforderungen an Flugzeugcharter in der Automobilindustrie, wenn es um die weitere Logistik gro\u00dfer, kleiner oder weit entfernter Veranstaltungen geht. Wir wissen, dass Ihre Produktvorstellung bis ins kleinste Detail perfekt sein muss, um Ihre G\u00e4ste zufriedenzustellen und zu beeindrucken. PASflights ist bereits seit mehr als 15 Jahren im Bereich [&hellip;]<\/p>\n","protected":false},"author":5,"featured_media":1539,"parent":1530,"menu_order":0,"comment_status":"closed","ping_status":"closed","template":"","meta":{"_acf_changed":false,"footnotes":""},"categories":[],"tags":[75],"class_list":["post-7240","page","type-page","status-publish","has-post-thumbnail","hentry","tag-branche"],"acf":[],"yoast_head":"<!-- This site is optimized with the Yoast SEO plugin v27.3 - https:\/\/yoast.com\/product\/yoast-seo-wordpress\/ -->\n<title>Flugzeugcharter Automobilindustrie \u2708 Jetzt anfragen!<\/title>\n<meta name=\"description\" content=\"Vertrauen Sie den Experten f\u00fcr Flugzeugcharter f\u00fcr die Automobilindustrie \u2708 Ma\u00dfgeschneiderte &amp; schnelle L\u00f6sungen \u2714 Jetzt Angebot anfordern! | pasflights\" \/>\n<meta name=\"robots\" content=\"index, follow, max-snippet:-1, max-image-preview:large, max-video-preview:-1\" \/>\n<link rel=\"canonical\" href=\"https:\/\/www.pasflights.com\/de\/branche\/flugzeugcharter-automobilindustrie\/\" \/>\n<meta property=\"og:locale\" content=\"de_DE\" \/>\n<meta property=\"og:type\" content=\"article\" \/>\n<meta property=\"og:title\" content=\"Flugzeugcharter Automobilindustrie \u2708 Jetzt anfragen!\" \/>\n<meta property=\"og:description\" content=\"Vertrauen Sie den Experten f\u00fcr Flugzeugcharter f\u00fcr die Automobilindustrie \u2708 Ma\u00dfgeschneiderte &amp; schnelle L\u00f6sungen \u2714 Jetzt Angebot anfordern! | pasflights\" \/>\n<meta property=\"og:url\" content=\"https:\/\/www.pasflights.com\/de\/branche\/flugzeugcharter-automobilindustrie\/\" \/>\n<meta property=\"og:site_name\" content=\"Pasflights\" \/>\n<meta property=\"article:modified_time\" content=\"2026-02-11T08:49:09+00:00\" \/>\n<meta property=\"og:image\" content=\"https:\/\/www.pasflights.com\/wp-content\/uploads\/2021\/12\/Automobilindustrie-banner-scaled.jpg\" \/>\n\t<meta property=\"og:image:width\" content=\"2560\" \/>\n\t<meta property=\"og:image:height\" content=\"877\" \/>\n\t<meta property=\"og:image:type\" content=\"image\/jpeg\" \/>\n<meta name=\"twitter:card\" content=\"summary_large_image\" \/>\n<meta name=\"twitter:label1\" content=\"Gesch\u00e4tzte Lesezeit\" \/>\n\t<meta name=\"twitter:data1\" content=\"2\u00a0Minuten\" \/>\n<script type=\"application\/ld+json\" class=\"yoast-schema-graph\">{\"@context\":\"https:\\\/\\\/schema.org\",\"@graph\":[{\"@type\":\"WebPage\",\"@id\":\"https:\\\/\\\/www.pasflights.com\\\/de\\\/branche\\\/flugzeugcharter-automobilindustrie\\\/\",\"url\":\"https:\\\/\\\/www.pasflights.com\\\/de\\\/branche\\\/flugzeugcharter-automobilindustrie\\\/\",\"name\":\"Flugzeugcharter Automobilindustrie \u2708 Jetzt anfragen!\",\"isPartOf\":{\"@id\":\"https:\\\/\\\/www.pasflights.com\\\/de\\\/#website\"},\"primaryImageOfPage\":{\"@id\":\"https:\\\/\\\/www.pasflights.com\\\/de\\\/branche\\\/flugzeugcharter-automobilindustrie\\\/#primaryimage\"},\"image\":{\"@id\":\"https:\\\/\\\/www.pasflights.com\\\/de\\\/branche\\\/flugzeugcharter-automobilindustrie\\\/#primaryimage\"},\"thumbnailUrl\":\"https:\\\/\\\/emtoqdv5thq.exactdn.com\\\/wp-content\\\/uploads\\\/2021\\\/12\\\/Automobilindustrie-banner-scaled.jpg?strip=all\",\"datePublished\":\"2022-05-13T10:49:56+00:00\",\"dateModified\":\"2026-02-11T08:49:09+00:00\",\"description\":\"Vertrauen Sie den Experten f\u00fcr Flugzeugcharter f\u00fcr die Automobilindustrie \u2708 Ma\u00dfgeschneiderte & schnelle L\u00f6sungen \u2714 Jetzt Angebot anfordern! | pasflights\",\"breadcrumb\":{\"@id\":\"https:\\\/\\\/www.pasflights.com\\\/de\\\/branche\\\/flugzeugcharter-automobilindustrie\\\/#breadcrumb\"},\"inLanguage\":\"de\",\"potentialAction\":[{\"@type\":\"ReadAction\",\"target\":[\"https:\\\/\\\/www.pasflights.com\\\/de\\\/branche\\\/flugzeugcharter-automobilindustrie\\\/\"]}]},{\"@type\":\"ImageObject\",\"inLanguage\":\"de\",\"@id\":\"https:\\\/\\\/www.pasflights.com\\\/de\\\/branche\\\/flugzeugcharter-automobilindustrie\\\/#primaryimage\",\"url\":\"https:\\\/\\\/emtoqdv5thq.exactdn.com\\\/wp-content\\\/uploads\\\/2021\\\/12\\\/Automobilindustrie-banner-scaled.jpg?strip=all\",\"contentUrl\":\"https:\\\/\\\/emtoqdv5thq.exactdn.com\\\/wp-content\\\/uploads\\\/2021\\\/12\\\/Automobilindustrie-banner-scaled.jpg?strip=all\",\"width\":2560,\"height\":877},{\"@type\":\"BreadcrumbList\",\"@id\":\"https:\\\/\\\/www.pasflights.com\\\/de\\\/branche\\\/flugzeugcharter-automobilindustrie\\\/#breadcrumb\",\"itemListElement\":[{\"@type\":\"ListItem\",\"position\":1,\"name\":\"Startseite\",\"item\":\"https:\\\/\\\/www.pasflights.com\\\/de\\\/\"},{\"@type\":\"ListItem\",\"position\":2,\"name\":\"Branche\",\"item\":\"https:\\\/\\\/www.pasflights.com\\\/de\\\/branche\\\/\"},{\"@type\":\"ListItem\",\"position\":3,\"name\":\"Flugzeugcharter Automobilindustrie\"}]},{\"@type\":\"WebSite\",\"@id\":\"https:\\\/\\\/www.pasflights.com\\\/de\\\/#website\",\"url\":\"https:\\\/\\\/www.pasflights.com\\\/de\\\/\",\"name\":\"Pasflights\",\"description\":\"Eine weitere WordPress-Website\",\"potentialAction\":[{\"@type\":\"SearchAction\",\"target\":{\"@type\":\"EntryPoint\",\"urlTemplate\":\"https:\\\/\\\/www.pasflights.com\\\/de\\\/?s={search_term_string}\"},\"query-input\":{\"@type\":\"PropertyValueSpecification\",\"valueRequired\":true,\"valueName\":\"search_term_string\"}}],\"inLanguage\":\"de\"}]}<\/script>\n<!-- \/ Yoast SEO plugin. -->","yoast_head_json":{"title":"Flugzeugcharter Automobilindustrie \u2708 Jetzt anfragen!","description":"Vertrauen Sie den Experten f\u00fcr Flugzeugcharter f\u00fcr die Automobilindustrie \u2708 Ma\u00dfgeschneiderte & schnelle L\u00f6sungen \u2714 Jetzt Angebot anfordern! | pasflights","robots":{"index":"index","follow":"follow","max-snippet":"max-snippet:-1","max-image-preview":"max-image-preview:large","max-video-preview":"max-video-preview:-1"},"canonical":"https:\/\/www.pasflights.com\/de\/branche\/flugzeugcharter-automobilindustrie\/","og_locale":"de_DE","og_type":"article","og_title":"Flugzeugcharter Automobilindustrie \u2708 Jetzt anfragen!","og_description":"Vertrauen Sie den Experten f\u00fcr Flugzeugcharter f\u00fcr die Automobilindustrie \u2708 Ma\u00dfgeschneiderte & schnelle L\u00f6sungen \u2714 Jetzt Angebot anfordern! | pasflights","og_url":"https:\/\/www.pasflights.com\/de\/branche\/flugzeugcharter-automobilindustrie\/","og_site_name":"Pasflights","article_modified_time":"2026-02-11T08:49:09+00:00","og_image":[{"width":2560,"height":877,"url":"https:\/\/www.pasflights.com\/wp-content\/uploads\/2021\/12\/Automobilindustrie-banner-scaled.jpg","type":"image\/jpeg"}],"twitter_card":"summary_large_image","twitter_misc":{"Gesch\u00e4tzte Lesezeit":"2\u00a0Minuten"},"schema":{"@context":"https:\/\/schema.org","@graph":[{"@type":"WebPage","@id":"https:\/\/www.pasflights.com\/de\/branche\/flugzeugcharter-automobilindustrie\/","url":"https:\/\/www.pasflights.com\/de\/branche\/flugzeugcharter-automobilindustrie\/","name":"Flugzeugcharter Automobilindustrie \u2708 Jetzt anfragen!","isPartOf":{"@id":"https:\/\/www.pasflights.com\/de\/#website"},"primaryImageOfPage":{"@id":"https:\/\/www.pasflights.com\/de\/branche\/flugzeugcharter-automobilindustrie\/#primaryimage"},"image":{"@id":"https:\/\/www.pasflights.com\/de\/branche\/flugzeugcharter-automobilindustrie\/#primaryimage"},"thumbnailUrl":"https:\/\/emtoqdv5thq.exactdn.com\/wp-content\/uploads\/2021\/12\/Automobilindustrie-banner-scaled.jpg?strip=all","datePublished":"2022-05-13T10:49:56+00:00","dateModified":"2026-02-11T08:49:09+00:00","description":"Vertrauen Sie den Experten f\u00fcr Flugzeugcharter f\u00fcr die Automobilindustrie \u2708 Ma\u00dfgeschneiderte & schnelle L\u00f6sungen \u2714 Jetzt Angebot anfordern! | pasflights","breadcrumb":{"@id":"https:\/\/www.pasflights.com\/de\/branche\/flugzeugcharter-automobilindustrie\/#breadcrumb"},"inLanguage":"de","potentialAction":[{"@type":"ReadAction","target":["https:\/\/www.pasflights.com\/de\/branche\/flugzeugcharter-automobilindustrie\/"]}]},{"@type":"ImageObject","inLanguage":"de","@id":"https:\/\/www.pasflights.com\/de\/branche\/flugzeugcharter-automobilindustrie\/#primaryimage","url":"https:\/\/emtoqdv5thq.exactdn.com\/wp-content\/uploads\/2021\/12\/Automobilindustrie-banner-scaled.jpg?strip=all","contentUrl":"https:\/\/emtoqdv5thq.exactdn.com\/wp-content\/uploads\/2021\/12\/Automobilindustrie-banner-scaled.jpg?strip=all","width":2560,"height":877},{"@type":"BreadcrumbList","@id":"https:\/\/www.pasflights.com\/de\/branche\/flugzeugcharter-automobilindustrie\/#breadcrumb","itemListElement":[{"@type":"ListItem","position":1,"name":"Startseite","item":"https:\/\/www.pasflights.com\/de\/"},{"@type":"ListItem","position":2,"name":"Branche","item":"https:\/\/www.pasflights.com\/de\/branche\/"},{"@type":"ListItem","position":3,"name":"Flugzeugcharter Automobilindustrie"}]},{"@type":"WebSite","@id":"https:\/\/www.pasflights.com\/de\/#website","url":"https:\/\/www.pasflights.com\/de\/","name":"Pasflights","description":"Eine weitere WordPress-Website","potentialAction":[{"@type":"SearchAction","target":{"@type":"EntryPoint","urlTemplate":"https:\/\/www.pasflights.com\/de\/?s={search_term_string}"},"query-input":{"@type":"PropertyValueSpecification","valueRequired":true,"valueName":"search_term_string"}}],"inLanguage":"de"}]}},"_links":{"self":[{"href":"https:\/\/www.pasflights.com\/de\/wp-json\/wp\/v2\/pages\/7240","targetHints":{"allow":["GET"]}}],"collection":[{"href":"https:\/\/www.pasflights.com\/de\/wp-json\/wp\/v2\/pages"}],"about":[{"href":"https:\/\/www.pasflights.com\/de\/wp-json\/wp\/v2\/types\/page"}],"author":[{"embeddable":true,"href":"https:\/\/www.pasflights.com\/de\/wp-json\/wp\/v2\/users\/5"}],"replies":[{"embeddable":true,"href":"https:\/\/www.pasflights.com\/de\/wp-json\/wp\/v2\/comments?post=7240"}],"version-history":[{"count":10,"href":"https:\/\/www.pasflights.com\/de\/wp-json\/wp\/v2\/pages\/7240\/revisions"}],"predecessor-version":[{"id":24614,"href":"https:\/\/www.pasflights.com\/de\/wp-json\/wp\/v2\/pages\/7240\/revisions\/24614"}],"up":[{"embeddable":true,"href":"https:\/\/www.pasflights.com\/de\/wp-json\/wp\/v2\/pages\/1530"}],"wp:featuredmedia":[{"embeddable":true,"href":"https:\/\/www.pasflights.com\/de\/wp-json\/wp\/v2\/media\/1539"}],"wp:attachment":[{"href":"https:\/\/www.pasflights.com\/de\/wp-json\/wp\/v2\/media?parent=7240"}],"wp:term":[{"taxonomy":"category","embeddable":true,"href":"https:\/\/www.pasflights.com\/de\/wp-json\/wp\/v2\/categories?post=7240"},{"taxonomy":"post_tag","embeddable":true,"href":"https:\/\/www.pasflights.com\/de\/wp-json\/wp\/v2\/tags?post=7240"}],"curies":[{"name":"wp","href":"https:\/\/api.w.org\/{rel}","templated":true}]}}