{"id":3410,"date":"2022-03-05T16:44:27","date_gmt":"2022-03-05T15:44:27","guid":{"rendered":"https:\/\/www.pasflights.com\/individual-catering\/"},"modified":"2022-04-01T11:58:02","modified_gmt":"2022-04-01T09:58:02","slug":"individual-catering","status":"publish","type":"page","link":"https:\/\/www.pasflights.com\/en\/services\/individual-catering\/","title":{"rendered":"Individual catering"},"content":{"rendered":"\t\t<div data-elementor-type=\"wp-page\" data-elementor-id=\"3410\" class=\"elementor elementor-3410 elementor-1661\" data-elementor-post-type=\"page\">\n\t\t\t\t\t\t<section class=\"elementor-section elementor-top-section elementor-element elementor-element-7bc8dae8 elementor-section-boxed elementor-section-height-default elementor-section-height-default\" data-id=\"7bc8dae8\" data-element_type=\"section\" data-e-type=\"section\">\n\t\t\t\t\t\t<div class=\"elementor-container elementor-column-gap-default\">\n\t\t\t\t\t<div class=\"elementor-column elementor-col-100 elementor-top-column elementor-element elementor-element-17554d5a\" data-id=\"17554d5a\" data-element_type=\"column\" data-e-type=\"column\">\n\t\t\t<div class=\"elementor-widget-wrap elementor-element-populated\">\n\t\t\t\t\t\t<div class=\"elementor-element elementor-element-6814835b elementor-widget elementor-widget-heading\" data-id=\"6814835b\" data-element_type=\"widget\" data-e-type=\"widget\" data-widget_type=\"heading.default\">\n\t\t\t\t<div class=\"elementor-widget-container\">\n\t\t\t\t\t<h1 class=\"elementor-heading-title elementor-size-default\">Individual catering<\/h1>\t\t\t\t<\/div>\n\t\t\t\t<\/div>\n\t\t\t\t<div class=\"elementor-element elementor-element-3639a195 elementor-widget elementor-widget-text-editor\" data-id=\"3639a195\" data-element_type=\"widget\" data-e-type=\"widget\" data-widget_type=\"text-editor.default\">\n\t\t\t\t<div class=\"elementor-widget-container\">\n\t\t\t\t\t\t\t\t\t<p>Catering on board is always of high priority. While on scheduled flights the catering is more and more sparse and here is saved on the guest, there are with the special charter all possibilities to offer you guests an unforgettable experience also in culinary respect. <\/p>\n<p>We look forward to discussing your wishes and requirements with you.<\/p>\n<p>We will advise you on the best implementation for body and soul:<\/p>\n<ul>\n<li>Gate buffet before boarding<\/li>\n<li>welcome cocktail<\/li>\n<li>catering according to the occasion and the time of day and flight &#8211; double if the frame allows it<\/li>\n<li>Special catering according to ethnic, religious or ethical requirements (halal, kosher, vegan &#8230;)<\/li>\n<li>Free choice of drinks<\/li>\n<li>Service on china porcelain<\/li>\n<li>Snack bags to take away<\/li>\n<li>and much more<\/li>\n<\/ul>\n<p>Do you have any further questions or would you like a detailed consultation?<\/p>\n<p>The service experts from <strong>PAS<\/strong>flights are already waiting for you and will be happy to answer any questions you may have. <a href=\"https:\/\/www.pasflights.com\/en\/contact\/\">Contact us<\/a> without obligation and we will guarantee you an individual and unforgettable journey.<\/p>\n\t\t\t\t\t\t\t\t<\/div>\n\t\t\t\t<\/div>\n\t\t\t\t\t<\/div>\n\t\t<\/div>\n\t\t\t\t\t<\/div>\n\t\t<\/section>\n\t\t\t\t<section class=\"elementor-section elementor-top-section elementor-element elementor-element-5d0147fb elementor-section-boxed elementor-section-height-default elementor-section-height-default\" data-id=\"5d0147fb\" data-element_type=\"section\" data-e-type=\"section\">\n\t\t\t\t\t\t<div class=\"elementor-container elementor-column-gap-default\">\n\t\t\t\t\t<div class=\"elementor-column elementor-col-100 elementor-top-column elementor-element elementor-element-5c367282\" data-id=\"5c367282\" data-element_type=\"column\" data-e-type=\"column\">\n\t\t\t<div class=\"elementor-widget-wrap elementor-element-populated\">\n\t\t\t\t\t\t<div class=\"elementor-element elementor-element-35746243 elementor-widget elementor-widget-heading\" data-id=\"35746243\" data-element_type=\"widget\" data-e-type=\"widget\" data-widget_type=\"heading.default\">\n\t\t\t\t<div class=\"elementor-widget-container\">\n\t\t\t\t\t<span class=\"elementor-heading-title elementor-size-default\">Contact<\/span>\t\t\t\t<\/div>\n\t\t\t\t<\/div>\n\t\t\t\t<div class=\"elementor-element elementor-element-6c5033c5 elementor-widget elementor-widget-heading\" data-id=\"6c5033c5\" data-element_type=\"widget\" data-e-type=\"widget\" data-widget_type=\"heading.default\">\n\t\t\t\t<div class=\"elementor-widget-container\">\n\t\t\t\t\t<h2 class=\"elementor-heading-title elementor-size-default\">Contact<\/h2>\t\t\t\t<\/div>\n\t\t\t\t<\/div>\n\t\t\t\t<section class=\"elementor-section elementor-inner-section elementor-element elementor-element-76b8d82c elementor-section-boxed elementor-section-height-default elementor-section-height-default\" data-id=\"76b8d82c\" data-element_type=\"section\" data-e-type=\"section\" data-settings=\"{&quot;background_background&quot;:&quot;classic&quot;}\">\n\t\t\t\t\t\t<div class=\"elementor-container elementor-column-gap-default\">\n\t\t\t\t\t<div class=\"elementor-column elementor-col-50 elementor-inner-column elementor-element elementor-element-1444a37b\" data-id=\"1444a37b\" data-element_type=\"column\" data-e-type=\"column\">\n\t\t\t<div class=\"elementor-widget-wrap\">\n\t\t\t\t\t\t\t<\/div>\n\t\t<\/div>\n\t\t\t\t<div class=\"elementor-column elementor-col-50 elementor-inner-column elementor-element elementor-element-3a7e1458\" data-id=\"3a7e1458\" data-element_type=\"column\" data-e-type=\"column\" data-settings=\"{&quot;background_background&quot;:&quot;classic&quot;}\">\n\t\t\t<div class=\"elementor-widget-wrap elementor-element-populated\">\n\t\t\t\t\t\t<div class=\"elementor-element elementor-element-162d49fa elementor-widget elementor-widget-heading\" data-id=\"162d49fa\" data-element_type=\"widget\" data-e-type=\"widget\" data-widget_type=\"heading.default\">\n\t\t\t\t<div class=\"elementor-widget-container\">\n\t\t\t\t\t<h2 class=\"elementor-heading-title elementor-size-default\">DO YOU HAVE ANY QUESTIONS? WE ARE HERE FOR YOU - BY MAIL,<br> CONTACT FORM OR BY PHONE!<\/h2>\t\t\t\t<\/div>\n\t\t\t\t<\/div>\n\t\t\t\t<div class=\"elementor-element elementor-element-567f8f76 elementor-widget elementor-widget-heading\" data-id=\"567f8f76\" data-element_type=\"widget\" data-e-type=\"widget\" data-widget_type=\"heading.default\">\n\t\t\t\t<div class=\"elementor-widget-container\">\n\t\t\t\t\t<span class=\"elementor-heading-title elementor-size-default\">24\/7 your personal contact is there for you<\/span>\t\t\t\t<\/div>\n\t\t\t\t<\/div>\n\t\t\t\t<div class=\"elementor-element elementor-element-66de2ad4 elementor-align-start elementor-widget__width-auto elementor-icon-list--layout-traditional elementor-list-item-link-full_width elementor-widget elementor-widget-icon-list\" data-id=\"66de2ad4\" data-element_type=\"widget\" data-e-type=\"widget\" data-widget_type=\"icon-list.default\">\n\t\t\t\t<div class=\"elementor-widget-container\">\n\t\t\t\t\t\t\t<ul class=\"elementor-icon-list-items\">\n\t\t\t\t\t\t\t<li class=\"elementor-icon-list-item\">\n\t\t\t\t\t\t\t\t\t\t\t<a href=\"https:\/\/www.pasflights.com\/en\/contact\/\">\n\n\t\t\t\t\t\t\t\t\t\t\t\t<span class=\"elementor-icon-list-icon\">\n\t\t\t\t\t\t\t<i aria-hidden=\"true\" class=\"fas fa-envelope\"><\/i>\t\t\t\t\t\t<\/span>\n\t\t\t\t\t\t\t\t\t\t<span class=\"elementor-icon-list-text\">info@pasflights.com<\/span>\n\t\t\t\t\t\t\t\t\t\t\t<\/a>\n\t\t\t\t\t\t\t\t\t<\/li>\n\t\t\t\t\t\t\t\t<li class=\"elementor-icon-list-item\">\n\t\t\t\t\t\t\t\t\t\t\t<a href=\"tel:+49%202204%2070606-0\">\n\n\t\t\t\t\t\t\t\t\t\t\t\t<span class=\"elementor-icon-list-icon\">\n\t\t\t\t\t\t\t<i aria-hidden=\"true\" class=\"fas fa-phone-alt\"><\/i>\t\t\t\t\t\t<\/span>\n\t\t\t\t\t\t\t\t\t\t<span class=\"elementor-icon-list-text\">+ 49 2204 70606-0<\/span>\n\t\t\t\t\t\t\t\t\t\t\t<\/a>\n\t\t\t\t\t\t\t\t\t<\/li>\n\t\t\t\t\t\t<\/ul>\n\t\t\t\t\t\t<\/div>\n\t\t\t\t<\/div>\n\t\t\t\t<div class=\"elementor-element elementor-element-3bbcdc64 elementor-align-right pinkbuttonfull elementor-tablet-align-left elementor-mobile-align-justify elementor-widget elementor-widget-button\" data-id=\"3bbcdc64\" data-element_type=\"widget\" data-e-type=\"widget\" data-widget_type=\"button.default\">\n\t\t\t\t<div class=\"elementor-widget-container\">\n\t\t\t\t\t\t\t\t\t<div class=\"elementor-button-wrapper\">\n\t\t\t\t\t<a class=\"elementor-button elementor-button-link elementor-size-sm\" href=\"https:\/\/www.pasflights.com\/en\/contact\/\">\n\t\t\t\t\t\t<span class=\"elementor-button-content-wrapper\">\n\t\t\t\t\t\t\t\t\t<span class=\"elementor-button-text\">Contact us now<\/span>\n\t\t\t\t\t<\/span>\n\t\t\t\t\t<\/a>\n\t\t\t\t<\/div>\n\t\t\t\t\t\t\t\t<\/div>\n\t\t\t\t<\/div>\n\t\t\t\t\t<\/div>\n\t\t<\/div>\n\t\t\t\t\t<\/div>\n\t\t<\/section>\n\t\t\t\t<div class=\"elementor-element elementor-element-53ec5e1b elementor-widget elementor-widget-image\" data-id=\"53ec5e1b\" data-element_type=\"widget\" data-e-type=\"widget\" data-widget_type=\"image.default\">\n\t\t\t\t<div class=\"elementor-widget-container\">\n\t\t\t\t\t\t\t\t\t\t\t\t\t\t\t<img decoding=\"async\" src=\"https:\/\/emtoqdv5thq.exactdn.com\/wp-content\/uploads\/elementor\/thumbs\/privatjet-buchen_kontakt-qxrhvdym9nqkermiuf0nwgmak9zveevs683zw1qemg.jpg?strip=all&w=800\" title=\"privatjet-buchen_kontakt\" alt=\"Eine Frau mit Kopfh\u00f6rern sitzt im Flugzeug, l\u00e4chelt entspannt und h\u00e4lt ein Glas, w\u00e4hrend sie aus dem Fenster schaut.\" loading=\"lazy\" \/>\t\t\t\t\t\t\t\t\t\t\t\t\t\t\t<\/div>\n\t\t\t\t<\/div>\n\t\t\t\t\t<\/div>\n\t\t<\/div>\n\t\t\t\t\t<\/div>\n\t\t<\/section>\n\t\t\t\t<\/div>\n\t\t","protected":false},"excerpt":{"rendered":"<p>Individual catering Catering on board is always of high priority. While on scheduled flights the catering is more and more sparse and here is saved on the guest, there are with the special charter all possibilities to offer you guests an unforgettable experience also in culinary respect. We look forward to discussing your wishes and [&hellip;]<\/p>\n","protected":false},"author":2,"featured_media":2315,"parent":3473,"menu_order":60,"comment_status":"closed","ping_status":"closed","template":"","meta":{"_acf_changed":false,"footnotes":""},"categories":[],"tags":[34],"class_list":["post-3410","page","type-page","status-publish","has-post-thumbnail","hentry","tag-service-en"],"acf":[],"yoast_head":"<!-- This site is optimized with the Yoast SEO plugin v27.3 - https:\/\/yoast.com\/product\/yoast-seo-wordpress\/ -->\n<title>Customised catering from a professional - Book now!<\/title>\n<meta name=\"description\" content=\"We are happy to fulfill individual catering requests! Find out more about our excellent range of services and get a non-binding quote on | pasflights\" \/>\n<meta name=\"robots\" content=\"index, follow, max-snippet:-1, max-image-preview:large, max-video-preview:-1\" \/>\n<link rel=\"canonical\" href=\"https:\/\/www.pasflights.com\/en\/services\/individual-catering\/\" \/>\n<meta property=\"og:locale\" content=\"en_US\" \/>\n<meta property=\"og:type\" content=\"article\" \/>\n<meta property=\"og:title\" content=\"Customised catering from a professional - Book now!\" \/>\n<meta property=\"og:description\" content=\"We are happy to fulfill individual catering requests! Find out more about our excellent range of services and get a non-binding quote on | pasflights\" \/>\n<meta property=\"og:url\" content=\"https:\/\/www.pasflights.com\/en\/services\/individual-catering\/\" \/>\n<meta property=\"og:site_name\" content=\"Pasflights\" \/>\n<meta property=\"article:modified_time\" content=\"2022-04-01T09:58:02+00:00\" \/>\n<meta property=\"og:image\" content=\"https:\/\/www.pasflights.com\/wp-content\/uploads\/2021\/12\/individuelles-catering-banner-scaled.jpg\" \/>\n\t<meta property=\"og:image:width\" content=\"2560\" \/>\n\t<meta property=\"og:image:height\" content=\"877\" \/>\n\t<meta property=\"og:image:type\" content=\"image\/jpeg\" \/>\n<meta name=\"twitter:card\" content=\"summary_large_image\" \/>\n<meta name=\"twitter:label1\" content=\"Est. reading time\" \/>\n\t<meta name=\"twitter:data1\" content=\"2 minutes\" \/>\n<script type=\"application\/ld+json\" class=\"yoast-schema-graph\">{\"@context\":\"https:\\\/\\\/schema.org\",\"@graph\":[{\"@type\":\"WebPage\",\"@id\":\"https:\\\/\\\/www.pasflights.com\\\/en\\\/services\\\/individual-catering\\\/\",\"url\":\"https:\\\/\\\/www.pasflights.com\\\/en\\\/services\\\/individual-catering\\\/\",\"name\":\"Customised catering from a professional - Book now!\",\"isPartOf\":{\"@id\":\"https:\\\/\\\/www.pasflights.com\\\/en\\\/#website\"},\"primaryImageOfPage\":{\"@id\":\"https:\\\/\\\/www.pasflights.com\\\/en\\\/services\\\/individual-catering\\\/#primaryimage\"},\"image\":{\"@id\":\"https:\\\/\\\/www.pasflights.com\\\/en\\\/services\\\/individual-catering\\\/#primaryimage\"},\"thumbnailUrl\":\"https:\\\/\\\/emtoqdv5thq.exactdn.com\\\/wp-content\\\/uploads\\\/2021\\\/12\\\/individuelles-catering-banner-scaled.jpg?strip=all\",\"datePublished\":\"2022-03-05T15:44:27+00:00\",\"dateModified\":\"2022-04-01T09:58:02+00:00\",\"description\":\"We are happy to fulfill individual catering requests! Find out more about our excellent range of services and get a non-binding quote on | pasflights\",\"breadcrumb\":{\"@id\":\"https:\\\/\\\/www.pasflights.com\\\/en\\\/services\\\/individual-catering\\\/#breadcrumb\"},\"inLanguage\":\"en-US\",\"potentialAction\":[{\"@type\":\"ReadAction\",\"target\":[\"https:\\\/\\\/www.pasflights.com\\\/en\\\/services\\\/individual-catering\\\/\"]}]},{\"@type\":\"ImageObject\",\"inLanguage\":\"en-US\",\"@id\":\"https:\\\/\\\/www.pasflights.com\\\/en\\\/services\\\/individual-catering\\\/#primaryimage\",\"url\":\"https:\\\/\\\/emtoqdv5thq.exactdn.com\\\/wp-content\\\/uploads\\\/2021\\\/12\\\/individuelles-catering-banner-scaled.jpg?strip=all\",\"contentUrl\":\"https:\\\/\\\/emtoqdv5thq.exactdn.com\\\/wp-content\\\/uploads\\\/2021\\\/12\\\/individuelles-catering-banner-scaled.jpg?strip=all\",\"width\":2560,\"height\":877,\"caption\":\"Luxuri\u00f6ser Flugzeugsitz mit gedecktem Tisch, auf dem Kaffee, Geb\u00e4ck und Snacks stehen; Bildschirm zeigt \\\"Welcome Aboard\\\". Elegantes Flugzeuginterieur, beige und braun gehalten.\"},{\"@type\":\"BreadcrumbList\",\"@id\":\"https:\\\/\\\/www.pasflights.com\\\/en\\\/services\\\/individual-catering\\\/#breadcrumb\",\"itemListElement\":[{\"@type\":\"ListItem\",\"position\":1,\"name\":\"Startseite\",\"item\":\"https:\\\/\\\/www.pasflights.com\\\/en\\\/\"},{\"@type\":\"ListItem\",\"position\":2,\"name\":\"Services\",\"item\":\"https:\\\/\\\/www.pasflights.com\\\/en\\\/servizi-su-misura-jet-privati\\\/\"},{\"@type\":\"ListItem\",\"position\":3,\"name\":\"Individual catering\"}]},{\"@type\":\"WebSite\",\"@id\":\"https:\\\/\\\/www.pasflights.com\\\/en\\\/#website\",\"url\":\"https:\\\/\\\/www.pasflights.com\\\/en\\\/\",\"name\":\"Pasflights\",\"description\":\"Eine weitere WordPress-Website\",\"potentialAction\":[{\"@type\":\"SearchAction\",\"target\":{\"@type\":\"EntryPoint\",\"urlTemplate\":\"https:\\\/\\\/www.pasflights.com\\\/en\\\/?s={search_term_string}\"},\"query-input\":{\"@type\":\"PropertyValueSpecification\",\"valueRequired\":true,\"valueName\":\"search_term_string\"}}],\"inLanguage\":\"en-US\"}]}<\/script>\n<!-- \/ Yoast SEO plugin. -->","yoast_head_json":{"title":"Customised catering from a professional - Book now!","description":"We are happy to fulfill individual catering requests! Find out more about our excellent range of services and get a non-binding quote on | pasflights","robots":{"index":"index","follow":"follow","max-snippet":"max-snippet:-1","max-image-preview":"max-image-preview:large","max-video-preview":"max-video-preview:-1"},"canonical":"https:\/\/www.pasflights.com\/en\/services\/individual-catering\/","og_locale":"en_US","og_type":"article","og_title":"Customised catering from a professional - Book now!","og_description":"We are happy to fulfill individual catering requests! Find out more about our excellent range of services and get a non-binding quote on | pasflights","og_url":"https:\/\/www.pasflights.com\/en\/services\/individual-catering\/","og_site_name":"Pasflights","article_modified_time":"2022-04-01T09:58:02+00:00","og_image":[{"width":2560,"height":877,"url":"https:\/\/www.pasflights.com\/wp-content\/uploads\/2021\/12\/individuelles-catering-banner-scaled.jpg","type":"image\/jpeg"}],"twitter_card":"summary_large_image","twitter_misc":{"Est. reading time":"2 minutes"},"schema":{"@context":"https:\/\/schema.org","@graph":[{"@type":"WebPage","@id":"https:\/\/www.pasflights.com\/en\/services\/individual-catering\/","url":"https:\/\/www.pasflights.com\/en\/services\/individual-catering\/","name":"Customised catering from a professional - Book now!","isPartOf":{"@id":"https:\/\/www.pasflights.com\/en\/#website"},"primaryImageOfPage":{"@id":"https:\/\/www.pasflights.com\/en\/services\/individual-catering\/#primaryimage"},"image":{"@id":"https:\/\/www.pasflights.com\/en\/services\/individual-catering\/#primaryimage"},"thumbnailUrl":"https:\/\/emtoqdv5thq.exactdn.com\/wp-content\/uploads\/2021\/12\/individuelles-catering-banner-scaled.jpg?strip=all","datePublished":"2022-03-05T15:44:27+00:00","dateModified":"2022-04-01T09:58:02+00:00","description":"We are happy to fulfill individual catering requests! Find out more about our excellent range of services and get a non-binding quote on | pasflights","breadcrumb":{"@id":"https:\/\/www.pasflights.com\/en\/services\/individual-catering\/#breadcrumb"},"inLanguage":"en-US","potentialAction":[{"@type":"ReadAction","target":["https:\/\/www.pasflights.com\/en\/services\/individual-catering\/"]}]},{"@type":"ImageObject","inLanguage":"en-US","@id":"https:\/\/www.pasflights.com\/en\/services\/individual-catering\/#primaryimage","url":"https:\/\/emtoqdv5thq.exactdn.com\/wp-content\/uploads\/2021\/12\/individuelles-catering-banner-scaled.jpg?strip=all","contentUrl":"https:\/\/emtoqdv5thq.exactdn.com\/wp-content\/uploads\/2021\/12\/individuelles-catering-banner-scaled.jpg?strip=all","width":2560,"height":877,"caption":"Luxuri\u00f6ser Flugzeugsitz mit gedecktem Tisch, auf dem Kaffee, Geb\u00e4ck und Snacks stehen; Bildschirm zeigt \"Welcome Aboard\". Elegantes Flugzeuginterieur, beige und braun gehalten."},{"@type":"BreadcrumbList","@id":"https:\/\/www.pasflights.com\/en\/services\/individual-catering\/#breadcrumb","itemListElement":[{"@type":"ListItem","position":1,"name":"Startseite","item":"https:\/\/www.pasflights.com\/en\/"},{"@type":"ListItem","position":2,"name":"Services","item":"https:\/\/www.pasflights.com\/en\/servizi-su-misura-jet-privati\/"},{"@type":"ListItem","position":3,"name":"Individual catering"}]},{"@type":"WebSite","@id":"https:\/\/www.pasflights.com\/en\/#website","url":"https:\/\/www.pasflights.com\/en\/","name":"Pasflights","description":"Eine weitere WordPress-Website","potentialAction":[{"@type":"SearchAction","target":{"@type":"EntryPoint","urlTemplate":"https:\/\/www.pasflights.com\/en\/?s={search_term_string}"},"query-input":{"@type":"PropertyValueSpecification","valueRequired":true,"valueName":"search_term_string"}}],"inLanguage":"en-US"}]}},"_links":{"self":[{"href":"https:\/\/www.pasflights.com\/en\/wp-json\/wp\/v2\/pages\/3410","targetHints":{"allow":["GET"]}}],"collection":[{"href":"https:\/\/www.pasflights.com\/en\/wp-json\/wp\/v2\/pages"}],"about":[{"href":"https:\/\/www.pasflights.com\/en\/wp-json\/wp\/v2\/types\/page"}],"author":[{"embeddable":true,"href":"https:\/\/www.pasflights.com\/en\/wp-json\/wp\/v2\/users\/2"}],"replies":[{"embeddable":true,"href":"https:\/\/www.pasflights.com\/en\/wp-json\/wp\/v2\/comments?post=3410"}],"version-history":[{"count":7,"href":"https:\/\/www.pasflights.com\/en\/wp-json\/wp\/v2\/pages\/3410\/revisions"}],"predecessor-version":[{"id":6465,"href":"https:\/\/www.pasflights.com\/en\/wp-json\/wp\/v2\/pages\/3410\/revisions\/6465"}],"up":[{"embeddable":true,"href":"https:\/\/www.pasflights.com\/en\/wp-json\/wp\/v2\/pages\/3473"}],"wp:featuredmedia":[{"embeddable":true,"href":"https:\/\/www.pasflights.com\/en\/wp-json\/wp\/v2\/media\/2315"}],"wp:attachment":[{"href":"https:\/\/www.pasflights.com\/en\/wp-json\/wp\/v2\/media?parent=3410"}],"wp:term":[{"taxonomy":"category","embeddable":true,"href":"https:\/\/www.pasflights.com\/en\/wp-json\/wp\/v2\/categories?post=3410"},{"taxonomy":"post_tag","embeddable":true,"href":"https:\/\/www.pasflights.com\/en\/wp-json\/wp\/v2\/tags?post=3410"}],"curies":[{"name":"wp","href":"https:\/\/api.w.org\/{rel}","templated":true}]}}