{"id":7803,"date":"2022-06-08T14:32:51","date_gmt":"2022-06-08T12:32:51","guid":{"rendered":"https:\/\/www.pasflights.com\/sector\/airline-gsa-2\/"},"modified":"2026-03-24T12:09:25","modified_gmt":"2026-03-24T11:09:25","slug":"airline-gsa","status":"publish","type":"page","link":"https:\/\/www.pasflights.com\/en\/sector\/airline-gsa\/","title":{"rendered":"Airline GSA"},"content":{"rendered":"\t\t<div data-elementor-type=\"wp-page\" data-elementor-id=\"7803\" class=\"elementor elementor-7803 elementor-7232\" data-elementor-post-type=\"page\">\n\t\t\t\t\t\t<section class=\"elementor-section elementor-top-section elementor-element elementor-element-7904b58 elementor-section-boxed elementor-section-height-default elementor-section-height-default\" data-id=\"7904b58\" data-element_type=\"section\" data-e-type=\"section\">\n\t\t\t\t\t\t<div class=\"elementor-container elementor-column-gap-default\">\n\t\t\t\t\t<div class=\"elementor-column elementor-col-100 elementor-top-column elementor-element elementor-element-d78df0f\" data-id=\"d78df0f\" data-element_type=\"column\" data-e-type=\"column\">\n\t\t\t<div class=\"elementor-widget-wrap elementor-element-populated\">\n\t\t\t\t\t\t<div class=\"elementor-element elementor-element-9e866f4 elementor-widget elementor-widget-heading\" data-id=\"9e866f4\" data-element_type=\"widget\" data-e-type=\"widget\" data-widget_type=\"heading.default\">\n\t\t\t\t<div class=\"elementor-widget-container\">\n\t\t\t\t\t<h1 class=\"elementor-heading-title elementor-size-default\">Airline GSA<\/h1>\t\t\t\t<\/div>\n\t\t\t\t<\/div>\n\t\t\t\t\t<\/div>\n\t\t<\/div>\n\t\t\t\t\t<\/div>\n\t\t<\/section>\n\t\t\t\t<section class=\"elementor-section elementor-top-section elementor-element elementor-element-d658c0b elementor-section-boxed elementor-section-height-default elementor-section-height-default\" data-id=\"d658c0b\" data-element_type=\"section\" data-e-type=\"section\">\n\t\t\t\t\t\t<div class=\"elementor-container elementor-column-gap-default\">\n\t\t\t\t\t<div class=\"elementor-column elementor-col-100 elementor-top-column elementor-element elementor-element-f4982a4\" data-id=\"f4982a4\" data-element_type=\"column\" data-e-type=\"column\">\n\t\t\t<div class=\"elementor-widget-wrap elementor-element-populated\">\n\t\t\t\t\t\t<div class=\"elementor-element elementor-element-c27b484 elementor-widget elementor-widget-text-editor\" data-id=\"c27b484\" data-element_type=\"widget\" data-e-type=\"widget\" data-widget_type=\"text-editor.default\">\n\t\t\t\t<div class=\"elementor-widget-container\">\n\t\t\t\t\t\t\t\t\t<p data-start=\"450\" data-end=\"742\">ASflights provides professional <strong data-start=\"483\" data-end=\"521\">General Sales Agent (GSA) services<\/strong> and comprehensive <strong data-start=\"540\" data-end=\"566\">airline representation<\/strong> in <strong data-start=\"570\" data-end=\"606\">Germany, Austria and Switzerland<\/strong>. As an experienced GSA, we manage all aspects of airline sales, marketing and operations in these important Central European markets.<\/p><p data-start=\"744\" data-end=\"1142\">Our services include negotiating and handling <strong data-start=\"790\" data-end=\"843\">interline agreements, pro-rate special agreements<\/strong> and coordinating <strong data-start=\"861\" data-end=\"917\">traffic rights with the Federal Aviation Authorities<\/strong>. In addition, we develop and implement effective <strong data-start=\"967\" data-end=\"1001\">sales and marketing strategies<\/strong>, manage <strong data-start=\"1010\" data-end=\"1067\">public relations in the trade press and digital media<\/strong>, and help build a strong and positive brand presence in the DACH region.<\/p><p data-start=\"1144\" data-end=\"1438\">As a reliable <strong data-start=\"1158\" data-end=\"1183\">airline sales partner<\/strong>, PASflights supports revenue management, fare distribution, contract negotiations with tour operators and OTAs (Online Travel Agencies), and organizes roadshows, familiarization trips and further promotional activities to strengthen market penetration.<\/p><p data-start=\"1440\" data-end=\"1636\">Working with a <strong data-start=\"1455\" data-end=\"1514\">General Sales Agent in Germany, Austria and Switzerland<\/strong> allows airlines to enter and expand in new or growing markets without the need to invest in their own office and staff.<\/p><p data-start=\"1638\" data-end=\"1958\">At PASflights, we take care of the entire local operation: providing and managing office facilities, employing qualified staff, handling payroll, as well as paying local taxes and charges. In short, we ensure that your airline\u2019s business in Germany, Austria and Switzerland runs smoothly, efficiently and successfully.<\/p>\t\t\t\t\t\t\t\t<\/div>\n\t\t\t\t<\/div>\n\t\t\t\t\t<\/div>\n\t\t<\/div>\n\t\t\t\t\t<\/div>\n\t\t<\/section>\n\t\t\t\t<section class=\"elementor-section elementor-top-section elementor-element elementor-element-2be5f7c elementor-section-boxed elementor-section-height-default elementor-section-height-default\" data-id=\"2be5f7c\" data-element_type=\"section\" data-e-type=\"section\">\n\t\t\t\t\t\t<div class=\"elementor-container elementor-column-gap-default\">\n\t\t\t\t\t<div class=\"elementor-column elementor-col-100 elementor-top-column elementor-element elementor-element-293a011\" data-id=\"293a011\" data-element_type=\"column\" data-e-type=\"column\">\n\t\t\t<div class=\"elementor-widget-wrap elementor-element-populated\">\n\t\t\t\t\t\t<div class=\"elementor-element elementor-element-bb87a3e elementor-widget elementor-widget-shortcode\" data-id=\"bb87a3e\" data-element_type=\"widget\" data-e-type=\"widget\" data-widget_type=\"shortcode.default\">\n\t\t\t\t<div class=\"elementor-widget-container\">\n\t\t\t\t\t\t\t<div class=\"elementor-shortcode\">\t\t<div data-elementor-type=\"section\" data-elementor-id=\"4053\" class=\"elementor elementor-4053\" data-elementor-post-type=\"elementor_library\">\n\t\t\t\t\t<section class=\"elementor-section elementor-top-section elementor-element elementor-element-2b32ff4a elementor-section-boxed elementor-section-height-default elementor-section-height-default\" data-id=\"2b32ff4a\" data-element_type=\"section\" data-e-type=\"section\">\n\t\t\t\t\t\t<div class=\"elementor-container elementor-column-gap-default\">\n\t\t\t\t\t<div class=\"elementor-column elementor-col-100 elementor-top-column elementor-element elementor-element-7946532d\" data-id=\"7946532d\" data-element_type=\"column\" data-e-type=\"column\">\n\t\t\t<div class=\"elementor-widget-wrap elementor-element-populated\">\n\t\t\t\t\t\t<div class=\"elementor-element elementor-element-70df52f2 elementor-widget elementor-widget-heading\" data-id=\"70df52f2\" data-element_type=\"widget\" data-e-type=\"widget\" data-widget_type=\"heading.default\">\n\t\t\t\t<div class=\"elementor-widget-container\">\n\t\t\t\t\t<span class=\"elementor-heading-title elementor-size-default\">Contact<\/span>\t\t\t\t<\/div>\n\t\t\t\t<\/div>\n\t\t\t\t<div class=\"elementor-element elementor-element-135f401a elementor-widget elementor-widget-heading\" data-id=\"135f401a\" data-element_type=\"widget\" data-e-type=\"widget\" data-widget_type=\"heading.default\">\n\t\t\t\t<div class=\"elementor-widget-container\">\n\t\t\t\t\t<h2 class=\"elementor-heading-title elementor-size-default\">Contact<\/h2>\t\t\t\t<\/div>\n\t\t\t\t<\/div>\n\t\t\t\t<section class=\"elementor-section elementor-inner-section elementor-element elementor-element-beb7c18 elementor-section-boxed elementor-section-height-default elementor-section-height-default\" data-id=\"beb7c18\" data-element_type=\"section\" data-e-type=\"section\" data-settings=\"{&quot;background_background&quot;:&quot;classic&quot;}\">\n\t\t\t\t\t\t<div class=\"elementor-container elementor-column-gap-default\">\n\t\t\t\t\t<div class=\"elementor-column elementor-col-50 elementor-inner-column elementor-element elementor-element-6dabd200\" data-id=\"6dabd200\" data-element_type=\"column\" data-e-type=\"column\">\n\t\t\t<div class=\"elementor-widget-wrap\">\n\t\t\t\t\t\t\t<\/div>\n\t\t<\/div>\n\t\t\t\t<div class=\"elementor-column elementor-col-50 elementor-inner-column elementor-element elementor-element-179c93be\" data-id=\"179c93be\" data-element_type=\"column\" data-e-type=\"column\" data-settings=\"{&quot;background_background&quot;:&quot;classic&quot;}\">\n\t\t\t<div class=\"elementor-widget-wrap elementor-element-populated\">\n\t\t\t\t\t\t<div class=\"elementor-element elementor-element-51bcc4f0 elementor-widget elementor-widget-heading\" data-id=\"51bcc4f0\" data-element_type=\"widget\" data-e-type=\"widget\" data-widget_type=\"heading.default\">\n\t\t\t\t<div class=\"elementor-widget-container\">\n\t\t\t\t\t<h2 class=\"elementor-heading-title elementor-size-default\">DO YOU HAVE ANY QUESTIONS? WE ARE HERE FOR YOU - BY MAIL,<br> CONTACT FORM OR BY PHONE!<\/h2>\t\t\t\t<\/div>\n\t\t\t\t<\/div>\n\t\t\t\t<div class=\"elementor-element elementor-element-62c78ea0 elementor-align-start elementor-widget__width-auto elementor-icon-list--layout-traditional elementor-list-item-link-full_width elementor-widget elementor-widget-icon-list\" data-id=\"62c78ea0\" data-element_type=\"widget\" data-e-type=\"widget\" data-widget_type=\"icon-list.default\">\n\t\t\t\t<div class=\"elementor-widget-container\">\n\t\t\t\t\t\t\t<ul class=\"elementor-icon-list-items\">\n\t\t\t\t\t\t\t<li class=\"elementor-icon-list-item\">\n\t\t\t\t\t\t\t\t\t\t\t<a href=\"mailto:info@pasflights.com\">\n\n\t\t\t\t\t\t\t\t\t\t\t\t<span class=\"elementor-icon-list-icon\">\n\t\t\t\t\t\t\t<i aria-hidden=\"true\" class=\"fas fa-envelope\"><\/i>\t\t\t\t\t\t<\/span>\n\t\t\t\t\t\t\t\t\t\t<span class=\"elementor-icon-list-text\">info@pasflights.com<\/span>\n\t\t\t\t\t\t\t\t\t\t\t<\/a>\n\t\t\t\t\t\t\t\t\t<\/li>\n\t\t\t\t\t\t\t\t<li class=\"elementor-icon-list-item\">\n\t\t\t\t\t\t\t\t\t\t\t<a href=\"tel:+49%202204%2070606-0\">\n\n\t\t\t\t\t\t\t\t\t\t\t\t<span class=\"elementor-icon-list-icon\">\n\t\t\t\t\t\t\t<i aria-hidden=\"true\" class=\"fas fa-phone-alt\"><\/i>\t\t\t\t\t\t<\/span>\n\t\t\t\t\t\t\t\t\t\t<span class=\"elementor-icon-list-text\">+ 49 2204 70606-0<\/span>\n\t\t\t\t\t\t\t\t\t\t\t<\/a>\n\t\t\t\t\t\t\t\t\t<\/li>\n\t\t\t\t\t\t<\/ul>\n\t\t\t\t\t\t<\/div>\n\t\t\t\t<\/div>\n\t\t\t\t<div class=\"elementor-element elementor-element-42d79e51 elementor-align-right pinkbuttonfull elementor-tablet-align-left elementor-mobile-align-justify elementor-widget elementor-widget-button\" data-id=\"42d79e51\" data-element_type=\"widget\" data-e-type=\"widget\" data-widget_type=\"button.default\">\n\t\t\t\t<div class=\"elementor-widget-container\">\n\t\t\t\t\t\t\t\t\t<div class=\"elementor-button-wrapper\">\n\t\t\t\t\t<a class=\"elementor-button elementor-button-link elementor-size-sm\" href=\"\/en\/contact\/\">\n\t\t\t\t\t\t<span class=\"elementor-button-content-wrapper\">\n\t\t\t\t\t\t\t\t\t<span class=\"elementor-button-text\">Contact us now<\/span>\n\t\t\t\t\t<\/span>\n\t\t\t\t\t<\/a>\n\t\t\t\t<\/div>\n\t\t\t\t\t\t\t\t<\/div>\n\t\t\t\t<\/div>\n\t\t\t\t\t<\/div>\n\t\t<\/div>\n\t\t\t\t\t<\/div>\n\t\t<\/section>\n\t\t\t\t<div class=\"elementor-element elementor-element-36ddcb56 elementor-widget elementor-widget-image\" data-id=\"36ddcb56\" data-element_type=\"widget\" data-e-type=\"widget\" data-widget_type=\"image.default\">\n\t\t\t\t<div class=\"elementor-widget-container\">\n\t\t\t\t\t\t\t\t\t\t\t\t\t\t\t<img fetchpriority=\"high\" decoding=\"async\" width=\"800\" height=\"424\" src=\"https:\/\/emtoqdv5thq.exactdn.com\/wp-content\/uploads\/2021\/11\/privatjet-buchen_kontakt.jpg?strip=all&amp;fit=800%2C424\" class=\"attachment-large size-large wp-image-2131\" alt=\"Eine Frau mit Kopfh\u00f6rern sitzt im Flugzeug, l\u00e4chelt entspannt und h\u00e4lt ein Glas, w\u00e4hrend sie aus dem Fenster schaut.\" srcset=\"https:\/\/emtoqdv5thq.exactdn.com\/wp-content\/uploads\/2021\/11\/privatjet-buchen_kontakt.jpg?strip=all 1272w, https:\/\/emtoqdv5thq.exactdn.com\/wp-content\/uploads\/2021\/11\/privatjet-buchen_kontakt-300x159.jpg?strip=all 300w, https:\/\/emtoqdv5thq.exactdn.com\/wp-content\/uploads\/2021\/11\/privatjet-buchen_kontakt-1024x543.jpg?strip=all 1024w, https:\/\/emtoqdv5thq.exactdn.com\/wp-content\/uploads\/2021\/11\/privatjet-buchen_kontakt-768x407.jpg?strip=all 768w, https:\/\/emtoqdv5thq.exactdn.com\/wp-content\/uploads\/2021\/11\/privatjet-buchen_kontakt.jpg?strip=all&amp;w=508 508w, https:\/\/emtoqdv5thq.exactdn.com\/wp-content\/uploads\/2021\/11\/privatjet-buchen_kontakt.jpg?strip=all&amp;w=450 450w\" sizes=\"(max-width: 800px) 100vw, 800px\" \/>\t\t\t\t\t\t\t\t\t\t\t\t\t\t\t<\/div>\n\t\t\t\t<\/div>\n\t\t\t\t\t<\/div>\n\t\t<\/div>\n\t\t\t\t\t<\/div>\n\t\t<\/section>\n\t\t\t\t<\/div>\n\t\t<\/div>\n\t\t\t\t\t\t<\/div>\n\t\t\t\t<\/div>\n\t\t\t\t\t<\/div>\n\t\t<\/div>\n\t\t\t\t\t<\/div>\n\t\t<\/section>\n\t\t\t\t<section class=\"elementor-section elementor-top-section elementor-element elementor-element-e14e7d5 elementor-section-boxed elementor-section-height-default elementor-section-height-default\" data-id=\"e14e7d5\" data-element_type=\"section\" data-e-type=\"section\">\n\t\t\t\t\t\t<div class=\"elementor-container elementor-column-gap-default\">\n\t\t\t\t\t<div class=\"elementor-column elementor-col-100 elementor-top-column elementor-element elementor-element-a597da5\" data-id=\"a597da5\" data-element_type=\"column\" data-e-type=\"column\">\n\t\t\t<div class=\"elementor-widget-wrap elementor-element-populated\">\n\t\t\t\t\t\t<div class=\"elementor-element elementor-element-714a409 elementor-widget elementor-widget-text-editor\" data-id=\"714a409\" data-element_type=\"widget\" data-e-type=\"widget\" data-widget_type=\"text-editor.default\">\n\t\t\t\t<div class=\"elementor-widget-container\">\n\t\t\t\t\t\t\t\t\tBased on its knowledge of the market, it is the GSA\u2019s responsibility to develop market strategies to promote sales and achieve the targets set by the airlines. The GSA promotes sales through marketing and commercial activities that are developed either by itself or under the guidance of the airline.\r\n\r\nThe GSA is responsible to provide both sides with the right services: the airline\u2019s customers on one hand and the airlines themselves on the other.\r\n\r\nDo you have any questions about us as a GSA or would you like some advice? Then please feel free to <a href=\"https:\/\/www.pasflights.com\/en\/contact\/\">contact<\/a> us. We look forward to your enquiry!\t\t\t\t\t\t\t\t<\/div>\n\t\t\t\t<\/div>\n\t\t\t\t\t<\/div>\n\t\t<\/div>\n\t\t\t\t\t<\/div>\n\t\t<\/section>\n\t\t\t\t<\/div>\n\t\t","protected":false},"excerpt":{"rendered":"<p>Airline GSA ASflights provides professional General Sales Agent (GSA) services and comprehensive airline representation in Germany, Austria and Switzerland. As an experienced GSA, we manage all aspects of airline sales, marketing and operations in these important Central European markets. Our services include negotiating and handling interline agreements, pro-rate special agreements and coordinating traffic rights with [&hellip;]<\/p>\n","protected":false},"author":5,"featured_media":22209,"parent":3390,"menu_order":0,"comment_status":"closed","ping_status":"closed","template":"","meta":{"_acf_changed":false,"footnotes":""},"categories":[],"tags":[76],"class_list":["post-7803","page","type-page","status-publish","has-post-thumbnail","hentry","tag-sector"],"acf":[],"yoast_head":"<!-- This site is optimized with the Yoast SEO plugin v27.3 - https:\/\/yoast.com\/product\/yoast-seo-wordpress\/ -->\n<title>Airline GSA for Germany, Austria, and Switzerland<\/title>\n<meta name=\"description\" content=\"PASflights is your airline GSA partner in Germany, Austria, and Switzerland \u2708 We handle sales, marketing, and fare management for airlines \u2714 | pasflights\" \/>\n<meta name=\"robots\" content=\"index, follow, max-snippet:-1, max-image-preview:large, max-video-preview:-1\" \/>\n<link rel=\"canonical\" href=\"https:\/\/www.pasflights.com\/en\/sector\/airline-gsa\/\" \/>\n<meta property=\"og:locale\" content=\"en_US\" \/>\n<meta property=\"og:type\" content=\"article\" \/>\n<meta property=\"og:title\" content=\"Airline GSA for Germany, Austria, and Switzerland\" \/>\n<meta property=\"og:description\" content=\"PASflights is your airline GSA partner in Germany, Austria, and Switzerland \u2708 We handle sales, marketing, and fare management for airlines \u2714 | pasflights\" \/>\n<meta property=\"og:url\" content=\"https:\/\/www.pasflights.com\/en\/sector\/airline-gsa\/\" \/>\n<meta property=\"og:site_name\" content=\"Pasflights\" \/>\n<meta property=\"article:modified_time\" content=\"2026-03-24T11:09:25+00:00\" \/>\n<meta property=\"og:image\" content=\"https:\/\/www.pasflights.com\/wp-content\/uploads\/2025\/08\/iStock-1421842900-Airline-GSA.jpg\" \/>\n\t<meta property=\"og:image:width\" content=\"2560\" \/>\n\t<meta property=\"og:image:height\" content=\"731\" \/>\n\t<meta property=\"og:image:type\" content=\"image\/jpeg\" \/>\n<meta name=\"twitter:card\" content=\"summary_large_image\" \/>\n<meta name=\"twitter:label1\" content=\"Est. reading time\" \/>\n\t<meta name=\"twitter:data1\" content=\"2 minutes\" \/>\n<script type=\"application\/ld+json\" class=\"yoast-schema-graph\">{\"@context\":\"https:\\\/\\\/schema.org\",\"@graph\":[{\"@type\":\"WebPage\",\"@id\":\"https:\\\/\\\/www.pasflights.com\\\/en\\\/sector\\\/airline-gsa\\\/\",\"url\":\"https:\\\/\\\/www.pasflights.com\\\/en\\\/sector\\\/airline-gsa\\\/\",\"name\":\"Airline GSA for Germany, Austria, and Switzerland\",\"isPartOf\":{\"@id\":\"https:\\\/\\\/www.pasflights.com\\\/en\\\/#website\"},\"primaryImageOfPage\":{\"@id\":\"https:\\\/\\\/www.pasflights.com\\\/en\\\/sector\\\/airline-gsa\\\/#primaryimage\"},\"image\":{\"@id\":\"https:\\\/\\\/www.pasflights.com\\\/en\\\/sector\\\/airline-gsa\\\/#primaryimage\"},\"thumbnailUrl\":\"https:\\\/\\\/emtoqdv5thq.exactdn.com\\\/wp-content\\\/uploads\\\/2025\\\/08\\\/iStock-1421842900-Airline-GSA.jpg?strip=all\",\"datePublished\":\"2022-06-08T12:32:51+00:00\",\"dateModified\":\"2026-03-24T11:09:25+00:00\",\"description\":\"PASflights is your airline GSA partner in Germany, Austria, and Switzerland \u2708 We handle sales, marketing, and fare management for airlines \u2714 | pasflights\",\"breadcrumb\":{\"@id\":\"https:\\\/\\\/www.pasflights.com\\\/en\\\/sector\\\/airline-gsa\\\/#breadcrumb\"},\"inLanguage\":\"en-US\",\"potentialAction\":[{\"@type\":\"ReadAction\",\"target\":[\"https:\\\/\\\/www.pasflights.com\\\/en\\\/sector\\\/airline-gsa\\\/\"]}]},{\"@type\":\"ImageObject\",\"inLanguage\":\"en-US\",\"@id\":\"https:\\\/\\\/www.pasflights.com\\\/en\\\/sector\\\/airline-gsa\\\/#primaryimage\",\"url\":\"https:\\\/\\\/emtoqdv5thq.exactdn.com\\\/wp-content\\\/uploads\\\/2025\\\/08\\\/iStock-1421842900-Airline-GSA.jpg?strip=all\",\"contentUrl\":\"https:\\\/\\\/emtoqdv5thq.exactdn.com\\\/wp-content\\\/uploads\\\/2025\\\/08\\\/iStock-1421842900-Airline-GSA.jpg?strip=all\",\"width\":2560,\"height\":731,\"caption\":\"Laptop und Modellflugzeug\"},{\"@type\":\"BreadcrumbList\",\"@id\":\"https:\\\/\\\/www.pasflights.com\\\/en\\\/sector\\\/airline-gsa\\\/#breadcrumb\",\"itemListElement\":[{\"@type\":\"ListItem\",\"position\":1,\"name\":\"Startseite\",\"item\":\"https:\\\/\\\/www.pasflights.com\\\/en\\\/\"},{\"@type\":\"ListItem\",\"position\":2,\"name\":\"Sector\",\"item\":\"https:\\\/\\\/www.pasflights.com\\\/en\\\/branche\\\/\"},{\"@type\":\"ListItem\",\"position\":3,\"name\":\"Airline GSA\"}]},{\"@type\":\"WebSite\",\"@id\":\"https:\\\/\\\/www.pasflights.com\\\/en\\\/#website\",\"url\":\"https:\\\/\\\/www.pasflights.com\\\/en\\\/\",\"name\":\"Pasflights\",\"description\":\"Eine weitere WordPress-Website\",\"potentialAction\":[{\"@type\":\"SearchAction\",\"target\":{\"@type\":\"EntryPoint\",\"urlTemplate\":\"https:\\\/\\\/www.pasflights.com\\\/en\\\/?s={search_term_string}\"},\"query-input\":{\"@type\":\"PropertyValueSpecification\",\"valueRequired\":true,\"valueName\":\"search_term_string\"}}],\"inLanguage\":\"en-US\"}]}<\/script>\n<!-- \/ Yoast SEO plugin. -->","yoast_head_json":{"title":"Airline GSA for Germany, Austria, and Switzerland","description":"PASflights is your airline GSA partner in Germany, Austria, and Switzerland \u2708 We handle sales, marketing, and fare management for airlines \u2714 | pasflights","robots":{"index":"index","follow":"follow","max-snippet":"max-snippet:-1","max-image-preview":"max-image-preview:large","max-video-preview":"max-video-preview:-1"},"canonical":"https:\/\/www.pasflights.com\/en\/sector\/airline-gsa\/","og_locale":"en_US","og_type":"article","og_title":"Airline GSA for Germany, Austria, and Switzerland","og_description":"PASflights is your airline GSA partner in Germany, Austria, and Switzerland \u2708 We handle sales, marketing, and fare management for airlines \u2714 | pasflights","og_url":"https:\/\/www.pasflights.com\/en\/sector\/airline-gsa\/","og_site_name":"Pasflights","article_modified_time":"2026-03-24T11:09:25+00:00","og_image":[{"width":2560,"height":731,"url":"https:\/\/www.pasflights.com\/wp-content\/uploads\/2025\/08\/iStock-1421842900-Airline-GSA.jpg","type":"image\/jpeg"}],"twitter_card":"summary_large_image","twitter_misc":{"Est. reading time":"2 minutes"},"schema":{"@context":"https:\/\/schema.org","@graph":[{"@type":"WebPage","@id":"https:\/\/www.pasflights.com\/en\/sector\/airline-gsa\/","url":"https:\/\/www.pasflights.com\/en\/sector\/airline-gsa\/","name":"Airline GSA for Germany, Austria, and Switzerland","isPartOf":{"@id":"https:\/\/www.pasflights.com\/en\/#website"},"primaryImageOfPage":{"@id":"https:\/\/www.pasflights.com\/en\/sector\/airline-gsa\/#primaryimage"},"image":{"@id":"https:\/\/www.pasflights.com\/en\/sector\/airline-gsa\/#primaryimage"},"thumbnailUrl":"https:\/\/emtoqdv5thq.exactdn.com\/wp-content\/uploads\/2025\/08\/iStock-1421842900-Airline-GSA.jpg?strip=all","datePublished":"2022-06-08T12:32:51+00:00","dateModified":"2026-03-24T11:09:25+00:00","description":"PASflights is your airline GSA partner in Germany, Austria, and Switzerland \u2708 We handle sales, marketing, and fare management for airlines \u2714 | pasflights","breadcrumb":{"@id":"https:\/\/www.pasflights.com\/en\/sector\/airline-gsa\/#breadcrumb"},"inLanguage":"en-US","potentialAction":[{"@type":"ReadAction","target":["https:\/\/www.pasflights.com\/en\/sector\/airline-gsa\/"]}]},{"@type":"ImageObject","inLanguage":"en-US","@id":"https:\/\/www.pasflights.com\/en\/sector\/airline-gsa\/#primaryimage","url":"https:\/\/emtoqdv5thq.exactdn.com\/wp-content\/uploads\/2025\/08\/iStock-1421842900-Airline-GSA.jpg?strip=all","contentUrl":"https:\/\/emtoqdv5thq.exactdn.com\/wp-content\/uploads\/2025\/08\/iStock-1421842900-Airline-GSA.jpg?strip=all","width":2560,"height":731,"caption":"Laptop und Modellflugzeug"},{"@type":"BreadcrumbList","@id":"https:\/\/www.pasflights.com\/en\/sector\/airline-gsa\/#breadcrumb","itemListElement":[{"@type":"ListItem","position":1,"name":"Startseite","item":"https:\/\/www.pasflights.com\/en\/"},{"@type":"ListItem","position":2,"name":"Sector","item":"https:\/\/www.pasflights.com\/en\/branche\/"},{"@type":"ListItem","position":3,"name":"Airline GSA"}]},{"@type":"WebSite","@id":"https:\/\/www.pasflights.com\/en\/#website","url":"https:\/\/www.pasflights.com\/en\/","name":"Pasflights","description":"Eine weitere WordPress-Website","potentialAction":[{"@type":"SearchAction","target":{"@type":"EntryPoint","urlTemplate":"https:\/\/www.pasflights.com\/en\/?s={search_term_string}"},"query-input":{"@type":"PropertyValueSpecification","valueRequired":true,"valueName":"search_term_string"}}],"inLanguage":"en-US"}]}},"_links":{"self":[{"href":"https:\/\/www.pasflights.com\/en\/wp-json\/wp\/v2\/pages\/7803","targetHints":{"allow":["GET"]}}],"collection":[{"href":"https:\/\/www.pasflights.com\/en\/wp-json\/wp\/v2\/pages"}],"about":[{"href":"https:\/\/www.pasflights.com\/en\/wp-json\/wp\/v2\/types\/page"}],"author":[{"embeddable":true,"href":"https:\/\/www.pasflights.com\/en\/wp-json\/wp\/v2\/users\/5"}],"replies":[{"embeddable":true,"href":"https:\/\/www.pasflights.com\/en\/wp-json\/wp\/v2\/comments?post=7803"}],"version-history":[{"count":10,"href":"https:\/\/www.pasflights.com\/en\/wp-json\/wp\/v2\/pages\/7803\/revisions"}],"predecessor-version":[{"id":24857,"href":"https:\/\/www.pasflights.com\/en\/wp-json\/wp\/v2\/pages\/7803\/revisions\/24857"}],"up":[{"embeddable":true,"href":"https:\/\/www.pasflights.com\/en\/wp-json\/wp\/v2\/pages\/3390"}],"wp:featuredmedia":[{"embeddable":true,"href":"https:\/\/www.pasflights.com\/en\/wp-json\/wp\/v2\/media\/22209"}],"wp:attachment":[{"href":"https:\/\/www.pasflights.com\/en\/wp-json\/wp\/v2\/media?parent=7803"}],"wp:term":[{"taxonomy":"category","embeddable":true,"href":"https:\/\/www.pasflights.com\/en\/wp-json\/wp\/v2\/categories?post=7803"},{"taxonomy":"post_tag","embeddable":true,"href":"https:\/\/www.pasflights.com\/en\/wp-json\/wp\/v2\/tags?post=7803"}],"curies":[{"name":"wp","href":"https:\/\/api.w.org\/{rel}","templated":true}]}}