{"id":23171,"date":"2022-06-08T13:27:52","date_gmt":"2022-06-08T11:27:52","guid":{"rendered":"https:\/\/www.pasflights.com\/sector\/acmi-and-long-term-leasing\/"},"modified":"2022-06-08T13:27:52","modified_gmt":"2022-06-08T11:27:52","slug":"acmi-and-long-term-leasing","status":"publish","type":"page","link":"https:\/\/www.pasflights.com\/fr\/secteur-transport-aerien\/acmi-and-long-term-leasing\/","title":{"rendered":"ACMI and Long Term Leasing"},"content":{"rendered":"\t\t<div data-elementor-type=\"wp-page\" data-elementor-id=\"23171\" class=\"elementor elementor-23171 elementor-7224\" data-elementor-post-type=\"page\">\n\t\t\t\t\t\t<section class=\"elementor-section elementor-top-section elementor-element elementor-element-56ed689 elementor-section-boxed elementor-section-height-default elementor-section-height-default\" data-id=\"56ed689\" data-element_type=\"section\" data-e-type=\"section\">\n\t\t\t\t\t\t<div class=\"elementor-container elementor-column-gap-default\">\n\t\t\t\t\t<div class=\"elementor-column elementor-col-100 elementor-top-column elementor-element elementor-element-b9ac1c5\" data-id=\"b9ac1c5\" data-element_type=\"column\" data-e-type=\"column\">\n\t\t\t<div class=\"elementor-widget-wrap elementor-element-populated\">\n\t\t\t\t\t\t<div class=\"elementor-element elementor-element-ac06b27 elementor-widget elementor-widget-heading\" data-id=\"ac06b27\" data-element_type=\"widget\" data-e-type=\"widget\" data-widget_type=\"heading.default\">\n\t\t\t\t<div class=\"elementor-widget-container\">\n\t\t\t\t\t<h1 class=\"elementor-heading-title elementor-size-default\">ACMI and Long Term Leasing<\/h1>\t\t\t\t<\/div>\n\t\t\t\t<\/div>\n\t\t\t\t\t<\/div>\n\t\t<\/div>\n\t\t\t\t\t<\/div>\n\t\t<\/section>\n\t\t\t\t<section class=\"elementor-section elementor-top-section elementor-element elementor-element-d658c0b elementor-section-boxed elementor-section-height-default elementor-section-height-default\" data-id=\"d658c0b\" data-element_type=\"section\" data-e-type=\"section\">\n\t\t\t\t\t\t<div class=\"elementor-container elementor-column-gap-default\">\n\t\t\t\t\t<div class=\"elementor-column elementor-col-100 elementor-top-column elementor-element elementor-element-f4982a4\" data-id=\"f4982a4\" data-element_type=\"column\" data-e-type=\"column\">\n\t\t\t<div class=\"elementor-widget-wrap elementor-element-populated\">\n\t\t\t\t\t\t<div class=\"elementor-element elementor-element-c27b484 elementor-widget elementor-widget-text-editor\" data-id=\"c27b484\" data-element_type=\"widget\" data-e-type=\"widget\" data-widget_type=\"text-editor.default\">\n\t\t\t\t<div class=\"elementor-widget-container\">\n\t\t\t\t\t\t\t\t\t<p>Our many years of experience have aloud us to to build excellent relations with many airlines. This network and knowledge feeds our own database so that we can easily process all ACMI (Aircraft, Crew, Maintenance and Insurance) requests from other airlines as well as Wet Lease, Damp Lease and Dry Lease. We will find the right solution for every one of your enquiries.<\/p>\n\t\t\t\t\t\t\t\t<\/div>\n\t\t\t\t<\/div>\n\t\t\t\t\t<\/div>\n\t\t<\/div>\n\t\t\t\t\t<\/div>\n\t\t<\/section>\n\t\t\t\t<section class=\"elementor-section elementor-top-section elementor-element elementor-element-2be5f7c elementor-section-boxed elementor-section-height-default elementor-section-height-default\" data-id=\"2be5f7c\" data-element_type=\"section\" data-e-type=\"section\">\n\t\t\t\t\t\t<div class=\"elementor-container elementor-column-gap-default\">\n\t\t\t\t\t<div class=\"elementor-column elementor-col-100 elementor-top-column elementor-element elementor-element-293a011\" data-id=\"293a011\" data-element_type=\"column\" data-e-type=\"column\">\n\t\t\t<div class=\"elementor-widget-wrap elementor-element-populated\">\n\t\t\t\t\t\t<div class=\"elementor-element elementor-element-6455cff elementor-widget elementor-widget-shortcode\" data-id=\"6455cff\" data-element_type=\"widget\" data-e-type=\"widget\" data-widget_type=\"shortcode.default\">\n\t\t\t\t<div class=\"elementor-widget-container\">\n\t\t\t\t\t\t\t<div class=\"elementor-shortcode\">\t\t<div data-elementor-type=\"section\" data-elementor-id=\"4053\" class=\"elementor elementor-4053\" data-elementor-post-type=\"elementor_library\">\n\t\t\t\t\t<section class=\"elementor-section elementor-top-section elementor-element elementor-element-2b32ff4a elementor-section-boxed elementor-section-height-default elementor-section-height-default\" data-id=\"2b32ff4a\" data-element_type=\"section\" data-e-type=\"section\">\n\t\t\t\t\t\t<div class=\"elementor-container elementor-column-gap-default\">\n\t\t\t\t\t<div class=\"elementor-column elementor-col-100 elementor-top-column elementor-element elementor-element-7946532d\" data-id=\"7946532d\" data-element_type=\"column\" data-e-type=\"column\">\n\t\t\t<div class=\"elementor-widget-wrap elementor-element-populated\">\n\t\t\t\t\t\t<div class=\"elementor-element elementor-element-70df52f2 elementor-widget elementor-widget-heading\" data-id=\"70df52f2\" data-element_type=\"widget\" data-e-type=\"widget\" data-widget_type=\"heading.default\">\n\t\t\t\t<div class=\"elementor-widget-container\">\n\t\t\t\t\t<span class=\"elementor-heading-title elementor-size-default\">Contact<\/span>\t\t\t\t<\/div>\n\t\t\t\t<\/div>\n\t\t\t\t<div class=\"elementor-element elementor-element-135f401a elementor-widget elementor-widget-heading\" data-id=\"135f401a\" data-element_type=\"widget\" data-e-type=\"widget\" data-widget_type=\"heading.default\">\n\t\t\t\t<div class=\"elementor-widget-container\">\n\t\t\t\t\t<h2 class=\"elementor-heading-title elementor-size-default\">Contact<\/h2>\t\t\t\t<\/div>\n\t\t\t\t<\/div>\n\t\t\t\t<section class=\"elementor-section elementor-inner-section elementor-element elementor-element-beb7c18 elementor-section-boxed elementor-section-height-default elementor-section-height-default\" data-id=\"beb7c18\" data-element_type=\"section\" data-e-type=\"section\" data-settings=\"{&quot;background_background&quot;:&quot;classic&quot;}\">\n\t\t\t\t\t\t<div class=\"elementor-container elementor-column-gap-default\">\n\t\t\t\t\t<div class=\"elementor-column elementor-col-50 elementor-inner-column elementor-element elementor-element-6dabd200\" data-id=\"6dabd200\" data-element_type=\"column\" data-e-type=\"column\">\n\t\t\t<div class=\"elementor-widget-wrap\">\n\t\t\t\t\t\t\t<\/div>\n\t\t<\/div>\n\t\t\t\t<div class=\"elementor-column elementor-col-50 elementor-inner-column elementor-element elementor-element-179c93be\" data-id=\"179c93be\" data-element_type=\"column\" data-e-type=\"column\" data-settings=\"{&quot;background_background&quot;:&quot;classic&quot;}\">\n\t\t\t<div class=\"elementor-widget-wrap elementor-element-populated\">\n\t\t\t\t\t\t<div class=\"elementor-element elementor-element-51bcc4f0 elementor-widget elementor-widget-heading\" data-id=\"51bcc4f0\" data-element_type=\"widget\" data-e-type=\"widget\" data-widget_type=\"heading.default\">\n\t\t\t\t<div class=\"elementor-widget-container\">\n\t\t\t\t\t<h2 class=\"elementor-heading-title elementor-size-default\">DO YOU HAVE ANY QUESTIONS? WE ARE HERE FOR YOU - BY MAIL,<br> CONTACT FORM OR BY PHONE!<\/h2>\t\t\t\t<\/div>\n\t\t\t\t<\/div>\n\t\t\t\t<div class=\"elementor-element elementor-element-62c78ea0 elementor-align-start elementor-widget__width-auto elementor-icon-list--layout-traditional elementor-list-item-link-full_width elementor-widget elementor-widget-icon-list\" data-id=\"62c78ea0\" data-element_type=\"widget\" data-e-type=\"widget\" data-widget_type=\"icon-list.default\">\n\t\t\t\t<div class=\"elementor-widget-container\">\n\t\t\t\t\t\t\t<ul class=\"elementor-icon-list-items\">\n\t\t\t\t\t\t\t<li class=\"elementor-icon-list-item\">\n\t\t\t\t\t\t\t\t\t\t\t<a href=\"mailto:info@pasflights.com\">\n\n\t\t\t\t\t\t\t\t\t\t\t\t<span class=\"elementor-icon-list-icon\">\n\t\t\t\t\t\t\t<i aria-hidden=\"true\" class=\"fas fa-envelope\"><\/i>\t\t\t\t\t\t<\/span>\n\t\t\t\t\t\t\t\t\t\t<span class=\"elementor-icon-list-text\">info@pasflights.com<\/span>\n\t\t\t\t\t\t\t\t\t\t\t<\/a>\n\t\t\t\t\t\t\t\t\t<\/li>\n\t\t\t\t\t\t\t\t<li class=\"elementor-icon-list-item\">\n\t\t\t\t\t\t\t\t\t\t\t<a href=\"tel:+49%202204%2070606-0\">\n\n\t\t\t\t\t\t\t\t\t\t\t\t<span class=\"elementor-icon-list-icon\">\n\t\t\t\t\t\t\t<i aria-hidden=\"true\" class=\"fas fa-phone-alt\"><\/i>\t\t\t\t\t\t<\/span>\n\t\t\t\t\t\t\t\t\t\t<span class=\"elementor-icon-list-text\">+ 49 2204 70606-0<\/span>\n\t\t\t\t\t\t\t\t\t\t\t<\/a>\n\t\t\t\t\t\t\t\t\t<\/li>\n\t\t\t\t\t\t<\/ul>\n\t\t\t\t\t\t<\/div>\n\t\t\t\t<\/div>\n\t\t\t\t<div class=\"elementor-element elementor-element-42d79e51 elementor-align-right pinkbuttonfull elementor-tablet-align-left elementor-mobile-align-justify elementor-widget elementor-widget-button\" data-id=\"42d79e51\" data-element_type=\"widget\" data-e-type=\"widget\" data-widget_type=\"button.default\">\n\t\t\t\t<div class=\"elementor-widget-container\">\n\t\t\t\t\t\t\t\t\t<div class=\"elementor-button-wrapper\">\n\t\t\t\t\t<a class=\"elementor-button elementor-button-link elementor-size-sm\" href=\"\/en\/contact\/\">\n\t\t\t\t\t\t<span class=\"elementor-button-content-wrapper\">\n\t\t\t\t\t\t\t\t\t<span class=\"elementor-button-text\">Contact us now<\/span>\n\t\t\t\t\t<\/span>\n\t\t\t\t\t<\/a>\n\t\t\t\t<\/div>\n\t\t\t\t\t\t\t\t<\/div>\n\t\t\t\t<\/div>\n\t\t\t\t\t<\/div>\n\t\t<\/div>\n\t\t\t\t\t<\/div>\n\t\t<\/section>\n\t\t\t\t<div class=\"elementor-element elementor-element-36ddcb56 elementor-widget elementor-widget-image\" data-id=\"36ddcb56\" data-element_type=\"widget\" data-e-type=\"widget\" data-widget_type=\"image.default\">\n\t\t\t\t<div class=\"elementor-widget-container\">\n\t\t\t\t\t\t\t\t\t\t\t\t\t\t\t<img fetchpriority=\"high\" decoding=\"async\" width=\"800\" height=\"424\" src=\"https:\/\/emtoqdv5thq.exactdn.com\/wp-content\/uploads\/2021\/11\/privatjet-buchen_kontakt.jpg?strip=all&amp;fit=800%2C424\" class=\"attachment-large size-large wp-image-21356\" alt=\"Eine Frau mit Kopfh\u00f6rern sitzt im Flugzeug, l\u00e4chelt entspannt und h\u00e4lt ein Glas, w\u00e4hrend sie aus dem Fenster schaut.\" srcset=\"https:\/\/emtoqdv5thq.exactdn.com\/wp-content\/uploads\/2021\/11\/privatjet-buchen_kontakt.jpg?strip=all 1272w, https:\/\/emtoqdv5thq.exactdn.com\/wp-content\/uploads\/2021\/11\/privatjet-buchen_kontakt-300x159.jpg?strip=all 300w, https:\/\/emtoqdv5thq.exactdn.com\/wp-content\/uploads\/2021\/11\/privatjet-buchen_kontakt-1024x543.jpg?strip=all 1024w, https:\/\/emtoqdv5thq.exactdn.com\/wp-content\/uploads\/2021\/11\/privatjet-buchen_kontakt-768x407.jpg?strip=all 768w, https:\/\/emtoqdv5thq.exactdn.com\/wp-content\/uploads\/2021\/11\/privatjet-buchen_kontakt.jpg?strip=all&amp;w=508 508w, https:\/\/emtoqdv5thq.exactdn.com\/wp-content\/uploads\/2021\/11\/privatjet-buchen_kontakt.jpg?strip=all&amp;w=450 450w\" sizes=\"(max-width: 800px) 100vw, 800px\" \/>\t\t\t\t\t\t\t\t\t\t\t\t\t\t\t<\/div>\n\t\t\t\t<\/div>\n\t\t\t\t\t<\/div>\n\t\t<\/div>\n\t\t\t\t\t<\/div>\n\t\t<\/section>\n\t\t\t\t<\/div>\n\t\t<\/div>\n\t\t\t\t\t\t<\/div>\n\t\t\t\t<\/div>\n\t\t\t\t\t<\/div>\n\t\t<\/div>\n\t\t\t\t\t<\/div>\n\t\t<\/section>\n\t\t\t\t<\/div>\n\t\t","protected":false},"excerpt":{"rendered":"<p>ACMI and Long Term Leasing Our many years of experience have aloud us to to build excellent relations with many airlines. This network and knowledge feeds our own database so that we can easily process all ACMI (Aircraft, Crew, Maintenance and Insurance) requests from other airlines as well as Wet Lease, Damp Lease and Dry [&hellip;]<\/p>\n","protected":false},"author":5,"featured_media":21230,"parent":23170,"menu_order":0,"comment_status":"closed","ping_status":"closed","template":"","meta":{"_acf_changed":false,"footnotes":""},"categories":[],"tags":[159,174],"class_list":["post-23171","page","type-page","status-publish","has-post-thumbnail","hentry","tag-branche-fr","tag-sector-fr"],"acf":[],"yoast_head":"<!-- This site is optimized with the Yoast SEO plugin v27.4 - https:\/\/yoast.com\/product\/yoast-seo-wordpress\/ -->\n<title>ACMI and Long Term Leasing - Pasflights<\/title>\n<meta name=\"robots\" content=\"index, follow, max-snippet:-1, max-image-preview:large, max-video-preview:-1\" \/>\n<link rel=\"canonical\" href=\"https:\/\/www.pasflights.com\/fr\/secteur-transport-aerien\/acmi-and-long-term-leasing\/\" \/>\n<meta property=\"og:locale\" content=\"fr_FR\" \/>\n<meta property=\"og:type\" content=\"article\" \/>\n<meta property=\"og:title\" content=\"ACMI and Long Term Leasing - Pasflights\" \/>\n<meta property=\"og:description\" content=\"ACMI and Long Term Leasing Our many years of experience have aloud us to to build excellent relations with many airlines. This network and knowledge feeds our own database so that we can easily process all ACMI (Aircraft, Crew, Maintenance and Insurance) requests from other airlines as well as Wet Lease, Damp Lease and Dry [&hellip;]\" \/>\n<meta property=\"og:url\" content=\"https:\/\/www.pasflights.com\/fr\/secteur-transport-aerien\/acmi-and-long-term-leasing\/\" \/>\n<meta property=\"og:site_name\" content=\"Pasflights\" \/>\n<meta name=\"twitter:card\" content=\"summary_large_image\" \/>\n<script type=\"application\/ld+json\" class=\"yoast-schema-graph\">{\"@context\":\"https:\\\/\\\/schema.org\",\"@graph\":[{\"@type\":\"WebPage\",\"@id\":\"https:\\\/\\\/www.pasflights.com\\\/fr\\\/secteur-transport-aerien\\\/acmi-and-long-term-leasing\\\/\",\"url\":\"https:\\\/\\\/www.pasflights.com\\\/fr\\\/secteur-transport-aerien\\\/acmi-and-long-term-leasing\\\/\",\"name\":\"ACMI and Long Term Leasing - Pasflights\",\"isPartOf\":{\"@id\":\"https:\\\/\\\/www.pasflights.com\\\/fr\\\/#website\"},\"primaryImageOfPage\":{\"@id\":\"https:\\\/\\\/www.pasflights.com\\\/fr\\\/secteur-transport-aerien\\\/acmi-and-long-term-leasing\\\/#primaryimage\"},\"image\":{\"@id\":\"https:\\\/\\\/www.pasflights.com\\\/fr\\\/secteur-transport-aerien\\\/acmi-and-long-term-leasing\\\/#primaryimage\"},\"thumbnailUrl\":\"https:\\\/\\\/emtoqdv5thq.exactdn.com\\\/wp-content\\\/uploads\\\/2021\\\/12\\\/ACMI-und-Long-Term-Leasing-banner-scaled.jpg?strip=all\",\"datePublished\":\"2022-06-08T11:27:52+00:00\",\"breadcrumb\":{\"@id\":\"https:\\\/\\\/www.pasflights.com\\\/fr\\\/secteur-transport-aerien\\\/acmi-and-long-term-leasing\\\/#breadcrumb\"},\"inLanguage\":\"fr-FR\",\"potentialAction\":[{\"@type\":\"ReadAction\",\"target\":[\"https:\\\/\\\/www.pasflights.com\\\/fr\\\/secteur-transport-aerien\\\/acmi-and-long-term-leasing\\\/\"]}]},{\"@type\":\"ImageObject\",\"inLanguage\":\"fr-FR\",\"@id\":\"https:\\\/\\\/www.pasflights.com\\\/fr\\\/secteur-transport-aerien\\\/acmi-and-long-term-leasing\\\/#primaryimage\",\"url\":\"https:\\\/\\\/emtoqdv5thq.exactdn.com\\\/wp-content\\\/uploads\\\/2021\\\/12\\\/ACMI-und-Long-Term-Leasing-banner-scaled.jpg?strip=all\",\"contentUrl\":\"https:\\\/\\\/emtoqdv5thq.exactdn.com\\\/wp-content\\\/uploads\\\/2021\\\/12\\\/ACMI-und-Long-Term-Leasing-banner-scaled.jpg?strip=all\",\"width\":2560,\"height\":877,\"caption\":\"Ein grauer Flugzeugsitz mit wei\u00dfem Kopfteil zeigt das Logo \\\"PAS Professional Aviation Solutions\\\" neben einem Fenster mit blauem Himmel sichtbar.\"},{\"@type\":\"BreadcrumbList\",\"@id\":\"https:\\\/\\\/www.pasflights.com\\\/fr\\\/secteur-transport-aerien\\\/acmi-and-long-term-leasing\\\/#breadcrumb\",\"itemListElement\":[{\"@type\":\"ListItem\",\"position\":1,\"name\":\"Startseite\",\"item\":\"https:\\\/\\\/www.pasflights.com\\\/fr\\\/\"},{\"@type\":\"ListItem\",\"position\":2,\"name\":\"Secteurs d\u2019activit\u00e9s\",\"item\":\"https:\\\/\\\/www.pasflights.com\\\/fr\\\/branche\\\/\"},{\"@type\":\"ListItem\",\"position\":3,\"name\":\"ACMI and Long Term Leasing\"}]},{\"@type\":\"WebSite\",\"@id\":\"https:\\\/\\\/www.pasflights.com\\\/fr\\\/#website\",\"url\":\"https:\\\/\\\/www.pasflights.com\\\/fr\\\/\",\"name\":\"Pasflights\",\"description\":\"Eine weitere WordPress-Website\",\"potentialAction\":[{\"@type\":\"SearchAction\",\"target\":{\"@type\":\"EntryPoint\",\"urlTemplate\":\"https:\\\/\\\/www.pasflights.com\\\/fr\\\/?s={search_term_string}\"},\"query-input\":{\"@type\":\"PropertyValueSpecification\",\"valueRequired\":true,\"valueName\":\"search_term_string\"}}],\"inLanguage\":\"fr-FR\"}]}<\/script>\n<!-- \/ Yoast SEO plugin. -->","yoast_head_json":{"title":"ACMI and Long Term Leasing - Pasflights","robots":{"index":"index","follow":"follow","max-snippet":"max-snippet:-1","max-image-preview":"max-image-preview:large","max-video-preview":"max-video-preview:-1"},"canonical":"https:\/\/www.pasflights.com\/fr\/secteur-transport-aerien\/acmi-and-long-term-leasing\/","og_locale":"fr_FR","og_type":"article","og_title":"ACMI and Long Term Leasing - Pasflights","og_description":"ACMI and Long Term Leasing Our many years of experience have aloud us to to build excellent relations with many airlines. This network and knowledge feeds our own database so that we can easily process all ACMI (Aircraft, Crew, Maintenance and Insurance) requests from other airlines as well as Wet Lease, Damp Lease and Dry [&hellip;]","og_url":"https:\/\/www.pasflights.com\/fr\/secteur-transport-aerien\/acmi-and-long-term-leasing\/","og_site_name":"Pasflights","twitter_card":"summary_large_image","schema":{"@context":"https:\/\/schema.org","@graph":[{"@type":"WebPage","@id":"https:\/\/www.pasflights.com\/fr\/secteur-transport-aerien\/acmi-and-long-term-leasing\/","url":"https:\/\/www.pasflights.com\/fr\/secteur-transport-aerien\/acmi-and-long-term-leasing\/","name":"ACMI and Long Term Leasing - Pasflights","isPartOf":{"@id":"https:\/\/www.pasflights.com\/fr\/#website"},"primaryImageOfPage":{"@id":"https:\/\/www.pasflights.com\/fr\/secteur-transport-aerien\/acmi-and-long-term-leasing\/#primaryimage"},"image":{"@id":"https:\/\/www.pasflights.com\/fr\/secteur-transport-aerien\/acmi-and-long-term-leasing\/#primaryimage"},"thumbnailUrl":"https:\/\/emtoqdv5thq.exactdn.com\/wp-content\/uploads\/2021\/12\/ACMI-und-Long-Term-Leasing-banner-scaled.jpg?strip=all","datePublished":"2022-06-08T11:27:52+00:00","breadcrumb":{"@id":"https:\/\/www.pasflights.com\/fr\/secteur-transport-aerien\/acmi-and-long-term-leasing\/#breadcrumb"},"inLanguage":"fr-FR","potentialAction":[{"@type":"ReadAction","target":["https:\/\/www.pasflights.com\/fr\/secteur-transport-aerien\/acmi-and-long-term-leasing\/"]}]},{"@type":"ImageObject","inLanguage":"fr-FR","@id":"https:\/\/www.pasflights.com\/fr\/secteur-transport-aerien\/acmi-and-long-term-leasing\/#primaryimage","url":"https:\/\/emtoqdv5thq.exactdn.com\/wp-content\/uploads\/2021\/12\/ACMI-und-Long-Term-Leasing-banner-scaled.jpg?strip=all","contentUrl":"https:\/\/emtoqdv5thq.exactdn.com\/wp-content\/uploads\/2021\/12\/ACMI-und-Long-Term-Leasing-banner-scaled.jpg?strip=all","width":2560,"height":877,"caption":"Ein grauer Flugzeugsitz mit wei\u00dfem Kopfteil zeigt das Logo \"PAS Professional Aviation Solutions\" neben einem Fenster mit blauem Himmel sichtbar."},{"@type":"BreadcrumbList","@id":"https:\/\/www.pasflights.com\/fr\/secteur-transport-aerien\/acmi-and-long-term-leasing\/#breadcrumb","itemListElement":[{"@type":"ListItem","position":1,"name":"Startseite","item":"https:\/\/www.pasflights.com\/fr\/"},{"@type":"ListItem","position":2,"name":"Secteurs d\u2019activit\u00e9s","item":"https:\/\/www.pasflights.com\/fr\/branche\/"},{"@type":"ListItem","position":3,"name":"ACMI and Long Term Leasing"}]},{"@type":"WebSite","@id":"https:\/\/www.pasflights.com\/fr\/#website","url":"https:\/\/www.pasflights.com\/fr\/","name":"Pasflights","description":"Eine weitere WordPress-Website","potentialAction":[{"@type":"SearchAction","target":{"@type":"EntryPoint","urlTemplate":"https:\/\/www.pasflights.com\/fr\/?s={search_term_string}"},"query-input":{"@type":"PropertyValueSpecification","valueRequired":true,"valueName":"search_term_string"}}],"inLanguage":"fr-FR"}]}},"_links":{"self":[{"href":"https:\/\/www.pasflights.com\/fr\/wp-json\/wp\/v2\/pages\/23171","targetHints":{"allow":["GET"]}}],"collection":[{"href":"https:\/\/www.pasflights.com\/fr\/wp-json\/wp\/v2\/pages"}],"about":[{"href":"https:\/\/www.pasflights.com\/fr\/wp-json\/wp\/v2\/types\/page"}],"author":[{"embeddable":true,"href":"https:\/\/www.pasflights.com\/fr\/wp-json\/wp\/v2\/users\/5"}],"replies":[{"embeddable":true,"href":"https:\/\/www.pasflights.com\/fr\/wp-json\/wp\/v2\/comments?post=23171"}],"version-history":[{"count":0,"href":"https:\/\/www.pasflights.com\/fr\/wp-json\/wp\/v2\/pages\/23171\/revisions"}],"up":[{"embeddable":true,"href":"https:\/\/www.pasflights.com\/fr\/wp-json\/wp\/v2\/pages\/23170"}],"wp:featuredmedia":[{"embeddable":true,"href":"https:\/\/www.pasflights.com\/fr\/wp-json\/wp\/v2\/media\/21230"}],"wp:attachment":[{"href":"https:\/\/www.pasflights.com\/fr\/wp-json\/wp\/v2\/media?parent=23171"}],"wp:term":[{"taxonomy":"category","embeddable":true,"href":"https:\/\/www.pasflights.com\/fr\/wp-json\/wp\/v2\/categories?post=23171"},{"taxonomy":"post_tag","embeddable":true,"href":"https:\/\/www.pasflights.com\/fr\/wp-json\/wp\/v2\/tags?post=23171"}],"curies":[{"name":"wp","href":"https:\/\/api.w.org\/{rel}","templated":true}]}}