{"id":23181,"date":"2022-03-06T06:47:51","date_gmt":"2022-03-06T05:47:51","guid":{"rendered":"https:\/\/www.pasflights.com\/services\/24-7-support\/"},"modified":"2025-10-31T11:39:43","modified_gmt":"2025-10-31T10:39:43","slug":"assistance-24-7","status":"publish","type":"page","link":"https:\/\/www.pasflights.com\/fr\/services-aeriens-sur-mesure\/assistance-24-7\/","title":{"rendered":"Assistance 24\/7"},"content":{"rendered":"\t\t<div data-elementor-type=\"wp-page\" data-elementor-id=\"23181\" class=\"elementor elementor-23181 elementor-1646\" data-elementor-post-type=\"page\">\n\t\t\t\t\t\t<section class=\"elementor-section elementor-top-section elementor-element elementor-element-284fc713 elementor-section-boxed elementor-section-height-default elementor-section-height-default\" data-id=\"284fc713\" data-element_type=\"section\" data-e-type=\"section\">\n\t\t\t\t\t\t<div class=\"elementor-container elementor-column-gap-default\">\n\t\t\t\t\t<div class=\"elementor-column elementor-col-100 elementor-top-column elementor-element elementor-element-6364242e\" data-id=\"6364242e\" data-element_type=\"column\" data-e-type=\"column\">\n\t\t\t<div class=\"elementor-widget-wrap elementor-element-populated\">\n\t\t\t\t\t\t<div class=\"elementor-element elementor-element-1b48156a elementor-widget elementor-widget-heading\" data-id=\"1b48156a\" data-element_type=\"widget\" data-e-type=\"widget\" data-widget_type=\"heading.default\">\n\t\t\t\t<div class=\"elementor-widget-container\">\n\t\t\t\t\t<h1 class=\"elementor-heading-title elementor-size-default\">Assistance 24\/4<\/h1>\t\t\t\t<\/div>\n\t\t\t\t<\/div>\n\t\t\t\t<div class=\"elementor-element elementor-element-33c90d76 elementor-widget elementor-widget-text-editor\" data-id=\"33c90d76\" data-element_type=\"widget\" data-e-type=\"widget\" data-widget_type=\"text-editor.default\">\n\t\t\t\t<div class=\"elementor-widget-container\">\n\t\t\t\t\t\t\t\t\t<p><span style=\"font-weight: 400;\">PASflights est \u00e0 votre disposition 24 heures sur 24, 7 jours sur 7, avec le sourire ! Chaque fois que vous avez besoin de nous, vous \u00eates mis(e) en relation avec un interlocuteur comp\u00e9tent qui vous aide \u00e0 trouver la solution de vol parfaite et vous tient inform\u00e9(e) en permanence. Gr\u00e2ce \u00e0 notre syst\u00e8me de r\u00e9servation au service du client, nous sommes toujours en mesure de vous communiquer le statut en temps r\u00e9el de votre voyage.<\/span><\/p><p><span style=\"font-weight: 400;\">Gr\u00e2ce \u00e0 une \u00e9quipe disponible, nous assistons nos responsables d&rsquo;enregistrement (check-in managers) : nous v\u00e9rifions la position de l&rsquo;appareil sur le radar et sommes en contact avec l&rsquo;\u00e9quipage ainsi qu&rsquo;avec le service des op\u00e9rations des compagnies a\u00e9riennes. Chez PASflights, nous coordonnons un d\u00e9roulement fluide et efficient pour tout type de voyage.<\/span><\/p><p><span style=\"font-weight: 400;\">Nos experts en vol sont disponibles 24\/7 au <\/span><a href=\"tel:+33%206%2083%2032%2091%2031\"><span style=\"font-weight: 400;\">+33 (0)6 83 32 91 31<\/span><\/a><span style=\"font-weight: 400;\">\u00a0<\/span><\/p><p><span style=\"font-weight: 400;\">Vous avez des questions ou souhaitez des conseils d\u00e9taill\u00e9s ? Les experts de PASflights sont l\u00e0 pour vous et se feront un plaisir de r\u00e9pondre \u00e0 toutes vos interrogations. Contactez-nous, et nous vous accompagnerons pour votre voyage individuel et sur mesure.<\/span><\/p>\t\t\t\t\t\t\t\t<\/div>\n\t\t\t\t<\/div>\n\t\t\t\t\t<\/div>\n\t\t<\/div>\n\t\t\t\t\t<\/div>\n\t\t<\/section>\n\t\t\t\t<section class=\"elementor-section elementor-top-section elementor-element elementor-element-c1d9f7a elementor-section-boxed elementor-section-height-default elementor-section-height-default\" data-id=\"c1d9f7a\" data-element_type=\"section\" data-e-type=\"section\">\n\t\t\t\t\t\t<div class=\"elementor-container elementor-column-gap-default\">\n\t\t\t\t\t<div class=\"elementor-column elementor-col-100 elementor-top-column elementor-element elementor-element-2f70de7\" data-id=\"2f70de7\" data-element_type=\"column\" data-e-type=\"column\">\n\t\t\t<div class=\"elementor-widget-wrap elementor-element-populated\">\n\t\t\t\t\t\t<div class=\"elementor-element elementor-element-599f0b6 elementor-widget elementor-widget-heading\" data-id=\"599f0b6\" data-element_type=\"widget\" data-e-type=\"widget\" data-widget_type=\"heading.default\">\n\t\t\t\t<div class=\"elementor-widget-container\">\n\t\t\t\t\t<span class=\"elementor-heading-title elementor-size-default\">Contact<\/span>\t\t\t\t<\/div>\n\t\t\t\t<\/div>\n\t\t\t\t<div class=\"elementor-element elementor-element-77503c0 elementor-widget elementor-widget-heading\" data-id=\"77503c0\" data-element_type=\"widget\" data-e-type=\"widget\" data-widget_type=\"heading.default\">\n\t\t\t\t<div class=\"elementor-widget-container\">\n\t\t\t\t\t<h2 class=\"elementor-heading-title elementor-size-default\">Contact<\/h2>\t\t\t\t<\/div>\n\t\t\t\t<\/div>\n\t\t\t\t<section class=\"elementor-section elementor-inner-section elementor-element elementor-element-c7aea5d elementor-section-boxed elementor-section-height-default elementor-section-height-default\" data-id=\"c7aea5d\" data-element_type=\"section\" data-e-type=\"section\" data-settings=\"{&quot;background_background&quot;:&quot;classic&quot;}\">\n\t\t\t\t\t\t<div class=\"elementor-container elementor-column-gap-default\">\n\t\t\t\t\t<div class=\"elementor-column elementor-col-50 elementor-inner-column elementor-element elementor-element-1f2b655\" data-id=\"1f2b655\" data-element_type=\"column\" data-e-type=\"column\">\n\t\t\t<div class=\"elementor-widget-wrap\">\n\t\t\t\t\t\t\t<\/div>\n\t\t<\/div>\n\t\t\t\t<div class=\"elementor-column elementor-col-50 elementor-inner-column elementor-element elementor-element-655ed37\" data-id=\"655ed37\" data-element_type=\"column\" data-e-type=\"column\" data-settings=\"{&quot;background_background&quot;:&quot;classic&quot;}\">\n\t\t\t<div class=\"elementor-widget-wrap elementor-element-populated\">\n\t\t\t\t\t\t<div class=\"elementor-element elementor-element-86564bf elementor-widget elementor-widget-heading\" data-id=\"86564bf\" data-element_type=\"widget\" data-e-type=\"widget\" data-widget_type=\"heading.default\">\n\t\t\t\t<div class=\"elementor-widget-container\">\n\t\t\t\t\t<h2 class=\"elementor-heading-title elementor-size-default\">Avez-vous des questions ? Nous sommes l\u00e0 pour vous : par mail, via le formulaire de contact ou par t\u00e9l\u00e9phone !<\/h2>\t\t\t\t<\/div>\n\t\t\t\t<\/div>\n\t\t\t\t<div class=\"elementor-element elementor-element-ab8e569 elementor-align-start elementor-widget__width-auto elementor-icon-list--layout-traditional elementor-list-item-link-full_width elementor-widget elementor-widget-icon-list\" data-id=\"ab8e569\" data-element_type=\"widget\" data-e-type=\"widget\" data-widget_type=\"icon-list.default\">\n\t\t\t\t<div class=\"elementor-widget-container\">\n\t\t\t\t\t\t\t<ul class=\"elementor-icon-list-items\">\n\t\t\t\t\t\t\t<li class=\"elementor-icon-list-item\">\n\t\t\t\t\t\t\t\t\t\t\t<a href=\"mailto:france@pasflights.com\">\n\n\t\t\t\t\t\t\t\t\t\t\t\t<span class=\"elementor-icon-list-icon\">\n\t\t\t\t\t\t\t<i aria-hidden=\"true\" class=\"fas fa-envelope\"><\/i>\t\t\t\t\t\t<\/span>\n\t\t\t\t\t\t\t\t\t\t<span class=\"elementor-icon-list-text\">france@pasflights.com<\/span>\n\t\t\t\t\t\t\t\t\t\t\t<\/a>\n\t\t\t\t\t\t\t\t\t<\/li>\n\t\t\t\t\t\t\t\t<li class=\"elementor-icon-list-item\">\n\t\t\t\t\t\t\t\t\t\t\t<a href=\"tel:+33%206%2083%2032%2091%2031\">\n\n\t\t\t\t\t\t\t\t\t\t\t\t<span class=\"elementor-icon-list-icon\">\n\t\t\t\t\t\t\t<i aria-hidden=\"true\" class=\"fas fa-phone-alt\"><\/i>\t\t\t\t\t\t<\/span>\n\t\t\t\t\t\t\t\t\t\t<span class=\"elementor-icon-list-text\">+33 6 83 32 91 31<\/span>\n\t\t\t\t\t\t\t\t\t\t\t<\/a>\n\t\t\t\t\t\t\t\t\t<\/li>\n\t\t\t\t\t\t<\/ul>\n\t\t\t\t\t\t<\/div>\n\t\t\t\t<\/div>\n\t\t\t\t<div class=\"elementor-element elementor-element-c2e395d elementor-align-right pinkbuttonfull elementor-tablet-align-left elementor-mobile-align-justify elementor-widget elementor-widget-button\" data-id=\"c2e395d\" data-element_type=\"widget\" data-e-type=\"widget\" data-widget_type=\"button.default\">\n\t\t\t\t<div class=\"elementor-widget-container\">\n\t\t\t\t\t\t\t\t\t<div class=\"elementor-button-wrapper\">\n\t\t\t\t\t<a class=\"elementor-button elementor-button-link elementor-size-sm\" href=\"\/fr\/contact\/\">\n\t\t\t\t\t\t<span class=\"elementor-button-content-wrapper\">\n\t\t\t\t\t\t\t\t\t<span class=\"elementor-button-text\">CONTACTEZ-NOUS<\/span>\n\t\t\t\t\t<\/span>\n\t\t\t\t\t<\/a>\n\t\t\t\t<\/div>\n\t\t\t\t\t\t\t\t<\/div>\n\t\t\t\t<\/div>\n\t\t\t\t\t<\/div>\n\t\t<\/div>\n\t\t\t\t\t<\/div>\n\t\t<\/section>\n\t\t\t\t<div class=\"elementor-element elementor-element-145d16f elementor-widget elementor-widget-image\" data-id=\"145d16f\" data-element_type=\"widget\" data-e-type=\"widget\" data-widget_type=\"image.default\">\n\t\t\t\t<div class=\"elementor-widget-container\">\n\t\t\t\t\t\t\t\t\t\t\t\t\t\t\t<img fetchpriority=\"high\" decoding=\"async\" width=\"800\" height=\"424\" src=\"https:\/\/emtoqdv5thq.exactdn.com\/wp-content\/uploads\/2024\/08\/privatjet-buchen_kontakt.jpg?strip=all&amp;fit=800%2C424\" class=\"attachment-large size-large wp-image-22823\" alt=\"Eine Frau mit Kopfh\u00f6rern sitzt im Flugzeug, l\u00e4chelt entspannt und h\u00e4lt ein Glas, w\u00e4hrend sie aus dem Fenster schaut.\" srcset=\"https:\/\/emtoqdv5thq.exactdn.com\/wp-content\/uploads\/2024\/08\/privatjet-buchen_kontakt.jpg?strip=all 1272w, https:\/\/emtoqdv5thq.exactdn.com\/wp-content\/uploads\/2024\/08\/privatjet-buchen_kontakt-300x159.jpg?strip=all 300w, https:\/\/emtoqdv5thq.exactdn.com\/wp-content\/uploads\/2024\/08\/privatjet-buchen_kontakt-1024x543.jpg?strip=all 1024w, https:\/\/emtoqdv5thq.exactdn.com\/wp-content\/uploads\/2024\/08\/privatjet-buchen_kontakt-768x407.jpg?strip=all 768w, https:\/\/emtoqdv5thq.exactdn.com\/wp-content\/uploads\/2024\/08\/privatjet-buchen_kontakt.jpg?strip=all&amp;w=508 508w, https:\/\/emtoqdv5thq.exactdn.com\/wp-content\/uploads\/2024\/08\/privatjet-buchen_kontakt.jpg?strip=all&amp;w=450 450w\" sizes=\"(max-width: 800px) 100vw, 800px\" \/>\t\t\t\t\t\t\t\t\t\t\t\t\t\t\t<\/div>\n\t\t\t\t<\/div>\n\t\t\t\t\t<\/div>\n\t\t<\/div>\n\t\t\t\t\t<\/div>\n\t\t<\/section>\n\t\t\t\t<\/div>\n\t\t","protected":false},"excerpt":{"rendered":"<p>Assistance 24\/4 PASflights est \u00e0 votre disposition 24 heures sur 24, 7 jours sur 7, avec le sourire ! Chaque fois que vous avez besoin de nous, vous \u00eates mis(e) en relation avec un interlocuteur comp\u00e9tent qui vous aide \u00e0 trouver la solution de vol parfaite et vous tient inform\u00e9(e) en permanence. Gr\u00e2ce \u00e0 notre [&hellip;]<\/p>\n","protected":false},"author":2,"featured_media":21260,"parent":23180,"menu_order":10,"comment_status":"closed","ping_status":"closed","template":"","meta":{"_acf_changed":false,"footnotes":""},"categories":[],"tags":[160],"class_list":["post-23181","page","type-page","status-publish","has-post-thumbnail","hentry","tag-service-fr"],"acf":[],"yoast_head":"<!-- This site is optimized with the Yoast SEO plugin v27.5 - https:\/\/yoast.com\/product\/yoast-seo-wordpress\/ -->\n<title>Assistance 24\/7 - Pasflights<\/title>\n<meta name=\"description\" content=\"\u2014Meta description not set.\" \/>\n<meta name=\"robots\" content=\"index, follow, max-snippet:-1, max-image-preview:large, max-video-preview:-1\" \/>\n<link rel=\"canonical\" href=\"https:\/\/www.pasflights.com\/fr\/services-aeriens-sur-mesure\/assistance-24-7\/\" \/>\n<meta property=\"og:locale\" content=\"fr_FR\" \/>\n<meta property=\"og:type\" content=\"article\" \/>\n<meta property=\"og:title\" content=\"Assistance 24\/7 - Pasflights\" \/>\n<meta property=\"og:description\" content=\"\u2014Meta description not set.\" \/>\n<meta property=\"og:url\" content=\"https:\/\/www.pasflights.com\/fr\/services-aeriens-sur-mesure\/assistance-24-7\/\" \/>\n<meta property=\"og:site_name\" content=\"Pasflights\" \/>\n<meta property=\"article:modified_time\" content=\"2025-10-31T10:39:43+00:00\" \/>\n<meta property=\"og:image\" content=\"https:\/\/www.pasflights.com\/wp-content\/uploads\/2021\/12\/24-7-support-banner-scaled.jpg\" \/>\n\t<meta property=\"og:image:width\" content=\"2560\" \/>\n\t<meta property=\"og:image:height\" content=\"877\" \/>\n\t<meta property=\"og:image:type\" content=\"image\/jpeg\" \/>\n<meta name=\"twitter:card\" content=\"summary_large_image\" \/>\n<meta name=\"twitter:label1\" content=\"Dur\u00e9e de lecture estim\u00e9e\" \/>\n\t<meta name=\"twitter:data1\" content=\"2 minutes\" \/>\n<script type=\"application\/ld+json\" class=\"yoast-schema-graph\">{\"@context\":\"https:\\\/\\\/schema.org\",\"@graph\":[{\"@type\":\"WebPage\",\"@id\":\"https:\\\/\\\/www.pasflights.com\\\/fr\\\/services-aeriens-sur-mesure\\\/assistance-24-7\\\/\",\"url\":\"https:\\\/\\\/www.pasflights.com\\\/fr\\\/services-aeriens-sur-mesure\\\/assistance-24-7\\\/\",\"name\":\"Assistance 24\\\/7 - Pasflights\",\"isPartOf\":{\"@id\":\"https:\\\/\\\/www.pasflights.com\\\/fr\\\/#website\"},\"primaryImageOfPage\":{\"@id\":\"https:\\\/\\\/www.pasflights.com\\\/fr\\\/services-aeriens-sur-mesure\\\/assistance-24-7\\\/#primaryimage\"},\"image\":{\"@id\":\"https:\\\/\\\/www.pasflights.com\\\/fr\\\/services-aeriens-sur-mesure\\\/assistance-24-7\\\/#primaryimage\"},\"thumbnailUrl\":\"https:\\\/\\\/emtoqdv5thq.exactdn.com\\\/wp-content\\\/uploads\\\/2021\\\/12\\\/24-7-support-banner-scaled.jpg?strip=all\",\"datePublished\":\"2022-03-06T05:47:51+00:00\",\"dateModified\":\"2025-10-31T10:39:43+00:00\",\"description\":\"\u2014Meta description not set.\",\"breadcrumb\":{\"@id\":\"https:\\\/\\\/www.pasflights.com\\\/fr\\\/services-aeriens-sur-mesure\\\/assistance-24-7\\\/#breadcrumb\"},\"inLanguage\":\"fr-FR\",\"potentialAction\":[{\"@type\":\"ReadAction\",\"target\":[\"https:\\\/\\\/www.pasflights.com\\\/fr\\\/services-aeriens-sur-mesure\\\/assistance-24-7\\\/\"]}]},{\"@type\":\"ImageObject\",\"inLanguage\":\"fr-FR\",\"@id\":\"https:\\\/\\\/www.pasflights.com\\\/fr\\\/services-aeriens-sur-mesure\\\/assistance-24-7\\\/#primaryimage\",\"url\":\"https:\\\/\\\/emtoqdv5thq.exactdn.com\\\/wp-content\\\/uploads\\\/2021\\\/12\\\/24-7-support-banner-scaled.jpg?strip=all\",\"contentUrl\":\"https:\\\/\\\/emtoqdv5thq.exactdn.com\\\/wp-content\\\/uploads\\\/2021\\\/12\\\/24-7-support-banner-scaled.jpg?strip=all\",\"width\":2560,\"height\":877,\"caption\":\"Eine Person h\u00e4lt ein Flugzeugmodell gegen einen sonnenuntergangsroten Himmel, im Hintergrund verschwommene Geb\u00e4ude.\"},{\"@type\":\"BreadcrumbList\",\"@id\":\"https:\\\/\\\/www.pasflights.com\\\/fr\\\/services-aeriens-sur-mesure\\\/assistance-24-7\\\/#breadcrumb\",\"itemListElement\":[{\"@type\":\"ListItem\",\"position\":1,\"name\":\"Startseite\",\"item\":\"https:\\\/\\\/www.pasflights.com\\\/fr\\\/\"},{\"@type\":\"ListItem\",\"position\":2,\"name\":\"Services a\u00e9riens\",\"item\":\"https:\\\/\\\/www.pasflights.com\\\/fr\\\/services-aeriens-sur-mesure\\\/\"},{\"@type\":\"ListItem\",\"position\":3,\"name\":\"Assistance 24\\\/7\"}]},{\"@type\":\"WebSite\",\"@id\":\"https:\\\/\\\/www.pasflights.com\\\/fr\\\/#website\",\"url\":\"https:\\\/\\\/www.pasflights.com\\\/fr\\\/\",\"name\":\"Pasflights\",\"description\":\"Eine weitere WordPress-Website\",\"potentialAction\":[{\"@type\":\"SearchAction\",\"target\":{\"@type\":\"EntryPoint\",\"urlTemplate\":\"https:\\\/\\\/www.pasflights.com\\\/fr\\\/?s={search_term_string}\"},\"query-input\":{\"@type\":\"PropertyValueSpecification\",\"valueRequired\":true,\"valueName\":\"search_term_string\"}}],\"inLanguage\":\"fr-FR\"}]}<\/script>\n<!-- \/ Yoast SEO plugin. -->","yoast_head_json":{"title":"Assistance 24\/7 - Pasflights","description":"\u2014Meta description not set.","robots":{"index":"index","follow":"follow","max-snippet":"max-snippet:-1","max-image-preview":"max-image-preview:large","max-video-preview":"max-video-preview:-1"},"canonical":"https:\/\/www.pasflights.com\/fr\/services-aeriens-sur-mesure\/assistance-24-7\/","og_locale":"fr_FR","og_type":"article","og_title":"Assistance 24\/7 - Pasflights","og_description":"\u2014Meta description not set.","og_url":"https:\/\/www.pasflights.com\/fr\/services-aeriens-sur-mesure\/assistance-24-7\/","og_site_name":"Pasflights","article_modified_time":"2025-10-31T10:39:43+00:00","og_image":[{"width":2560,"height":877,"url":"https:\/\/www.pasflights.com\/wp-content\/uploads\/2021\/12\/24-7-support-banner-scaled.jpg","type":"image\/jpeg"}],"twitter_card":"summary_large_image","twitter_misc":{"Dur\u00e9e de lecture estim\u00e9e":"2 minutes"},"schema":{"@context":"https:\/\/schema.org","@graph":[{"@type":"WebPage","@id":"https:\/\/www.pasflights.com\/fr\/services-aeriens-sur-mesure\/assistance-24-7\/","url":"https:\/\/www.pasflights.com\/fr\/services-aeriens-sur-mesure\/assistance-24-7\/","name":"Assistance 24\/7 - Pasflights","isPartOf":{"@id":"https:\/\/www.pasflights.com\/fr\/#website"},"primaryImageOfPage":{"@id":"https:\/\/www.pasflights.com\/fr\/services-aeriens-sur-mesure\/assistance-24-7\/#primaryimage"},"image":{"@id":"https:\/\/www.pasflights.com\/fr\/services-aeriens-sur-mesure\/assistance-24-7\/#primaryimage"},"thumbnailUrl":"https:\/\/emtoqdv5thq.exactdn.com\/wp-content\/uploads\/2021\/12\/24-7-support-banner-scaled.jpg?strip=all","datePublished":"2022-03-06T05:47:51+00:00","dateModified":"2025-10-31T10:39:43+00:00","description":"\u2014Meta description not set.","breadcrumb":{"@id":"https:\/\/www.pasflights.com\/fr\/services-aeriens-sur-mesure\/assistance-24-7\/#breadcrumb"},"inLanguage":"fr-FR","potentialAction":[{"@type":"ReadAction","target":["https:\/\/www.pasflights.com\/fr\/services-aeriens-sur-mesure\/assistance-24-7\/"]}]},{"@type":"ImageObject","inLanguage":"fr-FR","@id":"https:\/\/www.pasflights.com\/fr\/services-aeriens-sur-mesure\/assistance-24-7\/#primaryimage","url":"https:\/\/emtoqdv5thq.exactdn.com\/wp-content\/uploads\/2021\/12\/24-7-support-banner-scaled.jpg?strip=all","contentUrl":"https:\/\/emtoqdv5thq.exactdn.com\/wp-content\/uploads\/2021\/12\/24-7-support-banner-scaled.jpg?strip=all","width":2560,"height":877,"caption":"Eine Person h\u00e4lt ein Flugzeugmodell gegen einen sonnenuntergangsroten Himmel, im Hintergrund verschwommene Geb\u00e4ude."},{"@type":"BreadcrumbList","@id":"https:\/\/www.pasflights.com\/fr\/services-aeriens-sur-mesure\/assistance-24-7\/#breadcrumb","itemListElement":[{"@type":"ListItem","position":1,"name":"Startseite","item":"https:\/\/www.pasflights.com\/fr\/"},{"@type":"ListItem","position":2,"name":"Services a\u00e9riens","item":"https:\/\/www.pasflights.com\/fr\/services-aeriens-sur-mesure\/"},{"@type":"ListItem","position":3,"name":"Assistance 24\/7"}]},{"@type":"WebSite","@id":"https:\/\/www.pasflights.com\/fr\/#website","url":"https:\/\/www.pasflights.com\/fr\/","name":"Pasflights","description":"Eine weitere WordPress-Website","potentialAction":[{"@type":"SearchAction","target":{"@type":"EntryPoint","urlTemplate":"https:\/\/www.pasflights.com\/fr\/?s={search_term_string}"},"query-input":{"@type":"PropertyValueSpecification","valueRequired":true,"valueName":"search_term_string"}}],"inLanguage":"fr-FR"}]}},"_links":{"self":[{"href":"https:\/\/www.pasflights.com\/fr\/wp-json\/wp\/v2\/pages\/23181","targetHints":{"allow":["GET"]}}],"collection":[{"href":"https:\/\/www.pasflights.com\/fr\/wp-json\/wp\/v2\/pages"}],"about":[{"href":"https:\/\/www.pasflights.com\/fr\/wp-json\/wp\/v2\/types\/page"}],"author":[{"embeddable":true,"href":"https:\/\/www.pasflights.com\/fr\/wp-json\/wp\/v2\/users\/2"}],"replies":[{"embeddable":true,"href":"https:\/\/www.pasflights.com\/fr\/wp-json\/wp\/v2\/comments?post=23181"}],"version-history":[{"count":6,"href":"https:\/\/www.pasflights.com\/fr\/wp-json\/wp\/v2\/pages\/23181\/revisions"}],"predecessor-version":[{"id":23503,"href":"https:\/\/www.pasflights.com\/fr\/wp-json\/wp\/v2\/pages\/23181\/revisions\/23503"}],"up":[{"embeddable":true,"href":"https:\/\/www.pasflights.com\/fr\/wp-json\/wp\/v2\/pages\/23180"}],"wp:featuredmedia":[{"embeddable":true,"href":"https:\/\/www.pasflights.com\/fr\/wp-json\/wp\/v2\/media\/21260"}],"wp:attachment":[{"href":"https:\/\/www.pasflights.com\/fr\/wp-json\/wp\/v2\/media?parent=23181"}],"wp:term":[{"taxonomy":"category","embeddable":true,"href":"https:\/\/www.pasflights.com\/fr\/wp-json\/wp\/v2\/categories?post=23181"},{"taxonomy":"post_tag","embeddable":true,"href":"https:\/\/www.pasflights.com\/fr\/wp-json\/wp\/v2\/tags?post=23181"}],"curies":[{"name":"wp","href":"https:\/\/api.w.org\/{rel}","templated":true}]}}