{"id":23185,"date":"2022-03-05T17:52:43","date_gmt":"2022-03-05T16:52:43","guid":{"rendered":"https:\/\/www.pasflights.com\/services\/flying-with-pets\/"},"modified":"2025-10-31T12:00:34","modified_gmt":"2025-10-31T11:00:34","slug":"vols-avec-animaux","status":"publish","type":"page","link":"https:\/\/www.pasflights.com\/fr\/services-aeriens-sur-mesure\/vols-avec-animaux\/","title":{"rendered":"Vols avec animaux"},"content":{"rendered":"\t\t<div data-elementor-type=\"wp-page\" data-elementor-id=\"23185\" class=\"elementor elementor-23185 elementor-1655\" data-elementor-post-type=\"page\">\n\t\t\t\t\t\t<section class=\"elementor-section elementor-top-section elementor-element elementor-element-2cc335e1 elementor-section-boxed elementor-section-height-default elementor-section-height-default\" data-id=\"2cc335e1\" data-element_type=\"section\" data-e-type=\"section\">\n\t\t\t\t\t\t<div class=\"elementor-container elementor-column-gap-default\">\n\t\t\t\t\t<div class=\"elementor-column elementor-col-100 elementor-top-column elementor-element elementor-element-1e30d274\" data-id=\"1e30d274\" data-element_type=\"column\" data-e-type=\"column\">\n\t\t\t<div class=\"elementor-widget-wrap elementor-element-populated\">\n\t\t\t\t\t\t<div class=\"elementor-element elementor-element-39724a4d elementor-widget elementor-widget-heading\" data-id=\"39724a4d\" data-element_type=\"widget\" data-e-type=\"widget\" data-widget_type=\"heading.default\">\n\t\t\t\t<div class=\"elementor-widget-container\">\n\t\t\t\t\t<h1 class=\"elementor-heading-title elementor-size-default\">Vols avec animaux<\/h1>\t\t\t\t<\/div>\n\t\t\t\t<\/div>\n\t\t\t\t<div class=\"elementor-element elementor-element-197edb27 elementor-widget elementor-widget-text-editor\" data-id=\"197edb27\" data-element_type=\"widget\" data-e-type=\"widget\" data-widget_type=\"text-editor.default\">\n\t\t\t\t<div class=\"elementor-widget-container\">\n\t\t\t\t\t\t\t\t\t<p><span style=\"font-weight: 400;\">Prendre l&rsquo;avion pour les vacances ne signifie pas n\u00e9cessairement laisser votre animal de compagnie ador\u00e9 \u00e0 la maison pendant des jours ou des semaines.<\/span><\/p><p><span style=\"font-weight: 400;\">\u00c0 bord d&rsquo;un jet priv\u00e9, vos animaux voyagent bien s\u00fbr confortablement en cabine, contrairement aux vols commerciaux. Ils b\u00e9n\u00e9ficient ainsi du m\u00eame confort que les passagers. Vous pouvez \u00eatre certain(e) que votre animal se portera bien pendant le vol.<\/span><\/p><p><span style=\"font-weight: 400;\">Bien entendu, si vous le souhaitez, nous pouvons \u00e9galement prendre en charge les repas de votre animal pendant le voyage. PASflights se chargera d&rsquo;organiser la nourriture pr\u00e9f\u00e9r\u00e9e de votre animal et de lui fournir suffisamment d&rsquo;eau potable.<\/span><\/p><p><span style=\"font-weight: 400;\">Faites-nous savoir comment vous souhaitez que votre animal soit transport\u00e9. Les experts en vol de PASflights tiendront compte de vos souhaits et organiseront les conditions de vol les plus confortables pour vous et vos animaux.<\/span><\/p><p><span style=\"font-weight: 400;\">Avez-vous d&rsquo;autres questions ou souhaitez-vous une consultation d\u00e9taill\u00e9e ? Les experts de PASflights sont l\u00e0 pour vous et se feront un plaisir de r\u00e9pondre \u00e0 toutes vos interrogations. Contactez-nous, et laissez-nous vous accompagner dans votre voyage personnalis\u00e9.<\/span><\/p>\t\t\t\t\t\t\t\t<\/div>\n\t\t\t\t<\/div>\n\t\t\t\t\t<\/div>\n\t\t<\/div>\n\t\t\t\t\t<\/div>\n\t\t<\/section>\n\t\t\t\t<section class=\"elementor-section elementor-top-section elementor-element elementor-element-99f5da1 elementor-section-boxed elementor-section-height-default elementor-section-height-default\" data-id=\"99f5da1\" data-element_type=\"section\" data-e-type=\"section\">\n\t\t\t\t\t\t<div class=\"elementor-container elementor-column-gap-default\">\n\t\t\t\t\t<div class=\"elementor-column elementor-col-100 elementor-top-column elementor-element elementor-element-74dca3f\" data-id=\"74dca3f\" data-element_type=\"column\" data-e-type=\"column\">\n\t\t\t<div class=\"elementor-widget-wrap elementor-element-populated\">\n\t\t\t\t\t\t<div class=\"elementor-element elementor-element-42a8955 elementor-widget elementor-widget-heading\" data-id=\"42a8955\" data-element_type=\"widget\" data-e-type=\"widget\" data-widget_type=\"heading.default\">\n\t\t\t\t<div class=\"elementor-widget-container\">\n\t\t\t\t\t<span class=\"elementor-heading-title elementor-size-default\">Contact<\/span>\t\t\t\t<\/div>\n\t\t\t\t<\/div>\n\t\t\t\t<div class=\"elementor-element elementor-element-075c766 elementor-widget elementor-widget-heading\" data-id=\"075c766\" data-element_type=\"widget\" data-e-type=\"widget\" data-widget_type=\"heading.default\">\n\t\t\t\t<div class=\"elementor-widget-container\">\n\t\t\t\t\t<h2 class=\"elementor-heading-title elementor-size-default\">Contact<\/h2>\t\t\t\t<\/div>\n\t\t\t\t<\/div>\n\t\t\t\t<section class=\"elementor-section elementor-inner-section elementor-element elementor-element-f42d3f6 elementor-section-boxed elementor-section-height-default elementor-section-height-default\" data-id=\"f42d3f6\" data-element_type=\"section\" data-e-type=\"section\" data-settings=\"{&quot;background_background&quot;:&quot;classic&quot;}\">\n\t\t\t\t\t\t<div class=\"elementor-container elementor-column-gap-default\">\n\t\t\t\t\t<div class=\"elementor-column elementor-col-50 elementor-inner-column elementor-element elementor-element-693ed33\" data-id=\"693ed33\" data-element_type=\"column\" data-e-type=\"column\">\n\t\t\t<div class=\"elementor-widget-wrap\">\n\t\t\t\t\t\t\t<\/div>\n\t\t<\/div>\n\t\t\t\t<div class=\"elementor-column elementor-col-50 elementor-inner-column elementor-element elementor-element-d082949\" data-id=\"d082949\" data-element_type=\"column\" data-e-type=\"column\" data-settings=\"{&quot;background_background&quot;:&quot;classic&quot;}\">\n\t\t\t<div class=\"elementor-widget-wrap elementor-element-populated\">\n\t\t\t\t\t\t<div class=\"elementor-element elementor-element-176c4d5 elementor-widget elementor-widget-heading\" data-id=\"176c4d5\" data-element_type=\"widget\" data-e-type=\"widget\" data-widget_type=\"heading.default\">\n\t\t\t\t<div class=\"elementor-widget-container\">\n\t\t\t\t\t<h2 class=\"elementor-heading-title elementor-size-default\">Avez-vous des questions ? Nous sommes l\u00e0 pour vous : par mail, via le formulaire de contact ou par t\u00e9l\u00e9phone !<\/h2>\t\t\t\t<\/div>\n\t\t\t\t<\/div>\n\t\t\t\t<div class=\"elementor-element elementor-element-ab7f9ed elementor-align-start elementor-widget__width-auto elementor-icon-list--layout-traditional elementor-list-item-link-full_width elementor-widget elementor-widget-icon-list\" data-id=\"ab7f9ed\" data-element_type=\"widget\" data-e-type=\"widget\" data-widget_type=\"icon-list.default\">\n\t\t\t\t<div class=\"elementor-widget-container\">\n\t\t\t\t\t\t\t<ul class=\"elementor-icon-list-items\">\n\t\t\t\t\t\t\t<li class=\"elementor-icon-list-item\">\n\t\t\t\t\t\t\t\t\t\t\t<a href=\"mailto:france@pasflights.com\">\n\n\t\t\t\t\t\t\t\t\t\t\t\t<span class=\"elementor-icon-list-icon\">\n\t\t\t\t\t\t\t<i aria-hidden=\"true\" class=\"fas fa-envelope\"><\/i>\t\t\t\t\t\t<\/span>\n\t\t\t\t\t\t\t\t\t\t<span class=\"elementor-icon-list-text\">france@pasflights.com<\/span>\n\t\t\t\t\t\t\t\t\t\t\t<\/a>\n\t\t\t\t\t\t\t\t\t<\/li>\n\t\t\t\t\t\t\t\t<li class=\"elementor-icon-list-item\">\n\t\t\t\t\t\t\t\t\t\t\t<a href=\"tel:+33%206%2083%2032%2091%2031\">\n\n\t\t\t\t\t\t\t\t\t\t\t\t<span class=\"elementor-icon-list-icon\">\n\t\t\t\t\t\t\t<i aria-hidden=\"true\" class=\"fas fa-phone-alt\"><\/i>\t\t\t\t\t\t<\/span>\n\t\t\t\t\t\t\t\t\t\t<span class=\"elementor-icon-list-text\">+33 6 83 32 91 31<\/span>\n\t\t\t\t\t\t\t\t\t\t\t<\/a>\n\t\t\t\t\t\t\t\t\t<\/li>\n\t\t\t\t\t\t<\/ul>\n\t\t\t\t\t\t<\/div>\n\t\t\t\t<\/div>\n\t\t\t\t<div class=\"elementor-element elementor-element-0bbd256 elementor-align-right pinkbuttonfull elementor-tablet-align-left elementor-mobile-align-justify elementor-widget elementor-widget-button\" data-id=\"0bbd256\" data-element_type=\"widget\" data-e-type=\"widget\" data-widget_type=\"button.default\">\n\t\t\t\t<div class=\"elementor-widget-container\">\n\t\t\t\t\t\t\t\t\t<div class=\"elementor-button-wrapper\">\n\t\t\t\t\t<a class=\"elementor-button elementor-button-link elementor-size-sm\" href=\"\/fr\/contact\/\">\n\t\t\t\t\t\t<span class=\"elementor-button-content-wrapper\">\n\t\t\t\t\t\t\t\t\t<span class=\"elementor-button-text\">CONTACTEZ-NOUS<\/span>\n\t\t\t\t\t<\/span>\n\t\t\t\t\t<\/a>\n\t\t\t\t<\/div>\n\t\t\t\t\t\t\t\t<\/div>\n\t\t\t\t<\/div>\n\t\t\t\t\t<\/div>\n\t\t<\/div>\n\t\t\t\t\t<\/div>\n\t\t<\/section>\n\t\t\t\t<div class=\"elementor-element elementor-element-b282b62 elementor-widget elementor-widget-image\" data-id=\"b282b62\" data-element_type=\"widget\" data-e-type=\"widget\" data-widget_type=\"image.default\">\n\t\t\t\t<div class=\"elementor-widget-container\">\n\t\t\t\t\t\t\t\t\t\t\t\t\t\t\t<img fetchpriority=\"high\" decoding=\"async\" width=\"800\" height=\"424\" src=\"https:\/\/emtoqdv5thq.exactdn.com\/wp-content\/uploads\/2024\/08\/privatjet-buchen_kontakt.jpg?strip=all&amp;fit=800%2C424\" class=\"attachment-large size-large wp-image-22823\" alt=\"Eine Frau mit Kopfh\u00f6rern sitzt im Flugzeug, l\u00e4chelt entspannt und h\u00e4lt ein Glas, w\u00e4hrend sie aus dem Fenster schaut.\" srcset=\"https:\/\/emtoqdv5thq.exactdn.com\/wp-content\/uploads\/2024\/08\/privatjet-buchen_kontakt.jpg?strip=all 1272w, https:\/\/emtoqdv5thq.exactdn.com\/wp-content\/uploads\/2024\/08\/privatjet-buchen_kontakt-300x159.jpg?strip=all 300w, https:\/\/emtoqdv5thq.exactdn.com\/wp-content\/uploads\/2024\/08\/privatjet-buchen_kontakt-1024x543.jpg?strip=all 1024w, https:\/\/emtoqdv5thq.exactdn.com\/wp-content\/uploads\/2024\/08\/privatjet-buchen_kontakt-768x407.jpg?strip=all 768w, https:\/\/emtoqdv5thq.exactdn.com\/wp-content\/uploads\/2024\/08\/privatjet-buchen_kontakt.jpg?strip=all&amp;w=508 508w, https:\/\/emtoqdv5thq.exactdn.com\/wp-content\/uploads\/2024\/08\/privatjet-buchen_kontakt.jpg?strip=all&amp;w=450 450w\" sizes=\"(max-width: 800px) 100vw, 800px\" \/>\t\t\t\t\t\t\t\t\t\t\t\t\t\t\t<\/div>\n\t\t\t\t<\/div>\n\t\t\t\t\t<\/div>\n\t\t<\/div>\n\t\t\t\t\t<\/div>\n\t\t<\/section>\n\t\t\t\t<\/div>\n\t\t","protected":false},"excerpt":{"rendered":"<p>Vols avec animaux Prendre l&rsquo;avion pour les vacances ne signifie pas n\u00e9cessairement laisser votre animal de compagnie ador\u00e9 \u00e0 la maison pendant des jours ou des semaines. \u00c0 bord d&rsquo;un jet priv\u00e9, vos animaux voyagent bien s\u00fbr confortablement en cabine, contrairement aux vols commerciaux. Ils b\u00e9n\u00e9ficient ainsi du m\u00eame confort que les passagers. Vous pouvez [&hellip;]<\/p>\n","protected":false},"author":2,"featured_media":21330,"parent":23180,"menu_order":40,"comment_status":"closed","ping_status":"closed","template":"","meta":{"_acf_changed":false,"footnotes":""},"categories":[],"tags":[160],"class_list":["post-23185","page","type-page","status-publish","has-post-thumbnail","hentry","tag-service-fr"],"acf":[],"yoast_head":"<!-- This site is optimized with the Yoast SEO plugin v27.4 - https:\/\/yoast.com\/product\/yoast-seo-wordpress\/ -->\n<title>Vols avec animaux - Pasflights<\/title>\n<meta name=\"description\" content=\"\u2014Meta description not set.\" \/>\n<meta name=\"robots\" content=\"index, follow, max-snippet:-1, max-image-preview:large, max-video-preview:-1\" \/>\n<link rel=\"canonical\" href=\"https:\/\/www.pasflights.com\/fr\/services-aeriens-sur-mesure\/vols-avec-animaux\/\" \/>\n<meta property=\"og:locale\" content=\"fr_FR\" \/>\n<meta property=\"og:type\" content=\"article\" \/>\n<meta property=\"og:title\" content=\"Vols avec animaux - Pasflights\" \/>\n<meta property=\"og:description\" content=\"\u2014Meta description not set.\" \/>\n<meta property=\"og:url\" content=\"https:\/\/www.pasflights.com\/fr\/services-aeriens-sur-mesure\/vols-avec-animaux\/\" \/>\n<meta property=\"og:site_name\" content=\"Pasflights\" \/>\n<meta property=\"article:modified_time\" content=\"2025-10-31T11:00:34+00:00\" \/>\n<meta property=\"og:image\" content=\"https:\/\/www.pasflights.com\/wp-content\/uploads\/2021\/12\/Fliegen-mit-Haustieren-scaled.jpg\" \/>\n\t<meta property=\"og:image:width\" content=\"2560\" \/>\n\t<meta property=\"og:image:height\" content=\"877\" \/>\n\t<meta property=\"og:image:type\" content=\"image\/jpeg\" \/>\n<meta name=\"twitter:card\" content=\"summary_large_image\" \/>\n<meta name=\"twitter:label1\" content=\"Dur\u00e9e de lecture estim\u00e9e\" \/>\n\t<meta name=\"twitter:data1\" content=\"2 minutes\" \/>\n<script type=\"application\/ld+json\" class=\"yoast-schema-graph\">{\"@context\":\"https:\\\/\\\/schema.org\",\"@graph\":[{\"@type\":\"WebPage\",\"@id\":\"https:\\\/\\\/www.pasflights.com\\\/fr\\\/services-aeriens-sur-mesure\\\/vols-avec-animaux\\\/\",\"url\":\"https:\\\/\\\/www.pasflights.com\\\/fr\\\/services-aeriens-sur-mesure\\\/vols-avec-animaux\\\/\",\"name\":\"Vols avec animaux - Pasflights\",\"isPartOf\":{\"@id\":\"https:\\\/\\\/www.pasflights.com\\\/fr\\\/#website\"},\"primaryImageOfPage\":{\"@id\":\"https:\\\/\\\/www.pasflights.com\\\/fr\\\/services-aeriens-sur-mesure\\\/vols-avec-animaux\\\/#primaryimage\"},\"image\":{\"@id\":\"https:\\\/\\\/www.pasflights.com\\\/fr\\\/services-aeriens-sur-mesure\\\/vols-avec-animaux\\\/#primaryimage\"},\"thumbnailUrl\":\"https:\\\/\\\/emtoqdv5thq.exactdn.com\\\/wp-content\\\/uploads\\\/2021\\\/12\\\/Fliegen-mit-Haustieren-scaled.jpg?strip=all\",\"datePublished\":\"2022-03-05T16:52:43+00:00\",\"dateModified\":\"2025-10-31T11:00:34+00:00\",\"description\":\"\u2014Meta description not set.\",\"breadcrumb\":{\"@id\":\"https:\\\/\\\/www.pasflights.com\\\/fr\\\/services-aeriens-sur-mesure\\\/vols-avec-animaux\\\/#breadcrumb\"},\"inLanguage\":\"fr-FR\",\"potentialAction\":[{\"@type\":\"ReadAction\",\"target\":[\"https:\\\/\\\/www.pasflights.com\\\/fr\\\/services-aeriens-sur-mesure\\\/vols-avec-animaux\\\/\"]}]},{\"@type\":\"ImageObject\",\"inLanguage\":\"fr-FR\",\"@id\":\"https:\\\/\\\/www.pasflights.com\\\/fr\\\/services-aeriens-sur-mesure\\\/vols-avec-animaux\\\/#primaryimage\",\"url\":\"https:\\\/\\\/emtoqdv5thq.exactdn.com\\\/wp-content\\\/uploads\\\/2021\\\/12\\\/Fliegen-mit-Haustieren-scaled.jpg?strip=all\",\"contentUrl\":\"https:\\\/\\\/emtoqdv5thq.exactdn.com\\\/wp-content\\\/uploads\\\/2021\\\/12\\\/Fliegen-mit-Haustieren-scaled.jpg?strip=all\",\"width\":2560,\"height\":877,\"caption\":\"Ein kleiner Hund sitzt auf einem Ledersitz in einem Privatjet. Daneben steht er auf einem Flugzeugfl\u00fcgel am Flughafen.\"},{\"@type\":\"BreadcrumbList\",\"@id\":\"https:\\\/\\\/www.pasflights.com\\\/fr\\\/services-aeriens-sur-mesure\\\/vols-avec-animaux\\\/#breadcrumb\",\"itemListElement\":[{\"@type\":\"ListItem\",\"position\":1,\"name\":\"Startseite\",\"item\":\"https:\\\/\\\/www.pasflights.com\\\/fr\\\/\"},{\"@type\":\"ListItem\",\"position\":2,\"name\":\"Services a\u00e9riens\",\"item\":\"https:\\\/\\\/www.pasflights.com\\\/fr\\\/services-aeriens-sur-mesure\\\/\"},{\"@type\":\"ListItem\",\"position\":3,\"name\":\"Vols avec animaux\"}]},{\"@type\":\"WebSite\",\"@id\":\"https:\\\/\\\/www.pasflights.com\\\/fr\\\/#website\",\"url\":\"https:\\\/\\\/www.pasflights.com\\\/fr\\\/\",\"name\":\"Pasflights\",\"description\":\"Eine weitere WordPress-Website\",\"potentialAction\":[{\"@type\":\"SearchAction\",\"target\":{\"@type\":\"EntryPoint\",\"urlTemplate\":\"https:\\\/\\\/www.pasflights.com\\\/fr\\\/?s={search_term_string}\"},\"query-input\":{\"@type\":\"PropertyValueSpecification\",\"valueRequired\":true,\"valueName\":\"search_term_string\"}}],\"inLanguage\":\"fr-FR\"}]}<\/script>\n<!-- \/ Yoast SEO plugin. -->","yoast_head_json":{"title":"Vols avec animaux - Pasflights","description":"\u2014Meta description not set.","robots":{"index":"index","follow":"follow","max-snippet":"max-snippet:-1","max-image-preview":"max-image-preview:large","max-video-preview":"max-video-preview:-1"},"canonical":"https:\/\/www.pasflights.com\/fr\/services-aeriens-sur-mesure\/vols-avec-animaux\/","og_locale":"fr_FR","og_type":"article","og_title":"Vols avec animaux - Pasflights","og_description":"\u2014Meta description not set.","og_url":"https:\/\/www.pasflights.com\/fr\/services-aeriens-sur-mesure\/vols-avec-animaux\/","og_site_name":"Pasflights","article_modified_time":"2025-10-31T11:00:34+00:00","og_image":[{"width":2560,"height":877,"url":"https:\/\/www.pasflights.com\/wp-content\/uploads\/2021\/12\/Fliegen-mit-Haustieren-scaled.jpg","type":"image\/jpeg"}],"twitter_card":"summary_large_image","twitter_misc":{"Dur\u00e9e de lecture estim\u00e9e":"2 minutes"},"schema":{"@context":"https:\/\/schema.org","@graph":[{"@type":"WebPage","@id":"https:\/\/www.pasflights.com\/fr\/services-aeriens-sur-mesure\/vols-avec-animaux\/","url":"https:\/\/www.pasflights.com\/fr\/services-aeriens-sur-mesure\/vols-avec-animaux\/","name":"Vols avec animaux - Pasflights","isPartOf":{"@id":"https:\/\/www.pasflights.com\/fr\/#website"},"primaryImageOfPage":{"@id":"https:\/\/www.pasflights.com\/fr\/services-aeriens-sur-mesure\/vols-avec-animaux\/#primaryimage"},"image":{"@id":"https:\/\/www.pasflights.com\/fr\/services-aeriens-sur-mesure\/vols-avec-animaux\/#primaryimage"},"thumbnailUrl":"https:\/\/emtoqdv5thq.exactdn.com\/wp-content\/uploads\/2021\/12\/Fliegen-mit-Haustieren-scaled.jpg?strip=all","datePublished":"2022-03-05T16:52:43+00:00","dateModified":"2025-10-31T11:00:34+00:00","description":"\u2014Meta description not set.","breadcrumb":{"@id":"https:\/\/www.pasflights.com\/fr\/services-aeriens-sur-mesure\/vols-avec-animaux\/#breadcrumb"},"inLanguage":"fr-FR","potentialAction":[{"@type":"ReadAction","target":["https:\/\/www.pasflights.com\/fr\/services-aeriens-sur-mesure\/vols-avec-animaux\/"]}]},{"@type":"ImageObject","inLanguage":"fr-FR","@id":"https:\/\/www.pasflights.com\/fr\/services-aeriens-sur-mesure\/vols-avec-animaux\/#primaryimage","url":"https:\/\/emtoqdv5thq.exactdn.com\/wp-content\/uploads\/2021\/12\/Fliegen-mit-Haustieren-scaled.jpg?strip=all","contentUrl":"https:\/\/emtoqdv5thq.exactdn.com\/wp-content\/uploads\/2021\/12\/Fliegen-mit-Haustieren-scaled.jpg?strip=all","width":2560,"height":877,"caption":"Ein kleiner Hund sitzt auf einem Ledersitz in einem Privatjet. Daneben steht er auf einem Flugzeugfl\u00fcgel am Flughafen."},{"@type":"BreadcrumbList","@id":"https:\/\/www.pasflights.com\/fr\/services-aeriens-sur-mesure\/vols-avec-animaux\/#breadcrumb","itemListElement":[{"@type":"ListItem","position":1,"name":"Startseite","item":"https:\/\/www.pasflights.com\/fr\/"},{"@type":"ListItem","position":2,"name":"Services a\u00e9riens","item":"https:\/\/www.pasflights.com\/fr\/services-aeriens-sur-mesure\/"},{"@type":"ListItem","position":3,"name":"Vols avec animaux"}]},{"@type":"WebSite","@id":"https:\/\/www.pasflights.com\/fr\/#website","url":"https:\/\/www.pasflights.com\/fr\/","name":"Pasflights","description":"Eine weitere WordPress-Website","potentialAction":[{"@type":"SearchAction","target":{"@type":"EntryPoint","urlTemplate":"https:\/\/www.pasflights.com\/fr\/?s={search_term_string}"},"query-input":{"@type":"PropertyValueSpecification","valueRequired":true,"valueName":"search_term_string"}}],"inLanguage":"fr-FR"}]}},"_links":{"self":[{"href":"https:\/\/www.pasflights.com\/fr\/wp-json\/wp\/v2\/pages\/23185","targetHints":{"allow":["GET"]}}],"collection":[{"href":"https:\/\/www.pasflights.com\/fr\/wp-json\/wp\/v2\/pages"}],"about":[{"href":"https:\/\/www.pasflights.com\/fr\/wp-json\/wp\/v2\/types\/page"}],"author":[{"embeddable":true,"href":"https:\/\/www.pasflights.com\/fr\/wp-json\/wp\/v2\/users\/2"}],"replies":[{"embeddable":true,"href":"https:\/\/www.pasflights.com\/fr\/wp-json\/wp\/v2\/comments?post=23185"}],"version-history":[{"count":4,"href":"https:\/\/www.pasflights.com\/fr\/wp-json\/wp\/v2\/pages\/23185\/revisions"}],"predecessor-version":[{"id":23515,"href":"https:\/\/www.pasflights.com\/fr\/wp-json\/wp\/v2\/pages\/23185\/revisions\/23515"}],"up":[{"embeddable":true,"href":"https:\/\/www.pasflights.com\/fr\/wp-json\/wp\/v2\/pages\/23180"}],"wp:featuredmedia":[{"embeddable":true,"href":"https:\/\/www.pasflights.com\/fr\/wp-json\/wp\/v2\/media\/21330"}],"wp:attachment":[{"href":"https:\/\/www.pasflights.com\/fr\/wp-json\/wp\/v2\/media?parent=23185"}],"wp:term":[{"taxonomy":"category","embeddable":true,"href":"https:\/\/www.pasflights.com\/fr\/wp-json\/wp\/v2\/categories?post=23185"},{"taxonomy":"post_tag","embeddable":true,"href":"https:\/\/www.pasflights.com\/fr\/wp-json\/wp\/v2\/tags?post=23185"}],"curies":[{"name":"wp","href":"https:\/\/api.w.org\/{rel}","templated":true}]}}