{"id":23187,"date":"2022-03-05T16:44:27","date_gmt":"2022-03-05T15:44:27","guid":{"rendered":"https:\/\/www.pasflights.com\/services\/individual-catering\/"},"modified":"2025-10-31T12:29:27","modified_gmt":"2025-10-31T11:29:27","slug":"restauration-personnalisee","status":"publish","type":"page","link":"https:\/\/www.pasflights.com\/fr\/services-aeriens-sur-mesure\/restauration-personnalisee\/","title":{"rendered":"Restauration personnalis\u00e9e"},"content":{"rendered":"\t\t<div data-elementor-type=\"wp-page\" data-elementor-id=\"23187\" class=\"elementor elementor-23187 elementor-1661\" data-elementor-post-type=\"page\">\n\t\t\t\t\t\t<section class=\"elementor-section elementor-top-section elementor-element elementor-element-7bc8dae8 elementor-section-boxed elementor-section-height-default elementor-section-height-default\" data-id=\"7bc8dae8\" data-element_type=\"section\" data-e-type=\"section\">\n\t\t\t\t\t\t<div class=\"elementor-container elementor-column-gap-default\">\n\t\t\t\t\t<div class=\"elementor-column elementor-col-100 elementor-top-column elementor-element elementor-element-17554d5a\" data-id=\"17554d5a\" data-element_type=\"column\" data-e-type=\"column\">\n\t\t\t<div class=\"elementor-widget-wrap elementor-element-populated\">\n\t\t\t\t\t\t<div class=\"elementor-element elementor-element-6814835b elementor-widget elementor-widget-heading\" data-id=\"6814835b\" data-element_type=\"widget\" data-e-type=\"widget\" data-widget_type=\"heading.default\">\n\t\t\t\t<div class=\"elementor-widget-container\">\n\t\t\t\t\t<h1 class=\"elementor-heading-title elementor-size-default\">Restauration personnalis\u00e9e<\/h1>\t\t\t\t<\/div>\n\t\t\t\t<\/div>\n\t\t\t\t<div class=\"elementor-element elementor-element-3639a195 elementor-widget elementor-widget-text-editor\" data-id=\"3639a195\" data-element_type=\"widget\" data-e-type=\"widget\" data-widget_type=\"text-editor.default\">\n\t\t\t\t<div class=\"elementor-widget-container\">\n\t\t\t\t\t\t\t\t\t<p><span style=\"font-weight: 400;\">La restauration \u00e0 bord est toujours une priorit\u00e9 absolue. Alors que sur les vols r\u00e9guliers, la nourriture est de plus en plus limit\u00e9e (et les \u00e9conomies se font souvent au d\u00e9triment des passagers), les vols affr\u00e9t\u00e9s offrent toutes les possibilit\u00e9s d&rsquo;offrir \u00e0 vos passagers une exp\u00e9rience culinaire inoubliable.<\/span><\/p><p><span style=\"font-weight: 400;\">Nous serons ravis d&rsquo;\u00e9changer avec vous sur vos souhaits et exigences. Nous vous conseillerons sur la meilleure approche pour vous :<\/span><\/p><ul><li style=\"font-weight: 400;\" aria-level=\"1\"><span style=\"font-weight: 400;\">Buffet \u00e0 la porte d&#8217;embarquement avant l&rsquo;envol<\/span><\/li><li style=\"font-weight: 400;\" aria-level=\"1\"><span style=\"font-weight: 400;\">Cocktail de bienvenue<\/span><\/li><li style=\"font-weight: 400;\" aria-level=\"1\"><span style=\"font-weight: 400;\">Restauration adapt\u00e9e \u00e0 l&rsquo;occasion, \u00e0 l&rsquo;heure de la journ\u00e9e et \u00e0 la dur\u00e9e du vol \u2013 double service si le contexte le permet<\/span><\/li><li style=\"font-weight: 400;\" aria-level=\"1\"><span style=\"font-weight: 400;\">Menus sp\u00e9ciaux en fonction des exigences ethniques, religieuses ou \u00e9thiques (halal, casher, vegan&#8230;)<\/span><\/li><li style=\"font-weight: 400;\" aria-level=\"1\"><span style=\"font-weight: 400;\">Libre choix de boissons<\/span><\/li><li style=\"font-weight: 400;\" aria-level=\"1\"><span style=\"font-weight: 400;\">Service sur de la vaisselle en porcelaine<\/span><\/li><li style=\"font-weight: 400;\" aria-level=\"1\"><span style=\"font-weight: 400;\">Sacs de collations \u00e0 emporter<\/span><\/li><li style=\"font-weight: 400;\" aria-level=\"1\"><span style=\"font-weight: 400;\">Et bien plus encore<\/span><\/li><\/ul><p><span style=\"font-weight: 400;\">Avez-vous d&rsquo;autres questions ou souhaitez-vous une consultation d\u00e9taill\u00e9e ? Les experts de PASflights sont l\u00e0 pour vous et se feront un plaisir de r\u00e9pondre \u00e0 toutes vos interrogations. Contactez-nous, et nous vous garantirons un voyage personnalis\u00e9 et inoubliable.<\/span><\/p>\t\t\t\t\t\t\t\t<\/div>\n\t\t\t\t<\/div>\n\t\t\t\t\t<\/div>\n\t\t<\/div>\n\t\t\t\t\t<\/div>\n\t\t<\/section>\n\t\t\t\t<section class=\"elementor-section elementor-top-section elementor-element elementor-element-712fd2f elementor-section-boxed elementor-section-height-default elementor-section-height-default\" data-id=\"712fd2f\" data-element_type=\"section\" data-e-type=\"section\">\n\t\t\t\t\t\t<div class=\"elementor-container elementor-column-gap-default\">\n\t\t\t\t\t<div class=\"elementor-column elementor-col-100 elementor-top-column elementor-element elementor-element-9cf7d76\" data-id=\"9cf7d76\" data-element_type=\"column\" data-e-type=\"column\">\n\t\t\t<div class=\"elementor-widget-wrap elementor-element-populated\">\n\t\t\t\t\t\t<div class=\"elementor-element elementor-element-02715dd elementor-widget elementor-widget-heading\" data-id=\"02715dd\" data-element_type=\"widget\" data-e-type=\"widget\" data-widget_type=\"heading.default\">\n\t\t\t\t<div class=\"elementor-widget-container\">\n\t\t\t\t\t<span class=\"elementor-heading-title elementor-size-default\">Contact<\/span>\t\t\t\t<\/div>\n\t\t\t\t<\/div>\n\t\t\t\t<div class=\"elementor-element elementor-element-f452ccd elementor-widget elementor-widget-heading\" data-id=\"f452ccd\" data-element_type=\"widget\" data-e-type=\"widget\" data-widget_type=\"heading.default\">\n\t\t\t\t<div class=\"elementor-widget-container\">\n\t\t\t\t\t<h2 class=\"elementor-heading-title elementor-size-default\">Contact<\/h2>\t\t\t\t<\/div>\n\t\t\t\t<\/div>\n\t\t\t\t<section class=\"elementor-section elementor-inner-section elementor-element elementor-element-3d4b5d9 elementor-section-boxed elementor-section-height-default elementor-section-height-default\" data-id=\"3d4b5d9\" data-element_type=\"section\" data-e-type=\"section\" data-settings=\"{&quot;background_background&quot;:&quot;classic&quot;}\">\n\t\t\t\t\t\t<div class=\"elementor-container elementor-column-gap-default\">\n\t\t\t\t\t<div class=\"elementor-column elementor-col-50 elementor-inner-column elementor-element elementor-element-a27710d\" data-id=\"a27710d\" data-element_type=\"column\" data-e-type=\"column\">\n\t\t\t<div class=\"elementor-widget-wrap\">\n\t\t\t\t\t\t\t<\/div>\n\t\t<\/div>\n\t\t\t\t<div class=\"elementor-column elementor-col-50 elementor-inner-column elementor-element elementor-element-68798fe\" data-id=\"68798fe\" data-element_type=\"column\" data-e-type=\"column\" data-settings=\"{&quot;background_background&quot;:&quot;classic&quot;}\">\n\t\t\t<div class=\"elementor-widget-wrap elementor-element-populated\">\n\t\t\t\t\t\t<div class=\"elementor-element elementor-element-87c36a9 elementor-widget elementor-widget-heading\" data-id=\"87c36a9\" data-element_type=\"widget\" data-e-type=\"widget\" data-widget_type=\"heading.default\">\n\t\t\t\t<div class=\"elementor-widget-container\">\n\t\t\t\t\t<h2 class=\"elementor-heading-title elementor-size-default\">Avez-vous des questions ? Nous sommes l\u00e0 pour vous : par mail, via le formulaire de contact ou par t\u00e9l\u00e9phone !<\/h2>\t\t\t\t<\/div>\n\t\t\t\t<\/div>\n\t\t\t\t<div class=\"elementor-element elementor-element-e4b9801 elementor-align-start elementor-widget__width-auto elementor-icon-list--layout-traditional elementor-list-item-link-full_width elementor-widget elementor-widget-icon-list\" data-id=\"e4b9801\" data-element_type=\"widget\" data-e-type=\"widget\" data-widget_type=\"icon-list.default\">\n\t\t\t\t<div class=\"elementor-widget-container\">\n\t\t\t\t\t\t\t<ul class=\"elementor-icon-list-items\">\n\t\t\t\t\t\t\t<li class=\"elementor-icon-list-item\">\n\t\t\t\t\t\t\t\t\t\t\t<a href=\"mailto:france@pasflights.com\">\n\n\t\t\t\t\t\t\t\t\t\t\t\t<span class=\"elementor-icon-list-icon\">\n\t\t\t\t\t\t\t<i aria-hidden=\"true\" class=\"fas fa-envelope\"><\/i>\t\t\t\t\t\t<\/span>\n\t\t\t\t\t\t\t\t\t\t<span class=\"elementor-icon-list-text\">france@pasflights.com<\/span>\n\t\t\t\t\t\t\t\t\t\t\t<\/a>\n\t\t\t\t\t\t\t\t\t<\/li>\n\t\t\t\t\t\t\t\t<li class=\"elementor-icon-list-item\">\n\t\t\t\t\t\t\t\t\t\t\t<a href=\"tel:+33%206%2083%2032%2091%2031\">\n\n\t\t\t\t\t\t\t\t\t\t\t\t<span class=\"elementor-icon-list-icon\">\n\t\t\t\t\t\t\t<i aria-hidden=\"true\" class=\"fas fa-phone-alt\"><\/i>\t\t\t\t\t\t<\/span>\n\t\t\t\t\t\t\t\t\t\t<span class=\"elementor-icon-list-text\">+33 6 83 32 91 31<\/span>\n\t\t\t\t\t\t\t\t\t\t\t<\/a>\n\t\t\t\t\t\t\t\t\t<\/li>\n\t\t\t\t\t\t<\/ul>\n\t\t\t\t\t\t<\/div>\n\t\t\t\t<\/div>\n\t\t\t\t<div class=\"elementor-element elementor-element-cda96b5 elementor-align-right pinkbuttonfull elementor-tablet-align-left elementor-mobile-align-justify elementor-widget elementor-widget-button\" data-id=\"cda96b5\" data-element_type=\"widget\" data-e-type=\"widget\" data-widget_type=\"button.default\">\n\t\t\t\t<div class=\"elementor-widget-container\">\n\t\t\t\t\t\t\t\t\t<div class=\"elementor-button-wrapper\">\n\t\t\t\t\t<a class=\"elementor-button elementor-button-link elementor-size-sm\" href=\"\/fr\/contact\/\">\n\t\t\t\t\t\t<span class=\"elementor-button-content-wrapper\">\n\t\t\t\t\t\t\t\t\t<span class=\"elementor-button-text\">CONTACTEZ-NOUS<\/span>\n\t\t\t\t\t<\/span>\n\t\t\t\t\t<\/a>\n\t\t\t\t<\/div>\n\t\t\t\t\t\t\t\t<\/div>\n\t\t\t\t<\/div>\n\t\t\t\t\t<\/div>\n\t\t<\/div>\n\t\t\t\t\t<\/div>\n\t\t<\/section>\n\t\t\t\t<div class=\"elementor-element elementor-element-17e70c7 elementor-widget elementor-widget-image\" data-id=\"17e70c7\" data-element_type=\"widget\" data-e-type=\"widget\" data-widget_type=\"image.default\">\n\t\t\t\t<div class=\"elementor-widget-container\">\n\t\t\t\t\t\t\t\t\t\t\t\t\t\t\t<img fetchpriority=\"high\" decoding=\"async\" width=\"800\" height=\"424\" src=\"https:\/\/emtoqdv5thq.exactdn.com\/wp-content\/uploads\/2024\/08\/privatjet-buchen_kontakt.jpg?strip=all&amp;fit=800%2C424\" class=\"attachment-large size-large wp-image-22823\" alt=\"Eine Frau mit Kopfh\u00f6rern sitzt im Flugzeug, l\u00e4chelt entspannt und h\u00e4lt ein Glas, w\u00e4hrend sie aus dem Fenster schaut.\" srcset=\"https:\/\/emtoqdv5thq.exactdn.com\/wp-content\/uploads\/2024\/08\/privatjet-buchen_kontakt.jpg?strip=all 1272w, https:\/\/emtoqdv5thq.exactdn.com\/wp-content\/uploads\/2024\/08\/privatjet-buchen_kontakt-300x159.jpg?strip=all 300w, https:\/\/emtoqdv5thq.exactdn.com\/wp-content\/uploads\/2024\/08\/privatjet-buchen_kontakt-1024x543.jpg?strip=all 1024w, https:\/\/emtoqdv5thq.exactdn.com\/wp-content\/uploads\/2024\/08\/privatjet-buchen_kontakt-768x407.jpg?strip=all 768w, https:\/\/emtoqdv5thq.exactdn.com\/wp-content\/uploads\/2024\/08\/privatjet-buchen_kontakt.jpg?strip=all&amp;w=508 508w, https:\/\/emtoqdv5thq.exactdn.com\/wp-content\/uploads\/2024\/08\/privatjet-buchen_kontakt.jpg?strip=all&amp;w=450 450w\" sizes=\"(max-width: 800px) 100vw, 800px\" \/>\t\t\t\t\t\t\t\t\t\t\t\t\t\t\t<\/div>\n\t\t\t\t<\/div>\n\t\t\t\t\t<\/div>\n\t\t<\/div>\n\t\t\t\t\t<\/div>\n\t\t<\/section>\n\t\t\t\t<\/div>\n\t\t","protected":false},"excerpt":{"rendered":"<p>Restauration personnalis\u00e9e La restauration \u00e0 bord est toujours une priorit\u00e9 absolue. Alors que sur les vols r\u00e9guliers, la nourriture est de plus en plus limit\u00e9e (et les \u00e9conomies se font souvent au d\u00e9triment des passagers), les vols affr\u00e9t\u00e9s offrent toutes les possibilit\u00e9s d&rsquo;offrir \u00e0 vos passagers une exp\u00e9rience culinaire inoubliable. Nous serons ravis d&rsquo;\u00e9changer avec [&hellip;]<\/p>\n","protected":false},"author":2,"featured_media":21332,"parent":23180,"menu_order":60,"comment_status":"closed","ping_status":"closed","template":"","meta":{"_acf_changed":false,"footnotes":""},"categories":[],"tags":[160],"class_list":["post-23187","page","type-page","status-publish","has-post-thumbnail","hentry","tag-service-fr"],"acf":[],"yoast_head":"<!-- This site is optimized with the Yoast SEO plugin v27.4 - https:\/\/yoast.com\/product\/yoast-seo-wordpress\/ -->\n<title>Individual catering - Pasflights<\/title>\n<meta name=\"description\" content=\"\u2014Meta description not set.\" \/>\n<meta name=\"robots\" content=\"index, follow, max-snippet:-1, max-image-preview:large, max-video-preview:-1\" \/>\n<link rel=\"canonical\" href=\"https:\/\/www.pasflights.com\/fr\/services-aeriens-sur-mesure\/restauration-personnalisee\/\" \/>\n<meta property=\"og:locale\" content=\"fr_FR\" \/>\n<meta property=\"og:type\" content=\"article\" \/>\n<meta property=\"og:title\" content=\"Individual catering - Pasflights\" \/>\n<meta property=\"og:description\" content=\"\u2014Meta description not set.\" \/>\n<meta property=\"og:url\" content=\"https:\/\/www.pasflights.com\/fr\/services-aeriens-sur-mesure\/restauration-personnalisee\/\" \/>\n<meta property=\"og:site_name\" content=\"Pasflights\" \/>\n<meta property=\"article:modified_time\" content=\"2025-10-31T11:29:27+00:00\" \/>\n<meta property=\"og:image\" content=\"https:\/\/www.pasflights.com\/wp-content\/uploads\/2021\/12\/individuelles-catering-banner-scaled.jpg\" \/>\n\t<meta property=\"og:image:width\" content=\"2560\" \/>\n\t<meta property=\"og:image:height\" content=\"877\" \/>\n\t<meta property=\"og:image:type\" content=\"image\/jpeg\" \/>\n<meta name=\"twitter:card\" content=\"summary_large_image\" \/>\n<meta name=\"twitter:label1\" content=\"Dur\u00e9e de lecture estim\u00e9e\" \/>\n\t<meta name=\"twitter:data1\" content=\"2 minutes\" \/>\n<script type=\"application\/ld+json\" class=\"yoast-schema-graph\">{\"@context\":\"https:\\\/\\\/schema.org\",\"@graph\":[{\"@type\":\"WebPage\",\"@id\":\"https:\\\/\\\/www.pasflights.com\\\/fr\\\/services-aeriens-sur-mesure\\\/restauration-personnalisee\\\/\",\"url\":\"https:\\\/\\\/www.pasflights.com\\\/fr\\\/services-aeriens-sur-mesure\\\/restauration-personnalisee\\\/\",\"name\":\"Individual catering - Pasflights\",\"isPartOf\":{\"@id\":\"https:\\\/\\\/www.pasflights.com\\\/fr\\\/#website\"},\"primaryImageOfPage\":{\"@id\":\"https:\\\/\\\/www.pasflights.com\\\/fr\\\/services-aeriens-sur-mesure\\\/restauration-personnalisee\\\/#primaryimage\"},\"image\":{\"@id\":\"https:\\\/\\\/www.pasflights.com\\\/fr\\\/services-aeriens-sur-mesure\\\/restauration-personnalisee\\\/#primaryimage\"},\"thumbnailUrl\":\"https:\\\/\\\/emtoqdv5thq.exactdn.com\\\/wp-content\\\/uploads\\\/2021\\\/12\\\/individuelles-catering-banner-scaled.jpg?strip=all\",\"datePublished\":\"2022-03-05T15:44:27+00:00\",\"dateModified\":\"2025-10-31T11:29:27+00:00\",\"description\":\"\u2014Meta description not set.\",\"breadcrumb\":{\"@id\":\"https:\\\/\\\/www.pasflights.com\\\/fr\\\/services-aeriens-sur-mesure\\\/restauration-personnalisee\\\/#breadcrumb\"},\"inLanguage\":\"fr-FR\",\"potentialAction\":[{\"@type\":\"ReadAction\",\"target\":[\"https:\\\/\\\/www.pasflights.com\\\/fr\\\/services-aeriens-sur-mesure\\\/restauration-personnalisee\\\/\"]}]},{\"@type\":\"ImageObject\",\"inLanguage\":\"fr-FR\",\"@id\":\"https:\\\/\\\/www.pasflights.com\\\/fr\\\/services-aeriens-sur-mesure\\\/restauration-personnalisee\\\/#primaryimage\",\"url\":\"https:\\\/\\\/emtoqdv5thq.exactdn.com\\\/wp-content\\\/uploads\\\/2021\\\/12\\\/individuelles-catering-banner-scaled.jpg?strip=all\",\"contentUrl\":\"https:\\\/\\\/emtoqdv5thq.exactdn.com\\\/wp-content\\\/uploads\\\/2021\\\/12\\\/individuelles-catering-banner-scaled.jpg?strip=all\",\"width\":2560,\"height\":877,\"caption\":\"Luxuri\u00f6ser Flugzeugsitz mit gedecktem Tisch, auf dem Kaffee, Geb\u00e4ck und Snacks stehen; Bildschirm zeigt \\\"Welcome Aboard\\\". Elegantes Flugzeuginterieur, beige und braun gehalten.\"},{\"@type\":\"BreadcrumbList\",\"@id\":\"https:\\\/\\\/www.pasflights.com\\\/fr\\\/services-aeriens-sur-mesure\\\/restauration-personnalisee\\\/#breadcrumb\",\"itemListElement\":[{\"@type\":\"ListItem\",\"position\":1,\"name\":\"Startseite\",\"item\":\"https:\\\/\\\/www.pasflights.com\\\/fr\\\/\"},{\"@type\":\"ListItem\",\"position\":2,\"name\":\"Services a\u00e9riens\",\"item\":\"https:\\\/\\\/www.pasflights.com\\\/fr\\\/services-aeriens-sur-mesure\\\/\"},{\"@type\":\"ListItem\",\"position\":3,\"name\":\"Restauration personnalis\u00e9e\"}]},{\"@type\":\"WebSite\",\"@id\":\"https:\\\/\\\/www.pasflights.com\\\/fr\\\/#website\",\"url\":\"https:\\\/\\\/www.pasflights.com\\\/fr\\\/\",\"name\":\"Pasflights\",\"description\":\"Eine weitere WordPress-Website\",\"potentialAction\":[{\"@type\":\"SearchAction\",\"target\":{\"@type\":\"EntryPoint\",\"urlTemplate\":\"https:\\\/\\\/www.pasflights.com\\\/fr\\\/?s={search_term_string}\"},\"query-input\":{\"@type\":\"PropertyValueSpecification\",\"valueRequired\":true,\"valueName\":\"search_term_string\"}}],\"inLanguage\":\"fr-FR\"}]}<\/script>\n<!-- \/ Yoast SEO plugin. -->","yoast_head_json":{"title":"Individual catering - Pasflights","description":"\u2014Meta description not set.","robots":{"index":"index","follow":"follow","max-snippet":"max-snippet:-1","max-image-preview":"max-image-preview:large","max-video-preview":"max-video-preview:-1"},"canonical":"https:\/\/www.pasflights.com\/fr\/services-aeriens-sur-mesure\/restauration-personnalisee\/","og_locale":"fr_FR","og_type":"article","og_title":"Individual catering - Pasflights","og_description":"\u2014Meta description not set.","og_url":"https:\/\/www.pasflights.com\/fr\/services-aeriens-sur-mesure\/restauration-personnalisee\/","og_site_name":"Pasflights","article_modified_time":"2025-10-31T11:29:27+00:00","og_image":[{"width":2560,"height":877,"url":"https:\/\/www.pasflights.com\/wp-content\/uploads\/2021\/12\/individuelles-catering-banner-scaled.jpg","type":"image\/jpeg"}],"twitter_card":"summary_large_image","twitter_misc":{"Dur\u00e9e de lecture estim\u00e9e":"2 minutes"},"schema":{"@context":"https:\/\/schema.org","@graph":[{"@type":"WebPage","@id":"https:\/\/www.pasflights.com\/fr\/services-aeriens-sur-mesure\/restauration-personnalisee\/","url":"https:\/\/www.pasflights.com\/fr\/services-aeriens-sur-mesure\/restauration-personnalisee\/","name":"Individual catering - Pasflights","isPartOf":{"@id":"https:\/\/www.pasflights.com\/fr\/#website"},"primaryImageOfPage":{"@id":"https:\/\/www.pasflights.com\/fr\/services-aeriens-sur-mesure\/restauration-personnalisee\/#primaryimage"},"image":{"@id":"https:\/\/www.pasflights.com\/fr\/services-aeriens-sur-mesure\/restauration-personnalisee\/#primaryimage"},"thumbnailUrl":"https:\/\/emtoqdv5thq.exactdn.com\/wp-content\/uploads\/2021\/12\/individuelles-catering-banner-scaled.jpg?strip=all","datePublished":"2022-03-05T15:44:27+00:00","dateModified":"2025-10-31T11:29:27+00:00","description":"\u2014Meta description not set.","breadcrumb":{"@id":"https:\/\/www.pasflights.com\/fr\/services-aeriens-sur-mesure\/restauration-personnalisee\/#breadcrumb"},"inLanguage":"fr-FR","potentialAction":[{"@type":"ReadAction","target":["https:\/\/www.pasflights.com\/fr\/services-aeriens-sur-mesure\/restauration-personnalisee\/"]}]},{"@type":"ImageObject","inLanguage":"fr-FR","@id":"https:\/\/www.pasflights.com\/fr\/services-aeriens-sur-mesure\/restauration-personnalisee\/#primaryimage","url":"https:\/\/emtoqdv5thq.exactdn.com\/wp-content\/uploads\/2021\/12\/individuelles-catering-banner-scaled.jpg?strip=all","contentUrl":"https:\/\/emtoqdv5thq.exactdn.com\/wp-content\/uploads\/2021\/12\/individuelles-catering-banner-scaled.jpg?strip=all","width":2560,"height":877,"caption":"Luxuri\u00f6ser Flugzeugsitz mit gedecktem Tisch, auf dem Kaffee, Geb\u00e4ck und Snacks stehen; Bildschirm zeigt \"Welcome Aboard\". Elegantes Flugzeuginterieur, beige und braun gehalten."},{"@type":"BreadcrumbList","@id":"https:\/\/www.pasflights.com\/fr\/services-aeriens-sur-mesure\/restauration-personnalisee\/#breadcrumb","itemListElement":[{"@type":"ListItem","position":1,"name":"Startseite","item":"https:\/\/www.pasflights.com\/fr\/"},{"@type":"ListItem","position":2,"name":"Services a\u00e9riens","item":"https:\/\/www.pasflights.com\/fr\/services-aeriens-sur-mesure\/"},{"@type":"ListItem","position":3,"name":"Restauration personnalis\u00e9e"}]},{"@type":"WebSite","@id":"https:\/\/www.pasflights.com\/fr\/#website","url":"https:\/\/www.pasflights.com\/fr\/","name":"Pasflights","description":"Eine weitere WordPress-Website","potentialAction":[{"@type":"SearchAction","target":{"@type":"EntryPoint","urlTemplate":"https:\/\/www.pasflights.com\/fr\/?s={search_term_string}"},"query-input":{"@type":"PropertyValueSpecification","valueRequired":true,"valueName":"search_term_string"}}],"inLanguage":"fr-FR"}]}},"_links":{"self":[{"href":"https:\/\/www.pasflights.com\/fr\/wp-json\/wp\/v2\/pages\/23187","targetHints":{"allow":["GET"]}}],"collection":[{"href":"https:\/\/www.pasflights.com\/fr\/wp-json\/wp\/v2\/pages"}],"about":[{"href":"https:\/\/www.pasflights.com\/fr\/wp-json\/wp\/v2\/types\/page"}],"author":[{"embeddable":true,"href":"https:\/\/www.pasflights.com\/fr\/wp-json\/wp\/v2\/users\/2"}],"replies":[{"embeddable":true,"href":"https:\/\/www.pasflights.com\/fr\/wp-json\/wp\/v2\/comments?post=23187"}],"version-history":[{"count":5,"href":"https:\/\/www.pasflights.com\/fr\/wp-json\/wp\/v2\/pages\/23187\/revisions"}],"predecessor-version":[{"id":23521,"href":"https:\/\/www.pasflights.com\/fr\/wp-json\/wp\/v2\/pages\/23187\/revisions\/23521"}],"up":[{"embeddable":true,"href":"https:\/\/www.pasflights.com\/fr\/wp-json\/wp\/v2\/pages\/23180"}],"wp:featuredmedia":[{"embeddable":true,"href":"https:\/\/www.pasflights.com\/fr\/wp-json\/wp\/v2\/media\/21332"}],"wp:attachment":[{"href":"https:\/\/www.pasflights.com\/fr\/wp-json\/wp\/v2\/media?parent=23187"}],"wp:term":[{"taxonomy":"category","embeddable":true,"href":"https:\/\/www.pasflights.com\/fr\/wp-json\/wp\/v2\/categories?post=23187"},{"taxonomy":"post_tag","embeddable":true,"href":"https:\/\/www.pasflights.com\/fr\/wp-json\/wp\/v2\/tags?post=23187"}],"curies":[{"name":"wp","href":"https:\/\/api.w.org\/{rel}","templated":true}]}}