{"id":23409,"date":"2025-10-30T15:48:55","date_gmt":"2025-10-30T14:48:55","guid":{"rendered":"https:\/\/www.pasflights.com\/?page_id=23409"},"modified":"2025-11-04T09:30:09","modified_gmt":"2025-11-04T08:30:09","slug":"operations-gouvernementales","status":"publish","type":"page","link":"https:\/\/www.pasflights.com\/fr\/operations-gouvernementales\/","title":{"rendered":"Op\u00e9rations gouvernementales"},"content":{"rendered":"\t\t<div data-elementor-type=\"wp-page\" data-elementor-id=\"23409\" class=\"elementor elementor-23409\" data-elementor-post-type=\"page\">\n\t\t\t\t\t\t<section class=\"elementor-section elementor-top-section elementor-element elementor-element-6a9e13c elementor-section-boxed elementor-section-height-default elementor-section-height-default\" data-id=\"6a9e13c\" data-element_type=\"section\" data-e-type=\"section\">\n\t\t\t\t\t\t<div class=\"elementor-container elementor-column-gap-default\">\n\t\t\t\t\t<div class=\"elementor-column elementor-col-100 elementor-top-column elementor-element elementor-element-2a505bb\" data-id=\"2a505bb\" data-element_type=\"column\" data-e-type=\"column\">\n\t\t\t<div class=\"elementor-widget-wrap elementor-element-populated\">\n\t\t\t\t\t\t<div class=\"elementor-element elementor-element-201b0e6 elementor-widget elementor-widget-heading\" data-id=\"201b0e6\" data-element_type=\"widget\" data-e-type=\"widget\" data-widget_type=\"heading.default\">\n\t\t\t\t<div class=\"elementor-widget-container\">\n\t\t\t\t\t<h1 class=\"elementor-heading-title elementor-size-default\">Op\u00e9rations gouvernementales et OP<span style=\"font-size: 2.5rem\">\u00e9RATIONS <\/span><span style=\"font-family: inherit;font-size: 2.5rem\">sp\u00e9ciales<\/span><span style=\"font-family: inherit;font-size: 2.5rem\"><\/span><br><\/h1>\t\t\t\t<\/div>\n\t\t\t\t<\/div>\n\t\t\t\t\t<\/div>\n\t\t<\/div>\n\t\t\t\t\t<\/div>\n\t\t<\/section>\n\t\t\t\t<section class=\"elementor-section elementor-top-section elementor-element elementor-element-1986ec2 elementor-section-boxed elementor-section-height-default elementor-section-height-default\" data-id=\"1986ec2\" data-element_type=\"section\" data-e-type=\"section\">\n\t\t\t\t\t\t<div class=\"elementor-container elementor-column-gap-default\">\n\t\t\t\t\t<div class=\"elementor-column elementor-col-100 elementor-top-column elementor-element elementor-element-9c629aa\" data-id=\"9c629aa\" data-element_type=\"column\" data-e-type=\"column\">\n\t\t\t<div class=\"elementor-widget-wrap elementor-element-populated\">\n\t\t\t\t\t\t<div class=\"elementor-element elementor-element-cb130c4 elementor-widget elementor-widget-text-editor\" data-id=\"cb130c4\" data-element_type=\"widget\" data-e-type=\"widget\" data-widget_type=\"text-editor.default\">\n\t\t\t\t<div class=\"elementor-widget-container\">\n\t\t\t\t\t\t\t\t\t<p><span style=\"font-weight: 400;\">Chaque minute compte lorsque vous intervenez en situation critique. Chez PASflights, nous mettons tout en \u0153uvre pour garantir une r\u00e9ponse rapide et efficace \u00e0 vos demandes les plus urgentes.<\/span><\/p><ul><li style=\"font-weight: 400;\" aria-level=\"1\"><span style=\"font-weight: 400;\">Une planification strat\u00e9gique sur-mesure, pens\u00e9e pour fonctionner sous pression et dans des contextes complexes.<\/span><\/li><li style=\"font-weight: 400;\" aria-level=\"1\"><span style=\"font-weight: 400;\">Une ex\u00e9cution op\u00e9rationnelle fluide, gr\u00e2ce \u00e0 un r\u00e9seau mondial d\u2019experts et de partenaires de confiance.<\/span><\/li><li style=\"font-weight: 400;\" aria-level=\"1\"><span style=\"font-weight: 400;\">Une coordination 24\/7, sans faille ni d\u00e9lai.<\/span><\/li><\/ul><p><span style=\"font-weight: 400;\">Parce que vos missions exigent le plus haut niveau de professionnalisme, nous nous engageons \u00e0 respecter des standards rigoureux, tout en restant agiles et proches de vos besoins.<\/span><\/p>\t\t\t\t\t\t\t\t<\/div>\n\t\t\t\t<\/div>\n\t\t\t\t\t<\/div>\n\t\t<\/div>\n\t\t\t\t\t<\/div>\n\t\t<\/section>\n\t\t\t\t<\/div>\n\t\t","protected":false},"excerpt":{"rendered":"<p>Op\u00e9rations gouvernementales et OP\u00e9RATIONS sp\u00e9ciales Chaque minute compte lorsque vous intervenez en situation critique. Chez PASflights, nous mettons tout en \u0153uvre pour garantir une r\u00e9ponse rapide et efficace \u00e0 vos demandes les plus urgentes. Une planification strat\u00e9gique sur-mesure, pens\u00e9e pour fonctionner sous pression et dans des contextes complexes. Une ex\u00e9cution op\u00e9rationnelle fluide, gr\u00e2ce \u00e0 un [&hellip;]<\/p>\n","protected":false},"author":11,"featured_media":21241,"parent":0,"menu_order":0,"comment_status":"closed","ping_status":"closed","template":"","meta":{"_acf_changed":false,"footnotes":""},"categories":[],"tags":[174],"class_list":["post-23409","page","type-page","status-publish","has-post-thumbnail","hentry","tag-sector-fr"],"acf":[],"yoast_head":"<!-- This site is optimized with the Yoast SEO plugin v27.3 - https:\/\/yoast.com\/product\/yoast-seo-wordpress\/ -->\n<title>Op\u00e9rations gouvernementales - Missions sp\u00e9ciales : PASflights<\/title>\n<meta name=\"description\" content=\"PASflights vous accompagne dans vos missions critiques : urgences humanitaires, \u00e9vacuations, fret sensible ou op\u00e9rations gouvernementales.\" \/>\n<meta name=\"robots\" content=\"index, follow, max-snippet:-1, max-image-preview:large, max-video-preview:-1\" \/>\n<link rel=\"canonical\" href=\"https:\/\/www.pasflights.com\/fr\/operations-gouvernementales\/\" \/>\n<meta property=\"og:locale\" content=\"fr_FR\" \/>\n<meta property=\"og:type\" content=\"article\" \/>\n<meta property=\"og:title\" content=\"Op\u00e9rations gouvernementales - Missions sp\u00e9ciales : PASflights\" \/>\n<meta property=\"og:description\" content=\"PASflights vous accompagne dans vos missions critiques : urgences humanitaires, \u00e9vacuations, fret sensible ou op\u00e9rations gouvernementales.\" \/>\n<meta property=\"og:url\" content=\"https:\/\/www.pasflights.com\/fr\/operations-gouvernementales\/\" \/>\n<meta property=\"og:site_name\" content=\"Pasflights\" \/>\n<meta property=\"article:modified_time\" content=\"2025-11-04T08:30:09+00:00\" \/>\n<meta property=\"og:image\" content=\"https:\/\/www.pasflights.com\/wp-content\/uploads\/2023\/08\/Pasflights-medizinische-Flugbegleitung-Header-scaled.jpg\" \/>\n\t<meta property=\"og:image:width\" content=\"2560\" \/>\n\t<meta property=\"og:image:height\" content=\"731\" \/>\n\t<meta property=\"og:image:type\" content=\"image\/jpeg\" \/>\n<meta name=\"twitter:card\" content=\"summary_large_image\" \/>\n<meta name=\"twitter:label1\" content=\"Dur\u00e9e de lecture estim\u00e9e\" \/>\n\t<meta name=\"twitter:data1\" content=\"1 minute\" \/>\n<script type=\"application\/ld+json\" class=\"yoast-schema-graph\">{\"@context\":\"https:\\\/\\\/schema.org\",\"@graph\":[{\"@type\":\"WebPage\",\"@id\":\"https:\\\/\\\/www.pasflights.com\\\/fr\\\/operations-gouvernementales\\\/\",\"url\":\"https:\\\/\\\/www.pasflights.com\\\/fr\\\/operations-gouvernementales\\\/\",\"name\":\"Op\u00e9rations gouvernementales - Missions sp\u00e9ciales : PASflights\",\"isPartOf\":{\"@id\":\"https:\\\/\\\/www.pasflights.com\\\/fr\\\/#website\"},\"primaryImageOfPage\":{\"@id\":\"https:\\\/\\\/www.pasflights.com\\\/fr\\\/operations-gouvernementales\\\/#primaryimage\"},\"image\":{\"@id\":\"https:\\\/\\\/www.pasflights.com\\\/fr\\\/operations-gouvernementales\\\/#primaryimage\"},\"thumbnailUrl\":\"https:\\\/\\\/emtoqdv5thq.exactdn.com\\\/wp-content\\\/uploads\\\/2023\\\/08\\\/Pasflights-medizinische-Flugbegleitung-Header-scaled.jpg?strip=all\",\"datePublished\":\"2025-10-30T14:48:55+00:00\",\"dateModified\":\"2025-11-04T08:30:09+00:00\",\"description\":\"PASflights vous accompagne dans vos missions critiques : urgences humanitaires, \u00e9vacuations, fret sensible ou op\u00e9rations gouvernementales.\",\"breadcrumb\":{\"@id\":\"https:\\\/\\\/www.pasflights.com\\\/fr\\\/operations-gouvernementales\\\/#breadcrumb\"},\"inLanguage\":\"fr-FR\",\"potentialAction\":[{\"@type\":\"ReadAction\",\"target\":[\"https:\\\/\\\/www.pasflights.com\\\/fr\\\/operations-gouvernementales\\\/\"]}]},{\"@type\":\"ImageObject\",\"inLanguage\":\"fr-FR\",\"@id\":\"https:\\\/\\\/www.pasflights.com\\\/fr\\\/operations-gouvernementales\\\/#primaryimage\",\"url\":\"https:\\\/\\\/emtoqdv5thq.exactdn.com\\\/wp-content\\\/uploads\\\/2023\\\/08\\\/Pasflights-medizinische-Flugbegleitung-Header-scaled.jpg?strip=all\",\"contentUrl\":\"https:\\\/\\\/emtoqdv5thq.exactdn.com\\\/wp-content\\\/uploads\\\/2023\\\/08\\\/Pasflights-medizinische-Flugbegleitung-Header-scaled.jpg?strip=all\",\"width\":2560,\"height\":731,\"caption\":\"Ein Privatflugzeug fliegt \u00fcber dichte Wolken bei Sonnenaufgang, umgeben von klarem Himmel.\"},{\"@type\":\"BreadcrumbList\",\"@id\":\"https:\\\/\\\/www.pasflights.com\\\/fr\\\/operations-gouvernementales\\\/#breadcrumb\",\"itemListElement\":[{\"@type\":\"ListItem\",\"position\":1,\"name\":\"Startseite\",\"item\":\"https:\\\/\\\/www.pasflights.com\\\/fr\\\/\"},{\"@type\":\"ListItem\",\"position\":2,\"name\":\"Op\u00e9rations gouvernementales\"}]},{\"@type\":\"WebSite\",\"@id\":\"https:\\\/\\\/www.pasflights.com\\\/fr\\\/#website\",\"url\":\"https:\\\/\\\/www.pasflights.com\\\/fr\\\/\",\"name\":\"Pasflights\",\"description\":\"Eine weitere WordPress-Website\",\"potentialAction\":[{\"@type\":\"SearchAction\",\"target\":{\"@type\":\"EntryPoint\",\"urlTemplate\":\"https:\\\/\\\/www.pasflights.com\\\/fr\\\/?s={search_term_string}\"},\"query-input\":{\"@type\":\"PropertyValueSpecification\",\"valueRequired\":true,\"valueName\":\"search_term_string\"}}],\"inLanguage\":\"fr-FR\"}]}<\/script>\n<!-- \/ Yoast SEO plugin. -->","yoast_head_json":{"title":"Op\u00e9rations gouvernementales - Missions sp\u00e9ciales : PASflights","description":"PASflights vous accompagne dans vos missions critiques : urgences humanitaires, \u00e9vacuations, fret sensible ou op\u00e9rations gouvernementales.","robots":{"index":"index","follow":"follow","max-snippet":"max-snippet:-1","max-image-preview":"max-image-preview:large","max-video-preview":"max-video-preview:-1"},"canonical":"https:\/\/www.pasflights.com\/fr\/operations-gouvernementales\/","og_locale":"fr_FR","og_type":"article","og_title":"Op\u00e9rations gouvernementales - Missions sp\u00e9ciales : PASflights","og_description":"PASflights vous accompagne dans vos missions critiques : urgences humanitaires, \u00e9vacuations, fret sensible ou op\u00e9rations gouvernementales.","og_url":"https:\/\/www.pasflights.com\/fr\/operations-gouvernementales\/","og_site_name":"Pasflights","article_modified_time":"2025-11-04T08:30:09+00:00","og_image":[{"width":2560,"height":731,"url":"https:\/\/www.pasflights.com\/wp-content\/uploads\/2023\/08\/Pasflights-medizinische-Flugbegleitung-Header-scaled.jpg","type":"image\/jpeg"}],"twitter_card":"summary_large_image","twitter_misc":{"Dur\u00e9e de lecture estim\u00e9e":"1 minute"},"schema":{"@context":"https:\/\/schema.org","@graph":[{"@type":"WebPage","@id":"https:\/\/www.pasflights.com\/fr\/operations-gouvernementales\/","url":"https:\/\/www.pasflights.com\/fr\/operations-gouvernementales\/","name":"Op\u00e9rations gouvernementales - Missions sp\u00e9ciales : PASflights","isPartOf":{"@id":"https:\/\/www.pasflights.com\/fr\/#website"},"primaryImageOfPage":{"@id":"https:\/\/www.pasflights.com\/fr\/operations-gouvernementales\/#primaryimage"},"image":{"@id":"https:\/\/www.pasflights.com\/fr\/operations-gouvernementales\/#primaryimage"},"thumbnailUrl":"https:\/\/emtoqdv5thq.exactdn.com\/wp-content\/uploads\/2023\/08\/Pasflights-medizinische-Flugbegleitung-Header-scaled.jpg?strip=all","datePublished":"2025-10-30T14:48:55+00:00","dateModified":"2025-11-04T08:30:09+00:00","description":"PASflights vous accompagne dans vos missions critiques : urgences humanitaires, \u00e9vacuations, fret sensible ou op\u00e9rations gouvernementales.","breadcrumb":{"@id":"https:\/\/www.pasflights.com\/fr\/operations-gouvernementales\/#breadcrumb"},"inLanguage":"fr-FR","potentialAction":[{"@type":"ReadAction","target":["https:\/\/www.pasflights.com\/fr\/operations-gouvernementales\/"]}]},{"@type":"ImageObject","inLanguage":"fr-FR","@id":"https:\/\/www.pasflights.com\/fr\/operations-gouvernementales\/#primaryimage","url":"https:\/\/emtoqdv5thq.exactdn.com\/wp-content\/uploads\/2023\/08\/Pasflights-medizinische-Flugbegleitung-Header-scaled.jpg?strip=all","contentUrl":"https:\/\/emtoqdv5thq.exactdn.com\/wp-content\/uploads\/2023\/08\/Pasflights-medizinische-Flugbegleitung-Header-scaled.jpg?strip=all","width":2560,"height":731,"caption":"Ein Privatflugzeug fliegt \u00fcber dichte Wolken bei Sonnenaufgang, umgeben von klarem Himmel."},{"@type":"BreadcrumbList","@id":"https:\/\/www.pasflights.com\/fr\/operations-gouvernementales\/#breadcrumb","itemListElement":[{"@type":"ListItem","position":1,"name":"Startseite","item":"https:\/\/www.pasflights.com\/fr\/"},{"@type":"ListItem","position":2,"name":"Op\u00e9rations gouvernementales"}]},{"@type":"WebSite","@id":"https:\/\/www.pasflights.com\/fr\/#website","url":"https:\/\/www.pasflights.com\/fr\/","name":"Pasflights","description":"Eine weitere WordPress-Website","potentialAction":[{"@type":"SearchAction","target":{"@type":"EntryPoint","urlTemplate":"https:\/\/www.pasflights.com\/fr\/?s={search_term_string}"},"query-input":{"@type":"PropertyValueSpecification","valueRequired":true,"valueName":"search_term_string"}}],"inLanguage":"fr-FR"}]}},"_links":{"self":[{"href":"https:\/\/www.pasflights.com\/fr\/wp-json\/wp\/v2\/pages\/23409","targetHints":{"allow":["GET"]}}],"collection":[{"href":"https:\/\/www.pasflights.com\/fr\/wp-json\/wp\/v2\/pages"}],"about":[{"href":"https:\/\/www.pasflights.com\/fr\/wp-json\/wp\/v2\/types\/page"}],"author":[{"embeddable":true,"href":"https:\/\/www.pasflights.com\/fr\/wp-json\/wp\/v2\/users\/11"}],"replies":[{"embeddable":true,"href":"https:\/\/www.pasflights.com\/fr\/wp-json\/wp\/v2\/comments?post=23409"}],"version-history":[{"count":10,"href":"https:\/\/www.pasflights.com\/fr\/wp-json\/wp\/v2\/pages\/23409\/revisions"}],"predecessor-version":[{"id":23626,"href":"https:\/\/www.pasflights.com\/fr\/wp-json\/wp\/v2\/pages\/23409\/revisions\/23626"}],"wp:featuredmedia":[{"embeddable":true,"href":"https:\/\/www.pasflights.com\/fr\/wp-json\/wp\/v2\/media\/21241"}],"wp:attachment":[{"href":"https:\/\/www.pasflights.com\/fr\/wp-json\/wp\/v2\/media?parent=23409"}],"wp:term":[{"taxonomy":"category","embeddable":true,"href":"https:\/\/www.pasflights.com\/fr\/wp-json\/wp\/v2\/categories?post=23409"},{"taxonomy":"post_tag","embeddable":true,"href":"https:\/\/www.pasflights.com\/fr\/wp-json\/wp\/v2\/tags?post=23409"}],"curies":[{"name":"wp","href":"https:\/\/api.w.org\/{rel}","templated":true}]}}